{"id":95242,"date":"2019-04-17T02:35:05","date_gmt":"2019-04-16T19:35:05","guid":{"rendered":"https:\/\/advantage.vn\/air-freight\/"},"modified":"2022-08-17T11:39:52","modified_gmt":"2022-08-17T04:39:52","slug":"van-tai-hang-khong","status":"publish","type":"page","link":"https:\/\/advantage.vn\/vi\/van-tai-hang-khong\/","title":{"rendered":"V\u1eadn T\u1ea3i H\u00e0ng Kh\u00f4ng"},"content":{"rendered":"<p><span style=\"font-weight: 400;\">Nh\u1eefng \u0111\u01a1n v\u1ecb mua b\u00e1n h\u00e0ng h\u00f3a qu\u1ed1c t\u1ebf ng\u00e0y nay \u0111\u00f2i h\u1ecfi c\u00e1c d\u1ecbch v\u1ee5 ph\u00e2n ph\u1ed1i to\u00e0n c\u1ea7u ph\u1ea3i nhanh v\u00e0 hi\u1ec7u qu\u1ea3 nh\u1ea5t. \u0110\u1ed3ng th\u1eddi ph\u1ea3i \u0111\u00e1p \u1ee9ng c\u00e1c ti\u00eau chu\u1ea9n cao nh\u1ea5t v\u1ec1 ch\u1ea5t l\u01b0\u1ee3ng, an to\u00e0n v\u00e0 th\u1eddi gian th\u1ef1c hi\u1ec7n ng\u1eafn nh\u1ea5t c\u00f3 th\u1ec3.<\/span><\/p>\n<p><span style=\"font-weight: 400;\">D\u1ef1a tr\u00ean c\u00e1c k\u1ebft qu\u1ea3 v\u00e0 kinh nghi\u1ec7m \u0111\u00e3 c\u00f3, b\u1ed9 ph\u1eadn <a href=\"https:\/\/advantage.vn\/vi\/van-tai-hang-khong\/\"><strong>v\u1eadn t\u1ea3i h\u00e0ng kh\u00f4ng<\/strong><\/a> c\u1ee7a ch\u00fang t\u00f4i cam k\u1ebft l\u00e0 m\u1ed9t nh\u00e0 giao nh\u1eadn v\u1eadn t\u1ea3i h\u00e0ng kh\u00f4ng n\u0103ng l\u1ef1c t\u1ed1t. Ch\u00fang t\u00f4i s\u1eed d\u1ee5ng m\u1ea1ng l\u01b0\u1edbi \u0111\u1ea1i l\u00fd h\u00e0ng kh\u00f4ng \u0111\u1ec3 ph\u00e1t tri\u1ec3n v\u00e0 \u0111\u1ea3m b\u1ea3o th\u1ea5u hi\u1ec3u c\u00e1c nhu c\u1ea7u c\u1ee7a Qu\u00fd Kh\u00e1ch. \u0110\u1ed3ng th\u1eddi cung c\u1ea5p c\u00e1c gi\u1ea3i ph\u00e1p h\u1eadu c\u1ea7n s\u00e1ng t\u1ea1o gi\u00fap Kh\u00e1ch H\u00e0ng t\u1eadn d\u1ee5ng \u0111\u01b0\u1ee3c c\u00e1c c\u01a1 h\u1ed9i kinh doanh qu\u1ed1c t\u1ebf.<\/span><\/p>\n<p><span style=\"font-weight: 400;\"><img decoding=\"async\" loading=\"lazy\" class=\" wp-image-87984 aligncenter\" src=\"https:\/\/advantage.vn\/wp-content\/uploads\/2019\/06\/5-300x188.png\" alt=\"V\u1eadn T\u1ea3i H\u00e0ng Kh\u00f4ng\" width=\"603\" height=\"378\" srcset=\"https:\/\/advantage.vn\/wp-content\/uploads\/2019\/06\/5-300x188.png 300w, https:\/\/advantage.vn\/wp-content\/uploads\/2019\/06\/5-768x480.png 768w, https:\/\/advantage.vn\/wp-content\/uploads\/2019\/06\/5-600x375.png 600w, https:\/\/advantage.vn\/wp-content\/uploads\/2019\/06\/5.png 800w\" sizes=\"(max-width: 603px) 100vw, 603px\" \/><\/span><\/p>\n<p><span style=\"font-weight: 400;\">L\u00e0m vi\u1ec7c tr\u1ef1c ti\u1ebfp v\u1edbi nhi\u1ec1u h\u00e3ng h\u00e0ng kh\u00f4ng c\u00f3 th\u1ec3 khi\u1ebfn Qu\u00fd Kh\u00e1ch m\u1ea5t t\u1eadp trung v\u00e0o ho\u1ea1t \u0111\u1ed9ng kinh doanh c\u1ed1t l\u00f5i. \u0110\u1ec3 lu\u00f4n \u0111\u00e1p \u1ee9ng th\u1eddi h\u1ea1n v\u00e0 ch\u1ea5t l\u01b0\u1ee3ng v\u1eadn chuy\u1ec3n h\u00e0ng h\u00f3a, Qu\u00fd Kh\u00e1ch c\u1ea7n m\u1ed9t nh\u00e0 cung c\u1ea5p c\u00f3 th\u1ec3 k\u1ebft n\u1ed1i v\u1edbi \u0111a d\u1ea1ng c\u00e1c h\u00e3ng <strong>v\u1eadn t\u1ea3i h\u00e0ng kh\u00f4ng qu\u1ed1c t\u1ebf<\/strong> \u0111\u1ec3 \u0111\u00e1p \u1ee9ng \u0111a d\u1ea1ng tuy\u1ebfn v\u1eadn chuy\u1ec3n to\u00e0n c\u1ea7u. V\u1edbi nhi\u1ec1u n\u0103m kinh nghi\u1ec7m v\u00e0 c\u00e1c gi\u1ea3i ph\u00e1p c\u00f3 gi\u00e1 c\u1ea3 c\u1ea1nh tranh, Advantage Logistics cam k\u1ebft l\u00e0 \u0111\u01a1n v\u1ecb v\u1eadn chuy\u1ec3n h\u00e0ng kh\u00f4ng \u0111\u00e1ng tin c\u1eady c\u1ee7a b\u1ea1n.<\/span><\/p>\n<p><span style=\"font-weight: 400;\">+ D\u1ecbch v\u1ee5 \u0111a d\u1ea1ng<\/span><\/p>\n<p><span style=\"font-weight: 400;\">+ H\u1ec7 th\u1ed1ng nhi\u1ec1u h\u00e3ng t\u00e0u v\u00e0 nh\u00e0 cung c\u1ea5p<\/span><\/p>\n<p><span style=\"font-weight: 400;\">+ M\u1ea1ng l\u01b0\u1edbi \u0111\u1ea1i l\u00fd tr\u00ean to\u00e0n th\u1ebf gi\u1edbi<\/span><\/p>\n<p><span style=\"font-weight: 400;\">+ \u0110\u1ed9i ng\u0169 nh\u00e2n vi\u00ean gi\u00e0u kinh nghi\u1ec7m, chuy\u00ean nghi\u1ec7p, hi\u1ec7u qu\u1ea3<\/span><\/p>\n<p><em><strong>&gt;&gt;&gt;Xem th\u00eam c\u00e1c d\u1ecbch v\u1ee5 kh\u00e1c t\u1ea1i Advantage Logistics:<\/strong><\/em><\/p>\n<blockquote>\n<ul>\n<li><a href=\"https:\/\/advantage.vn\/vi\/van-tai-noi-dia\/\"><strong>D\u1ecbch V\u1ee5 V\u1eadn T\u1ea3i N\u1ed9i \u0110\u1ecba Uy T\u00edn Chuy\u00ean Nghi\u1ec7p TPHCM<\/strong><\/a><\/li>\n<li><a href=\"https:\/\/advantage.vn\/vi\/van-tai-duong-bien\/\"><strong>D\u1ecbch V\u1ee5 V\u1eadn T\u1ea3i \u0110\u01b0\u1eddng Bi\u1ec3n Gi\u00e1 R\u1ebb \u2013 Nhanh Ch\u00f3ng \u2013 Hi\u1ec7u Qu\u1ea3<\/strong><\/a><\/li>\n<li><a href=\"https:\/\/advantage.vn\/vi\/thu-tuc-hai-quan\/\"><strong>D\u1ecbch V\u1ee5 Th\u1ee7 T\u1ee5c H\u1ea3i Quan Tr\u1ecdn G\u00f3i T\u1eeb A \u2013 Z<\/strong><\/a><\/li>\n<\/ul>\n<\/blockquote>\n<p><strong>Th\u00f4ng tin li\u00ean h\u1ec7:<\/strong><\/p>\n<p><strong>\u0110\u1ecba ch\u1ec9: L\u1ea7u 2, 102ABC C\u1ed1ng Qu\u1ef3nh, Ph\u1ea1m Ng\u0169 L\u00e3o, Qu\u1eadn 1, Th\u00e0nh ph\u1ed1 H\u1ed3 Ch\u00ed Minh, Vi\u1ec7t Nam<\/strong><\/p>\n<p><strong>Hotline: (+84) 909054866<\/strong><\/p>\n<p><strong>Gmail:\u00a0<a class=\"text-is-email\" href=\"mailto:mail@advantage.vn\">mail@advantage.vn<\/a><\/strong><\/p>\n<p><strong>Website:\u00a0<a href=\"https:\/\/advantage.vn\/\">https:\/\/advantage.vn\/<\/a><\/strong><\/p>\n<p><strong>Ngu\u1ed3n: <a href=\"https:\/\/advantage.vn\/vi\/van-tai-hang-khong\/\">https:\/\/advantage.vn\/vi\/van-tai-hang-khong\/<\/a><\/strong><\/p>\n<p><strong>Tumblr: <a href=\"https:\/\/advantagelogistics.tumblr.com\/post\/185721166441\/dich-vu-van-tai-hang-khong-an-toan-uy-tin\">https:\/\/advantagelogistics.tumblr.com\/post\/185721166441\/dich-vu-van-tai-hang-khong-an-toan-uy-tin<\/a><\/strong><\/p>\n","protected":false},"excerpt":{"rendered":"<p>Nh\u1eefng \u0111\u01a1n v\u1ecb mua b\u00e1n h\u00e0ng h\u00f3a qu\u1ed1c t\u1ebf ng\u00e0y nay \u0111\u00f2i h\u1ecfi c\u00e1c d\u1ecbch v\u1ee5 ph\u00e2n ph\u1ed1i to\u00e0n c\u1ea7u [&hellip;]<\/p>\n","protected":false},"author":1,"featured_media":87984,"parent":0,"menu_order":0,"comment_status":"closed","ping_status":"closed","template":"","meta":{"footnotes":""},"acf":[],"yoast_head":"<!-- This site is optimized with the Yoast SEO plugin v21.1 - https:\/\/yoast.com\/wordpress\/plugins\/seo\/ -->\n<title>V\u1eadn T\u1ea3i H\u00e0ng Kh\u00f4ng | D\u1ecbch V\u1ee5 V\u1eadn Chuy\u1ec3n H\u00e0ng Qu\u1ed1c T\u1ebf An To\u00e0n Uy T\u00edn<\/title>\n<meta name=\"description\" content=\"V\u1edbi nhi\u1ec1u n\u0103m kinh nghi\u1ec7m v\u00e0 c\u00e1c gi\u1ea3i ph\u00e1p c\u00f3 gi\u00e1 c\u1ea3 c\u1ea1nh tranh, Advantage Logistics l\u00e0 \u0111\u01a1n v\u1ecb v\u1eadn t\u1ea3i h\u00e0ng kh\u00f4ng \u0111\u00e1ng tin c\u1eady c\u1ee7a b\u1ea1n.\" \/>\n<meta name=\"robots\" content=\"index, follow, max-snippet:-1, max-image-preview:large, max-video-preview:-1\" \/>\n<link rel=\"canonical\" href=\"https:\/\/advantage.vn\/vi\/van-tai-hang-khong\/\" \/>\n<meta property=\"og:locale\" content=\"vi_VN\" \/>\n<meta property=\"og:type\" content=\"article\" \/>\n<meta property=\"og:title\" content=\"V\u1eadn T\u1ea3i H\u00e0ng Kh\u00f4ng | D\u1ecbch V\u1ee5 V\u1eadn Chuy\u1ec3n H\u00e0ng Qu\u1ed1c T\u1ebf An To\u00e0n Uy T\u00edn\" \/>\n<meta property=\"og:description\" content=\"V\u1edbi nhi\u1ec1u n\u0103m kinh nghi\u1ec7m v\u00e0 c\u00e1c gi\u1ea3i ph\u00e1p c\u00f3 gi\u00e1 c\u1ea3 c\u1ea1nh tranh, Advantage Logistics l\u00e0 \u0111\u01a1n v\u1ecb v\u1eadn t\u1ea3i h\u00e0ng kh\u00f4ng \u0111\u00e1ng tin c\u1eady c\u1ee7a b\u1ea1n.\" \/>\n<meta property=\"og:url\" content=\"https:\/\/advantage.vn\/vi\/van-tai-hang-khong\/\" \/>\n<meta property=\"og:site_name\" content=\"Advantage Logistics\" \/>\n<meta property=\"article:publisher\" content=\"https:\/\/www.facebook.com\/advantage.logistic\" \/>\n<meta property=\"article:modified_time\" content=\"2022-08-17T04:39:52+00:00\" \/>\n<meta property=\"og:image\" content=\"https:\/\/advantage.vn\/wp-content\/uploads\/2019\/06\/5.png\" \/>\n\t<meta property=\"og:image:width\" content=\"800\" \/>\n\t<meta property=\"og:image:height\" content=\"500\" \/>\n\t<meta property=\"og:image:type\" content=\"image\/png\" \/>\n<meta name=\"twitter:card\" content=\"summary_large_image\" \/>\n<meta name=\"twitter:label1\" content=\"Est. reading time\" \/>\n\t<meta name=\"twitter:data1\" content=\"3 minutes\" \/>\n<script type=\"application\/ld+json\" class=\"yoast-schema-graph\">{\"@context\":\"https:\/\/schema.org\",\"@graph\":[{\"@type\":\"WebPage\",\"@id\":\"https:\/\/advantage.vn\/vi\/van-tai-hang-khong\/\",\"url\":\"https:\/\/advantage.vn\/vi\/van-tai-hang-khong\/\",\"name\":\"V\u1eadn T\u1ea3i H\u00e0ng Kh\u00f4ng | D\u1ecbch V\u1ee5 V\u1eadn Chuy\u1ec3n H\u00e0ng Qu\u1ed1c T\u1ebf An To\u00e0n Uy T\u00edn\",\"isPartOf\":{\"@id\":\"https:\/\/advantage.vn\/vi\/#website\"},\"datePublished\":\"2019-04-16T19:35:05+00:00\",\"dateModified\":\"2022-08-17T04:39:52+00:00\",\"description\":\"V\u1edbi nhi\u1ec1u n\u0103m kinh nghi\u1ec7m v\u00e0 c\u00e1c gi\u1ea3i ph\u00e1p c\u00f3 gi\u00e1 c\u1ea3 c\u1ea1nh tranh, Advantage Logistics l\u00e0 \u0111\u01a1n v\u1ecb v\u1eadn t\u1ea3i h\u00e0ng kh\u00f4ng \u0111\u00e1ng tin c\u1eady c\u1ee7a b\u1ea1n.\",\"breadcrumb\":{\"@id\":\"https:\/\/advantage.vn\/vi\/van-tai-hang-khong\/#breadcrumb\"},\"inLanguage\":\"vi-VN\",\"potentialAction\":[{\"@type\":\"ReadAction\",\"target\":[\"https:\/\/advantage.vn\/vi\/van-tai-hang-khong\/\"]}]},{\"@type\":\"BreadcrumbList\",\"@id\":\"https:\/\/advantage.vn\/vi\/van-tai-hang-khong\/#breadcrumb\",\"itemListElement\":[{\"@type\":\"ListItem\",\"position\":1,\"name\":\"Trang ch\u1ee7\",\"item\":\"https:\/\/advantage.vn\/vi\/home-01\/\"},{\"@type\":\"ListItem\",\"position\":2,\"name\":\"V\u1eadn T\u1ea3i H\u00e0ng Kh\u00f4ng\"}]},{\"@type\":\"WebSite\",\"@id\":\"https:\/\/advantage.vn\/vi\/#website\",\"url\":\"https:\/\/advantage.vn\/vi\/\",\"name\":\"Advantage Logistics\",\"description\":\"[:vi]V\u1eadn t\u1ea3i, giao nh\u1eadn h\u00e0ng h\u00f3a...[:en]A leading NVOCC and logistics services provider in VN.[:]\",\"publisher\":{\"@id\":\"https:\/\/advantage.vn\/vi\/#organization\"},\"potentialAction\":[{\"@type\":\"SearchAction\",\"target\":{\"@type\":\"EntryPoint\",\"urlTemplate\":\"https:\/\/advantage.vn\/vi\/?s={search_term_string}\"},\"query-input\":\"required name=search_term_string\"}],\"inLanguage\":\"vi-VN\"},{\"@type\":\"Organization\",\"@id\":\"https:\/\/advantage.vn\/vi\/#organization\",\"name\":\"Advantage Logistics\",\"url\":\"https:\/\/advantage.vn\/vi\/\",\"logo\":{\"@type\":\"ImageObject\",\"inLanguage\":\"vi-VN\",\"@id\":\"https:\/\/advantage.vn\/vi\/#\/schema\/logo\/image\/\",\"url\":\"https:\/\/advantage.vn\/wp-content\/uploads\/2023\/09\/Untitled-1.jpg\",\"contentUrl\":\"https:\/\/advantage.vn\/wp-content\/uploads\/2023\/09\/Untitled-1.jpg\",\"width\":768,\"height\":404,\"caption\":\"Advantage Logistics\"},\"image\":{\"@id\":\"https:\/\/advantage.vn\/vi\/#\/schema\/logo\/image\/\"},\"sameAs\":[\"https:\/\/www.facebook.com\/advantage.logistic\",\"https:\/\/www.linkedin.com\/feed\/\",\"https:\/\/www.pinterest.com\/AdvantageLogistics\/\"]}]}<\/script>\n<!-- \/ Yoast SEO plugin. -->","yoast_head_json":{"title":"V\u1eadn T\u1ea3i H\u00e0ng Kh\u00f4ng | D\u1ecbch V\u1ee5 V\u1eadn Chuy\u1ec3n H\u00e0ng Qu\u1ed1c T\u1ebf An To\u00e0n Uy T\u00edn","description":"V\u1edbi nhi\u1ec1u n\u0103m kinh nghi\u1ec7m v\u00e0 c\u00e1c gi\u1ea3i ph\u00e1p c\u00f3 gi\u00e1 c\u1ea3 c\u1ea1nh tranh, Advantage Logistics l\u00e0 \u0111\u01a1n v\u1ecb v\u1eadn t\u1ea3i h\u00e0ng kh\u00f4ng \u0111\u00e1ng tin c\u1eady c\u1ee7a b\u1ea1n.","robots":{"index":"index","follow":"follow","max-snippet":"max-snippet:-1","max-image-preview":"max-image-preview:large","max-video-preview":"max-video-preview:-1"},"canonical":"https:\/\/advantage.vn\/vi\/van-tai-hang-khong\/","og_locale":"vi_VN","og_type":"article","og_title":"V\u1eadn T\u1ea3i H\u00e0ng Kh\u00f4ng | D\u1ecbch V\u1ee5 V\u1eadn Chuy\u1ec3n H\u00e0ng Qu\u1ed1c T\u1ebf An To\u00e0n Uy T\u00edn","og_description":"V\u1edbi nhi\u1ec1u n\u0103m kinh nghi\u1ec7m v\u00e0 c\u00e1c gi\u1ea3i ph\u00e1p c\u00f3 gi\u00e1 c\u1ea3 c\u1ea1nh tranh, Advantage Logistics l\u00e0 \u0111\u01a1n v\u1ecb v\u1eadn t\u1ea3i h\u00e0ng kh\u00f4ng \u0111\u00e1ng tin c\u1eady c\u1ee7a b\u1ea1n.","og_url":"https:\/\/advantage.vn\/vi\/van-tai-hang-khong\/","og_site_name":"Advantage Logistics","article_publisher":"https:\/\/www.facebook.com\/advantage.logistic","article_modified_time":"2022-08-17T04:39:52+00:00","og_image":[{"width":800,"height":500,"url":"https:\/\/advantage.vn\/wp-content\/uploads\/2019\/06\/5.png","type":"image\/png"}],"twitter_card":"summary_large_image","twitter_misc":{"Est. reading time":"3 minutes"},"schema":{"@context":"https:\/\/schema.org","@graph":[{"@type":"WebPage","@id":"https:\/\/advantage.vn\/vi\/van-tai-hang-khong\/","url":"https:\/\/advantage.vn\/vi\/van-tai-hang-khong\/","name":"V\u1eadn T\u1ea3i H\u00e0ng Kh\u00f4ng | D\u1ecbch V\u1ee5 V\u1eadn Chuy\u1ec3n H\u00e0ng Qu\u1ed1c T\u1ebf An To\u00e0n Uy T\u00edn","isPartOf":{"@id":"https:\/\/advantage.vn\/vi\/#website"},"datePublished":"2019-04-16T19:35:05+00:00","dateModified":"2022-08-17T04:39:52+00:00","description":"V\u1edbi nhi\u1ec1u n\u0103m kinh nghi\u1ec7m v\u00e0 c\u00e1c gi\u1ea3i ph\u00e1p c\u00f3 gi\u00e1 c\u1ea3 c\u1ea1nh tranh, Advantage Logistics l\u00e0 \u0111\u01a1n v\u1ecb v\u1eadn t\u1ea3i h\u00e0ng kh\u00f4ng \u0111\u00e1ng tin c\u1eady c\u1ee7a b\u1ea1n.","breadcrumb":{"@id":"https:\/\/advantage.vn\/vi\/van-tai-hang-khong\/#breadcrumb"},"inLanguage":"vi-VN","potentialAction":[{"@type":"ReadAction","target":["https:\/\/advantage.vn\/vi\/van-tai-hang-khong\/"]}]},{"@type":"BreadcrumbList","@id":"https:\/\/advantage.vn\/vi\/van-tai-hang-khong\/#breadcrumb","itemListElement":[{"@type":"ListItem","position":1,"name":"Trang ch\u1ee7","item":"https:\/\/advantage.vn\/vi\/home-01\/"},{"@type":"ListItem","position":2,"name":"V\u1eadn T\u1ea3i H\u00e0ng Kh\u00f4ng"}]},{"@type":"WebSite","@id":"https:\/\/advantage.vn\/vi\/#website","url":"https:\/\/advantage.vn\/vi\/","name":"Advantage Logistics","description":"[:vi]V\u1eadn t\u1ea3i, giao nh\u1eadn h\u00e0ng h\u00f3a...[:en]A leading NVOCC and logistics services provider in VN.[:]","publisher":{"@id":"https:\/\/advantage.vn\/vi\/#organization"},"potentialAction":[{"@type":"SearchAction","target":{"@type":"EntryPoint","urlTemplate":"https:\/\/advantage.vn\/vi\/?s={search_term_string}"},"query-input":"required name=search_term_string"}],"inLanguage":"vi-VN"},{"@type":"Organization","@id":"https:\/\/advantage.vn\/vi\/#organization","name":"Advantage Logistics","url":"https:\/\/advantage.vn\/vi\/","logo":{"@type":"ImageObject","inLanguage":"vi-VN","@id":"https:\/\/advantage.vn\/vi\/#\/schema\/logo\/image\/","url":"https:\/\/advantage.vn\/wp-content\/uploads\/2023\/09\/Untitled-1.jpg","contentUrl":"https:\/\/advantage.vn\/wp-content\/uploads\/2023\/09\/Untitled-1.jpg","width":768,"height":404,"caption":"Advantage Logistics"},"image":{"@id":"https:\/\/advantage.vn\/vi\/#\/schema\/logo\/image\/"},"sameAs":["https:\/\/www.facebook.com\/advantage.logistic","https:\/\/www.linkedin.com\/feed\/","https:\/\/www.pinterest.com\/AdvantageLogistics\/"]}]}},"_links":{"self":[{"href":"https:\/\/advantage.vn\/vi\/wp-json\/wp\/v2\/pages\/95242"}],"collection":[{"href":"https:\/\/advantage.vn\/vi\/wp-json\/wp\/v2\/pages"}],"about":[{"href":"https:\/\/advantage.vn\/vi\/wp-json\/wp\/v2\/types\/page"}],"author":[{"embeddable":true,"href":"https:\/\/advantage.vn\/vi\/wp-json\/wp\/v2\/users\/1"}],"replies":[{"embeddable":true,"href":"https:\/\/advantage.vn\/vi\/wp-json\/wp\/v2\/comments?post=95242"}],"version-history":[{"count":0,"href":"https:\/\/advantage.vn\/vi\/wp-json\/wp\/v2\/pages\/95242\/revisions"}],"wp:featuredmedia":[{"embeddable":true,"href":"https:\/\/advantage.vn\/vi\/wp-json\/wp\/v2\/media\/87984"}],"wp:attachment":[{"href":"https:\/\/advantage.vn\/vi\/wp-json\/wp\/v2\/media?parent=95242"}],"curies":[{"name":"wp","href":"https:\/\/api.w.org\/{rel}","templated":true}]}}