{"id":95237,"date":"2019-04-17T02:34:42","date_gmt":"2019-04-16T19:34:42","guid":{"rendered":"https:\/\/advantage.vn\/sea-freight\/"},"modified":"2022-08-17T11:37:27","modified_gmt":"2022-08-17T04:37:27","slug":"van-tai-duong-bien","status":"publish","type":"page","link":"https:\/\/advantage.vn\/vi\/van-tai-duong-bien\/","title":{"rendered":"V\u1eadn T\u1ea3i \u0110\u01b0\u1eddng Bi\u1ec3n"},"content":{"rendered":"<p><span style=\"font-weight: 400;\">V\u1edbi \u0111\u1ed9i ng\u0169 nh\u00e2n s\u1ef1 \u0111\u1ea1t 20 n\u0103m kinh nghi\u1ec7m, Advantage Logistics cung c\u1ea5p \u0111\u1ea7y \u0111\u1ee7 c\u00e1c d\u1ecbch v\u1ee5 <a href=\"https:\/\/advantage.vn\/vi\/van-tai-duong-bien\/\"><strong>v\u1eadn t\u1ea3i \u0111\u01b0\u1eddng bi\u1ec3n<\/strong><\/a> bao g\u1ed3m d\u1ecbch v\u1ee5 v\u1eadn t\u1ea3i h\u00e0ng l\u1ebb (LCL), v\u1eadn t\u1ea3i full container (FCL), v\u1eadn t\u1ea3i h\u00e0ng qu\u00e1 kh\u1ed5 qu\u00e1 t\u1ea3i (OOG &#8211; Out of Gauge Cargo), v\u1eadn t\u1ea3i h\u00e0ng d\u1ef1 \u00e1n (Project Cargo), v\u1eadn t\u1ea3i h\u00e0ng r\u1eddi (Break-bulk Cargo)&#8230; <\/span><\/p>\n<p>Ch\u00fang t\u00f4i lu\u00f4n h\u1ed7 tr\u1ee3 Qu\u00fd Kh\u00e1ch H\u00e0ng \u0111\u1ec3 t\u00ecm ra ph\u01b0\u01a1ng \u00e1n v\u00e0 l\u1ecbch t\u00e0u l\u00fd t\u01b0\u1edfng cho vi\u1ec7c v\u1eadn chuy\u1ec3n h\u00e0ng h\u00f3a b\u1eb1ng c\u00e1ch cung c\u1ea5p nhi\u1ec1u l\u1ef1a ch\u1ecdn v\u00e0 gi\u00fap x\u00e1c \u0111\u1ecbnh \u0111\u01b0\u1ee3c l\u1ecbch tr\u00ecnh, gi\u1ea3i ph\u00e1p ph\u00f9 h\u1ee3p nh\u1ea5t v\u1edbi k\u1ebf ho\u1ea1ch xu\u1ea5t nh\u1eadp kh\u1ea9u c\u1ee7a Qu\u00fd Kh\u00e1ch.<\/p>\n<p><span style=\"font-weight: 400;\">S\u1edf h\u1eefu m\u1ed1i quan h\u1ec7 t\u1ed1t v\u1edbi h\u01a1n 30 h\u00e3ng t\u00e0u v\u00e0 c\u00e1c nh\u00e0 cung c\u1ea5p <strong>v\u1eadn t\u1ea3i \u0111\u01b0\u1eddng bi\u1ec3n qu\u1ed1c t\u1ebf<\/strong>, ch\u00fang t\u00f4i am hi\u1ec3u s\u1ef1 v\u1eadn h\u00e0nh c\u1ee7a c\u00e1c \u0111\u1ed1i t\u00e1c m\u00ecnh v\u00e0 t\u1eadn d\u1ee5ng c\u00e1c m\u1ed1i quan h\u1ec7 v\u1edbi h\u1ecd \u0111\u1ec3 cung c\u1ea5p cho Qu\u00fd Kh\u00e1ch c\u00e1c t\u00f9y ch\u1ecdn linh ho\u1ea1t nh\u1ea5t trong ng\u00e0nh. Ch\u00fang t\u00f4i s\u1ebd gi\u00fap Qu\u00fd Kh\u00e1ch t\u00ecm, l\u1ef1a ch\u1ecdn v\u00e0 th\u1ef1c hi\u1ec7n gi\u1ea3i ph\u00e1p t\u1ed1i \u01b0u v\u1edbi chi ph\u00ed t\u1ed1t nh\u1ea5t !<\/span><\/p>\n<p><span style=\"font-weight: 400;\"><img decoding=\"async\" loading=\"lazy\" class=\" wp-image-87983 aligncenter\" src=\"https:\/\/advantage.vn\/wp-content\/uploads\/2019\/06\/4-300x188.png\" alt=\"V\u1eadn T\u1ea3i \u0110\u01b0\u1eddng Bi\u1ec3n\" width=\"600\" height=\"376\" srcset=\"https:\/\/advantage.vn\/wp-content\/uploads\/2019\/06\/4-300x188.png 300w, https:\/\/advantage.vn\/wp-content\/uploads\/2019\/06\/4-768x480.png 768w, https:\/\/advantage.vn\/wp-content\/uploads\/2019\/06\/4-600x375.png 600w, https:\/\/advantage.vn\/wp-content\/uploads\/2019\/06\/4.png 800w\" sizes=\"(max-width: 600px) 100vw, 600px\" \/><\/span><\/p>\n<p>H\u01a1n n\u1eefa, v\u1edbi m\u1ea1ng l\u01b0\u1edbi \u0111\u1ea1i l\u00fd r\u1ed9ng kh\u1eafp th\u1ebf gi\u1edbi, Advantage s\u1ebd h\u1ed7 tr\u1ee3 t\u1ed1t cho kh\u00e1ch h\u00e0ng v\u1ec1 th\u00f4ng tin th\u1ecb tr\u01b0\u1eddng, t\u1eadp qu\u00e1n v\u1eadn t\u1ea3i \u1edf c\u00e1c n\u01b0\u1edbc; v\u1eadn chuy\u1ec3n h\u00e0ng Xu\u1ea5t &#8211; Nh\u1eadp v\u1edbi \u0111a d\u1ea1ng c\u00e1c ph\u01b0\u01a1ng th\u1ee9c EXW, CPT, FOB, DAP, DDP\u2026 \u1edf h\u1ea7u h\u1ebft c\u00e1c qu\u1ed1c gia tr\u00ean th\u1ebf gi\u1edbi; x\u1eed l\u00fd h\u00e0ng h\u00f3a c\u1ee7a Qu\u00fd Kh\u00e1ch \u1edf Vi\u1ec7t Nam v\u00e0 Oversea.<\/p>\n<p><span style=\"font-weight: 400;\">V\u1edbi quan \u0111i\u1ec3m con ng\u01b0\u1eddi l\u00e0 c\u1ed1t l\u00f5i mang l\u1ea1i gi\u00e1 tr\u1ecb d\u1ecbch v\u1ee5, \u0111\u1ed9i ng\u0169 ch\u00fang t\u00f4i:<\/span><\/p>\n<ul>\n<li><span style=\"font-weight: 400;\">Lu\u00f4n s\u1eb5n s\u00e0ng ti\u1ebfp nh\u1eadn th\u00f4ng tin &#8211; Ph\u1ea3n h\u1ed3i nhanh ch\u00f3ng;<\/span><\/li>\n<li><span style=\"font-weight: 400;\">Am t\u01b0\u1eddng ki\u1ebfn th\u1ee9c, thu\u1ea7n th\u1ee5c k\u0129 n\u0103ng \u0111\u1ec3 h\u1ed7 tr\u1ee3 v\u00e0 gi\u1ea3i quy\u1ebft v\u1ea5n \u0111\u1ec1 cho qu\u00fd kh\u00e1ch m\u1ed9t c\u00e1ch t\u1ed1i \u01b0u;<\/span><\/li>\n<li><span style=\"font-weight: 400;\">Uy t\u00edn &#8211; Ch\u00e2n th\u00e0nh &#8211; Tr\u00e1ch nhi\u1ec7m &#8211; Trung th\u1ef1c &#8211; Hi\u1ec7u qu\u1ea3.<\/span><\/li>\n<\/ul>\n<p>V\u00ec v\u1eady, \u0111\u1ebfn v\u1edbi d\u1ecbch v\u1ee5 v\u1eadn t\u1ea3i bi\u1ec3n c\u1ee7a Advantage Logistics, Qu\u00fd Kh\u00e1ch c\u00f3 th\u1ec3 ti\u1ebfp c\u1eadn \u0111\u01b0\u1ee3c \u0111\u1ed9i ng\u0169 \u00a0nh\u00e2n vi\u00ean gi\u00e0u kinh nghi\u1ec7m v\u1edbi ki\u1ebfn th\u1ee9c, k\u0129 n\u0103ng t\u1ed1t v\u00e0 th\u00e1i \u0111\u1ed9 ph\u1ee5c v\u1ee5 chuy\u00ean nghi\u1ec7p. Th\u00f4ng tin t\u1eeb Qu\u00fd Kh\u00e1ch lu\u00f4n \u0111\u01b0\u1ee3c Advantage s\u1eb5n s\u00e0ng ti\u1ebfp nh\u1eadn, x\u1eed l\u00fd v\u00e0 ph\u1ea3n h\u1ed3i \u0111\u1ea7y \u0111\u1ee7, k\u1ecbp th\u1eddi; c\u00f9ng v\u1edbi l\u1ecbch tr\u00ecnh \u0111i thuy\u1ec1n linh ho\u1ea1t, t\u00f9y ch\u1ecdn th\u1eddi gian v\u1eadn chuy\u1ec3n, m\u1ee9c gi\u00e1 c\u1ea1nh tranh v\u00e0 kh\u1ea3 n\u0103ng x\u1eed l\u00fd v\u1ea5n \u0111\u1ec1 hi\u1ec7u qu\u1ea3 nh\u1ea5t.<\/p>\n<ul>\n<li><span style=\"font-weight: 400;\">D\u1ecbch v\u1ee5 \u0111a d\u1ea1ng<\/span><\/li>\n<li><span style=\"font-weight: 400;\">H\u1ec7 th\u1ed1ng h\u00e3ng t\u00e0u v\u00e0 nh\u00e0 cung c\u1ea5p<\/span><\/li>\n<li><span style=\"font-weight: 400;\">M\u1ea1ng l\u01b0\u1edbi \u0111\u1ea1i l\u00fd tr\u00ean to\u00e0n th\u1ebf gi\u1edbi<\/span><\/li>\n<li><span style=\"font-weight: 400;\">\u0110\u1ed9i ng\u0169 nh\u00e2n vi\u00ean gi\u00e0u kinh nghi\u1ec7m, chuy\u00ean nghi\u1ec7p, hi\u1ec7u qu\u1ea3<\/span><\/li>\n<\/ul>\n<p><em><strong>&gt;&gt;&gt;Xem th\u00eam c\u00e1c d\u1ecbch v\u1ee5 n\u1ed5i b\u1eadt t\u1ea1i Advangtage:<\/strong><\/em><\/p>\n<blockquote>\n<ul>\n<li><a href=\"https:\/\/advantage.vn\/vi\/van-tai-noi-dia\/\"><strong>D\u1ecbch V\u1ee5 V\u1eadn T\u1ea3i N\u1ed9i \u0110\u1ecba Uy T\u00edn Chuy\u00ean Nghi\u1ec7p TPHCM<\/strong><\/a><\/li>\n<li><a href=\"https:\/\/advantage.vn\/vi\/thu-tuc-hai-quan\/\"><strong>D\u1ecbch V\u1ee5 Th\u1ee7 T\u1ee5c H\u1ea3i Quan Tr\u1ecdn G\u00f3i T\u1eeb A \u2013 Z<\/strong><\/a><\/li>\n<li><a href=\"https:\/\/advantage.vn\/vi\/van-tai-hang-khong\/\"><strong>V\u1eadn T\u1ea3i H\u00e0ng Kh\u00f4ng | D\u1ecbch V\u1ee5 V\u1eadn Chuy\u1ec3n H\u00e0ng Qu\u1ed1c T\u1ebf An To\u00e0n Uy T\u00edn<\/strong><\/a><\/li>\n<\/ul>\n<\/blockquote>\n<p><strong>Th\u00f4ng tin li\u00ean h\u1ec7:<\/strong><\/p>\n<p><strong>\u0110\u1ecba ch\u1ec9: L\u1ea7u 2, 102ABC C\u1ed1ng Qu\u1ef3nh, Ph\u1ea1m Ng\u0169 L\u00e3o, Qu\u1eadn 1, Th\u00e0nh ph\u1ed1 H\u1ed3 Ch\u00ed Minh, Vi\u1ec7t Nam<\/strong><\/p>\n<p><strong>Hotline: (+84) 909054866<\/strong><\/p>\n<p><strong>Gmail:\u00a0<a class=\"text-is-email\" href=\"mailto:mail@advantage.vn\">mail@advantage.vn<\/a><\/strong><\/p>\n<p><strong>Website:\u00a0<span style=\"color: #0000ff;\"><a style=\"color: #0000ff;\" href=\"https:\/\/advantage.vn\/\">https:\/\/advantage.vn\/<\/a><\/span><\/strong><\/p>\n<p><strong>Ngu\u1ed3n: <span style=\"color: #0000ff;\"><a style=\"color: #0000ff;\" href=\"https:\/\/advantage.vn\/vi\/van-tai-duong-bien\/\">https:\/\/advantage.vn\/vi\/van-tai-duong-bien\/<\/a><\/span><\/strong><\/p>\n<p><strong>Tumblr: <a href=\"https:\/\/advantagelogistics.tumblr.com\/post\/185717901536\/dich-vu-van-tai-duong-bien-gia-re-nhanh-chong-hieu\">https:\/\/advantagelogistics.tumblr.com\/post\/185717901536\/dich-vu-van-tai-duong-bien-gia-re-nhanh-chong-hieu-qua<\/a><\/strong><\/p>\n","protected":false},"excerpt":{"rendered":"<p>V\u1edbi \u0111\u1ed9i ng\u0169 nh\u00e2n s\u1ef1 \u0111\u1ea1t 20 n\u0103m kinh nghi\u1ec7m, Advantage Logistics cung c\u1ea5p \u0111\u1ea7y \u0111\u1ee7 c\u00e1c d\u1ecbch v\u1ee5 v\u1eadn [&hellip;]<\/p>\n","protected":false},"author":1,"featured_media":87983,"parent":0,"menu_order":0,"comment_status":"closed","ping_status":"closed","template":"","meta":{"footnotes":""},"acf":[],"yoast_head":"<!-- This site is optimized with the Yoast SEO plugin v21.1 - https:\/\/yoast.com\/wordpress\/plugins\/seo\/ -->\n<title>D\u1ecbch V\u1ee5 V\u1eadn T\u1ea3i \u0110\u01b0\u1eddng Bi\u1ec3n Gi\u00e1 R\u1ebb \u2013 Nhanh Ch\u00f3ng \u2013 Hi\u1ec7u Qu\u1ea3<\/title>\n<meta name=\"description\" content=\"Advantage Logistics cung c\u1ea5p c\u00e1c d\u1ecbch v\u1ee5 v\u1eadn t\u1ea3i \u0111\u01b0\u1eddng bi\u1ec3n, h\u1ed7 tr\u1ee3 t\u00ecm ra ph\u01b0\u01a1ng \u00e1n v\u00e0 l\u1ecbch t\u00e0u l\u00fd t\u01b0\u1edfng cho vi\u1ec7c v\u1eadn chuy\u1ec3n h\u00e0ng h\u00f3a ph\u00f9 h\u1ee3p.\" \/>\n<meta name=\"robots\" content=\"index, follow, max-snippet:-1, max-image-preview:large, max-video-preview:-1\" \/>\n<link rel=\"canonical\" href=\"https:\/\/advantage.vn\/vi\/van-tai-duong-bien\/\" \/>\n<meta property=\"og:locale\" content=\"vi_VN\" \/>\n<meta property=\"og:type\" content=\"article\" \/>\n<meta property=\"og:title\" content=\"D\u1ecbch V\u1ee5 V\u1eadn T\u1ea3i \u0110\u01b0\u1eddng Bi\u1ec3n Gi\u00e1 R\u1ebb \u2013 Nhanh Ch\u00f3ng \u2013 Hi\u1ec7u Qu\u1ea3\" \/>\n<meta property=\"og:description\" content=\"Advantage Logistics cung c\u1ea5p c\u00e1c d\u1ecbch v\u1ee5 v\u1eadn t\u1ea3i \u0111\u01b0\u1eddng bi\u1ec3n, h\u1ed7 tr\u1ee3 t\u00ecm ra ph\u01b0\u01a1ng \u00e1n v\u00e0 l\u1ecbch t\u00e0u l\u00fd t\u01b0\u1edfng cho vi\u1ec7c v\u1eadn chuy\u1ec3n h\u00e0ng h\u00f3a ph\u00f9 h\u1ee3p.\" \/>\n<meta property=\"og:url\" content=\"https:\/\/advantage.vn\/vi\/van-tai-duong-bien\/\" \/>\n<meta property=\"og:site_name\" content=\"Advantage Logistics\" \/>\n<meta property=\"article:publisher\" content=\"https:\/\/www.facebook.com\/advantage.logistic\" \/>\n<meta property=\"article:modified_time\" content=\"2022-08-17T04:37:27+00:00\" \/>\n<meta property=\"og:image\" content=\"https:\/\/advantage.vn\/wp-content\/uploads\/2019\/06\/4.png\" \/>\n\t<meta property=\"og:image:width\" content=\"800\" \/>\n\t<meta property=\"og:image:height\" content=\"500\" \/>\n\t<meta property=\"og:image:type\" content=\"image\/png\" \/>\n<meta name=\"twitter:card\" content=\"summary_large_image\" \/>\n<meta name=\"twitter:label1\" content=\"Est. reading time\" \/>\n\t<meta name=\"twitter:data1\" content=\"4 minutes\" \/>\n<script type=\"application\/ld+json\" class=\"yoast-schema-graph\">{\"@context\":\"https:\/\/schema.org\",\"@graph\":[{\"@type\":\"WebPage\",\"@id\":\"https:\/\/advantage.vn\/vi\/van-tai-duong-bien\/\",\"url\":\"https:\/\/advantage.vn\/vi\/van-tai-duong-bien\/\",\"name\":\"D\u1ecbch V\u1ee5 V\u1eadn T\u1ea3i \u0110\u01b0\u1eddng Bi\u1ec3n Gi\u00e1 R\u1ebb \u2013 Nhanh Ch\u00f3ng \u2013 Hi\u1ec7u Qu\u1ea3\",\"isPartOf\":{\"@id\":\"https:\/\/advantage.vn\/vi\/#website\"},\"datePublished\":\"2019-04-16T19:34:42+00:00\",\"dateModified\":\"2022-08-17T04:37:27+00:00\",\"description\":\"Advantage Logistics cung c\u1ea5p c\u00e1c d\u1ecbch v\u1ee5 v\u1eadn t\u1ea3i \u0111\u01b0\u1eddng bi\u1ec3n, h\u1ed7 tr\u1ee3 t\u00ecm ra ph\u01b0\u01a1ng \u00e1n v\u00e0 l\u1ecbch t\u00e0u l\u00fd t\u01b0\u1edfng cho vi\u1ec7c v\u1eadn chuy\u1ec3n h\u00e0ng h\u00f3a ph\u00f9 h\u1ee3p.\",\"breadcrumb\":{\"@id\":\"https:\/\/advantage.vn\/vi\/van-tai-duong-bien\/#breadcrumb\"},\"inLanguage\":\"vi-VN\",\"potentialAction\":[{\"@type\":\"ReadAction\",\"target\":[\"https:\/\/advantage.vn\/vi\/van-tai-duong-bien\/\"]}]},{\"@type\":\"BreadcrumbList\",\"@id\":\"https:\/\/advantage.vn\/vi\/van-tai-duong-bien\/#breadcrumb\",\"itemListElement\":[{\"@type\":\"ListItem\",\"position\":1,\"name\":\"Trang ch\u1ee7\",\"item\":\"https:\/\/advantage.vn\/vi\/home-01\/\"},{\"@type\":\"ListItem\",\"position\":2,\"name\":\"V\u1eadn T\u1ea3i \u0110\u01b0\u1eddng Bi\u1ec3n\"}]},{\"@type\":\"WebSite\",\"@id\":\"https:\/\/advantage.vn\/vi\/#website\",\"url\":\"https:\/\/advantage.vn\/vi\/\",\"name\":\"Advantage Logistics\",\"description\":\"[:vi]V\u1eadn t\u1ea3i, giao nh\u1eadn h\u00e0ng h\u00f3a...[:en]A leading NVOCC and logistics services provider in VN.[:]\",\"publisher\":{\"@id\":\"https:\/\/advantage.vn\/vi\/#organization\"},\"potentialAction\":[{\"@type\":\"SearchAction\",\"target\":{\"@type\":\"EntryPoint\",\"urlTemplate\":\"https:\/\/advantage.vn\/vi\/?s={search_term_string}\"},\"query-input\":\"required name=search_term_string\"}],\"inLanguage\":\"vi-VN\"},{\"@type\":\"Organization\",\"@id\":\"https:\/\/advantage.vn\/vi\/#organization\",\"name\":\"Advantage Logistics\",\"url\":\"https:\/\/advantage.vn\/vi\/\",\"logo\":{\"@type\":\"ImageObject\",\"inLanguage\":\"vi-VN\",\"@id\":\"https:\/\/advantage.vn\/vi\/#\/schema\/logo\/image\/\",\"url\":\"https:\/\/advantage.vn\/wp-content\/uploads\/2023\/09\/Untitled-1.jpg\",\"contentUrl\":\"https:\/\/advantage.vn\/wp-content\/uploads\/2023\/09\/Untitled-1.jpg\",\"width\":768,\"height\":404,\"caption\":\"Advantage Logistics\"},\"image\":{\"@id\":\"https:\/\/advantage.vn\/vi\/#\/schema\/logo\/image\/\"},\"sameAs\":[\"https:\/\/www.facebook.com\/advantage.logistic\",\"https:\/\/www.linkedin.com\/feed\/\",\"https:\/\/www.pinterest.com\/AdvantageLogistics\/\"]}]}<\/script>\n<!-- \/ Yoast SEO plugin. -->","yoast_head_json":{"title":"D\u1ecbch V\u1ee5 V\u1eadn T\u1ea3i \u0110\u01b0\u1eddng Bi\u1ec3n Gi\u00e1 R\u1ebb \u2013 Nhanh Ch\u00f3ng \u2013 Hi\u1ec7u Qu\u1ea3","description":"Advantage Logistics cung c\u1ea5p c\u00e1c d\u1ecbch v\u1ee5 v\u1eadn t\u1ea3i \u0111\u01b0\u1eddng bi\u1ec3n, h\u1ed7 tr\u1ee3 t\u00ecm ra ph\u01b0\u01a1ng \u00e1n v\u00e0 l\u1ecbch t\u00e0u l\u00fd t\u01b0\u1edfng cho vi\u1ec7c v\u1eadn chuy\u1ec3n h\u00e0ng h\u00f3a ph\u00f9 h\u1ee3p.","robots":{"index":"index","follow":"follow","max-snippet":"max-snippet:-1","max-image-preview":"max-image-preview:large","max-video-preview":"max-video-preview:-1"},"canonical":"https:\/\/advantage.vn\/vi\/van-tai-duong-bien\/","og_locale":"vi_VN","og_type":"article","og_title":"D\u1ecbch V\u1ee5 V\u1eadn T\u1ea3i \u0110\u01b0\u1eddng Bi\u1ec3n Gi\u00e1 R\u1ebb \u2013 Nhanh Ch\u00f3ng \u2013 Hi\u1ec7u Qu\u1ea3","og_description":"Advantage Logistics cung c\u1ea5p c\u00e1c d\u1ecbch v\u1ee5 v\u1eadn t\u1ea3i \u0111\u01b0\u1eddng bi\u1ec3n, h\u1ed7 tr\u1ee3 t\u00ecm ra ph\u01b0\u01a1ng \u00e1n v\u00e0 l\u1ecbch t\u00e0u l\u00fd t\u01b0\u1edfng cho vi\u1ec7c v\u1eadn chuy\u1ec3n h\u00e0ng h\u00f3a ph\u00f9 h\u1ee3p.","og_url":"https:\/\/advantage.vn\/vi\/van-tai-duong-bien\/","og_site_name":"Advantage Logistics","article_publisher":"https:\/\/www.facebook.com\/advantage.logistic","article_modified_time":"2022-08-17T04:37:27+00:00","og_image":[{"width":800,"height":500,"url":"https:\/\/advantage.vn\/wp-content\/uploads\/2019\/06\/4.png","type":"image\/png"}],"twitter_card":"summary_large_image","twitter_misc":{"Est. reading time":"4 minutes"},"schema":{"@context":"https:\/\/schema.org","@graph":[{"@type":"WebPage","@id":"https:\/\/advantage.vn\/vi\/van-tai-duong-bien\/","url":"https:\/\/advantage.vn\/vi\/van-tai-duong-bien\/","name":"D\u1ecbch V\u1ee5 V\u1eadn T\u1ea3i \u0110\u01b0\u1eddng Bi\u1ec3n Gi\u00e1 R\u1ebb \u2013 Nhanh Ch\u00f3ng \u2013 Hi\u1ec7u Qu\u1ea3","isPartOf":{"@id":"https:\/\/advantage.vn\/vi\/#website"},"datePublished":"2019-04-16T19:34:42+00:00","dateModified":"2022-08-17T04:37:27+00:00","description":"Advantage Logistics cung c\u1ea5p c\u00e1c d\u1ecbch v\u1ee5 v\u1eadn t\u1ea3i \u0111\u01b0\u1eddng bi\u1ec3n, h\u1ed7 tr\u1ee3 t\u00ecm ra ph\u01b0\u01a1ng \u00e1n v\u00e0 l\u1ecbch t\u00e0u l\u00fd t\u01b0\u1edfng cho vi\u1ec7c v\u1eadn chuy\u1ec3n h\u00e0ng h\u00f3a ph\u00f9 h\u1ee3p.","breadcrumb":{"@id":"https:\/\/advantage.vn\/vi\/van-tai-duong-bien\/#breadcrumb"},"inLanguage":"vi-VN","potentialAction":[{"@type":"ReadAction","target":["https:\/\/advantage.vn\/vi\/van-tai-duong-bien\/"]}]},{"@type":"BreadcrumbList","@id":"https:\/\/advantage.vn\/vi\/van-tai-duong-bien\/#breadcrumb","itemListElement":[{"@type":"ListItem","position":1,"name":"Trang ch\u1ee7","item":"https:\/\/advantage.vn\/vi\/home-01\/"},{"@type":"ListItem","position":2,"name":"V\u1eadn T\u1ea3i \u0110\u01b0\u1eddng Bi\u1ec3n"}]},{"@type":"WebSite","@id":"https:\/\/advantage.vn\/vi\/#website","url":"https:\/\/advantage.vn\/vi\/","name":"Advantage Logistics","description":"[:vi]V\u1eadn t\u1ea3i, giao nh\u1eadn h\u00e0ng h\u00f3a...[:en]A leading NVOCC and logistics services provider in VN.[:]","publisher":{"@id":"https:\/\/advantage.vn\/vi\/#organization"},"potentialAction":[{"@type":"SearchAction","target":{"@type":"EntryPoint","urlTemplate":"https:\/\/advantage.vn\/vi\/?s={search_term_string}"},"query-input":"required name=search_term_string"}],"inLanguage":"vi-VN"},{"@type":"Organization","@id":"https:\/\/advantage.vn\/vi\/#organization","name":"Advantage Logistics","url":"https:\/\/advantage.vn\/vi\/","logo":{"@type":"ImageObject","inLanguage":"vi-VN","@id":"https:\/\/advantage.vn\/vi\/#\/schema\/logo\/image\/","url":"https:\/\/advantage.vn\/wp-content\/uploads\/2023\/09\/Untitled-1.jpg","contentUrl":"https:\/\/advantage.vn\/wp-content\/uploads\/2023\/09\/Untitled-1.jpg","width":768,"height":404,"caption":"Advantage Logistics"},"image":{"@id":"https:\/\/advantage.vn\/vi\/#\/schema\/logo\/image\/"},"sameAs":["https:\/\/www.facebook.com\/advantage.logistic","https:\/\/www.linkedin.com\/feed\/","https:\/\/www.pinterest.com\/AdvantageLogistics\/"]}]}},"_links":{"self":[{"href":"https:\/\/advantage.vn\/vi\/wp-json\/wp\/v2\/pages\/95237"}],"collection":[{"href":"https:\/\/advantage.vn\/vi\/wp-json\/wp\/v2\/pages"}],"about":[{"href":"https:\/\/advantage.vn\/vi\/wp-json\/wp\/v2\/types\/page"}],"author":[{"embeddable":true,"href":"https:\/\/advantage.vn\/vi\/wp-json\/wp\/v2\/users\/1"}],"replies":[{"embeddable":true,"href":"https:\/\/advantage.vn\/vi\/wp-json\/wp\/v2\/comments?post=95237"}],"version-history":[{"count":0,"href":"https:\/\/advantage.vn\/vi\/wp-json\/wp\/v2\/pages\/95237\/revisions"}],"wp:featuredmedia":[{"embeddable":true,"href":"https:\/\/advantage.vn\/vi\/wp-json\/wp\/v2\/media\/87983"}],"wp:attachment":[{"href":"https:\/\/advantage.vn\/vi\/wp-json\/wp\/v2\/media?parent=95237"}],"curies":[{"name":"wp","href":"https:\/\/api.w.org\/{rel}","templated":true}]}}