{"id":95225,"date":"2015-06-24T07:48:45","date_gmt":"2015-06-24T00:48:45","guid":{"rendered":"https:\/\/advantage.vn\/contact\/"},"modified":"2022-08-30T16:26:52","modified_gmt":"2022-08-30T09:26:52","slug":"lien-he","status":"publish","type":"page","link":"https:\/\/advantage.vn\/vi\/lien-he\/","title":{"rendered":"Li\u00ean H\u1ec7"},"content":{"rendered":"<p>[vc_row full_width=&#8221;stretch_row_content_no_spaces&#8221; css=&#8221;.vc_custom_1435654014372{margin-top: -70px !important;margin-bottom: 70px !important;}&#8221;][vc_column][vc_gmaps link=&#8221;#E-8_JTNDaWZyYW1lJTIwc3JjJTNEJTIyaHR0cHMlM0ElMkYlMkZ3d3cuZ29vZ2xlLmNvbSUyRm1hcHMlMkZlbWJlZCUzRnBiJTNEJTIxMW0xNCUyMTFtOCUyMTFtMyUyMTFkMTk1OS43OTQ0NzI5MDY0MDM4JTIxMmQxMDYuNjg3NzM3NSUyMTNkMTAuNzY2MTI5JTIxM20yJTIxMWkxMDI0JTIxMmk3NjglMjE0ZjEzLjElMjEzbTMlMjExbTIlMjExczB4MzE3NTJmMTgxZTVhM2I3OSUyNTNBMHgxNmQ3ZDczMWUwMmRjMDU5JTIxMnNBZHZhbnRhZ2UlMkJMb2dpc3RpY3MlMkJDby4lMjUyQyUyQkx0ZC4lMjE1ZTAlMjEzbTIlMjExc3ZpJTIxMnMlMjE0djE1NTY3NjUzMDM1MzMlMjE1bTIlMjExc3ZpJTIxMnMlMjIlMjB3aWR0aCUzRCUyMjYwMCUyMiUyMGhlaWdodCUzRCUyMjQ1MCUyMiUyMGZyYW1lYm9yZGVyJTNEJTIyMCUyMiUyMHN0eWxlJTNEJTIyYm9yZGVyJTNBMCUyMiUyMGFsbG93ZnVsbHNjcmVlbiUzRSUzQyUyRmlmcmFtZSUzRQ==&#8221;][\/vc_column][\/vc_row][vc_row css=&#8221;.vc_custom_1435658845572{margin-bottom: 70px !important;}&#8221;][vc_column width=&#8221;1\/4&#8243;][vc_widget_sidebar sidebar_id=&#8221;sidebar-1&#8243;][\/vc_column][vc_column width=&#8221;3\/4&#8243;][vc_custom_heading text=&#8221;T\u01af V\u1ea4N GI\u1ea2I PH\u00c1P V\u1eacN T\u1ea2I T\u1ed0I \u01afU&#8221; font_container=&#8221;tag:h2|text_align:left|color:%23111111&#8243; use_theme_fonts=&#8221;yes&#8221; el_class=&#8221;style3&#8243; css=&#8221;.vc_custom_1630081562833{margin-bottom: 30px !important;}&#8221;][vc_custom_heading text=&#8221;Ch\u00fang t\u00f4i th\u00edch l\u1eafng nghe v\u00e0 r\u1ea5t h\u00e1o h\u1ee9c ch\u1edd \u0111\u1ee3i \u0111\u1ec3 t\u01b0 v\u1ea5n cho Qu\u00fd Kh\u00e1ch v\u1ec1 c\u00e1c nhu c\u1ea7u v\u1eadn chuy\u1ec3n, giao nh\u1eadn v\u00e0 gi\u1ea3i ph\u00e1p v\u1eadn t\u1ea3i t\u1ed1i \u01b0u nh\u1ea5t.<\/p>\n<p>H\u00e3y li\u00ean l\u1ea1c v\u1edbi ch\u00fang t\u00f4i n\u1ebfu Qu\u00fd Kh\u00e1ch c\u00f3 b\u1ea5t k\u1ef3 th\u1eafc m\u1eafc n\u00e0o v\u1ec1 c\u00e1c d\u1ecbch v\u1ee5 logistics: V\u1eadn t\u1ea3i n\u1ed9i \u0111\u1ecba v\u00e0 qu\u1ed1c t\u1ebf, Th\u1ee7 t\u1ee5c h\u1ea3i quan, \u1ee6y th\u00e1c xu\u1ea5t nh\u1eadp kh\u1ea9u hay Kho b\u00e3i, ch\u00fang t\u00f4i s\u1ebd s\u1ebd ph\u1ea3n h\u1ed3i v\u00e0 b\u00e1o gi\u00e1 s\u1edbm nh\u1ea5t c\u00f3 th\u1ec3.<\/p>\n<p>=&gt; EMAIL: nicky@advantage.vn \/ truc@advantage.vn<br \/>\n=&gt; HOTLINE (cell\/zalo\/viber): 0909054866 (Mr.Quy\u1ec1n) \/ 0938444043 (Mr.Tr\u1ef1c)&#8221; font_container=&#8221;tag:p|text_align:left|color:%23000000&#8243; use_theme_fonts=&#8221;yes&#8221;][\/vc_column][\/vc_row]<\/p>\n","protected":false},"excerpt":{"rendered":"<p>[vc_row full_width=&#8221;stretch_row_content_no_spaces&#8221; css=&#8221;.vc_custom_1435654014372{margin-top: -70px !important;margin-bottom: 70px !important;}&#8221;][vc_column][vc_gmaps link=&#8221;#E-8_JTNDaWZyYW1lJTIwc3JjJTNEJTIyaHR0cHMlM0ElMkYlMkZ3d3cuZ29vZ2xlLmNvbSUyRm1hcHMlMkZlbWJlZCUzRnBiJTNEJTIxMW0xNCUyMTFtOCUyMTFtMyUyMTFkMTk1OS43OTQ0NzI5MDY0MDM4JTIxMmQxMDYuNjg3NzM3NSUyMTNkMTAuNzY2MTI5JTIxM20yJTIxMWkxMDI0JTIxMmk3NjglMjE0ZjEzLjElMjEzbTMlMjExbTIlMjExczB4MzE3NTJmMTgxZTVhM2I3OSUyNTNBMHgxNmQ3ZDczMWUwMmRjMDU5JTIxMnNBZHZhbnRhZ2UlMkJMb2dpc3RpY3MlMkJDby4lMjUyQyUyQkx0ZC4lMjE1ZTAlMjEzbTIlMjExc3ZpJTIxMnMlMjE0djE1NTY3NjUzMDM1MzMlMjE1bTIlMjExc3ZpJTIxMnMlMjIlMjB3aWR0aCUzRCUyMjYwMCUyMiUyMGhlaWdodCUzRCUyMjQ1MCUyMiUyMGZyYW1lYm9yZGVyJTNEJTIyMCUyMiUyMHN0eWxlJTNEJTIyYm9yZGVyJTNBMCUyMiUyMGFsbG93ZnVsbHNjcmVlbiUzRSUzQyUyRmlmcmFtZSUzRQ==&#8221;][\/vc_column][\/vc_row][vc_row css=&#8221;.vc_custom_1435658845572{margin-bottom: 70px !important;}&#8221;][vc_column width=&#8221;1\/4&#8243;][vc_widget_sidebar sidebar_id=&#8221;sidebar-1&#8243;][\/vc_column][vc_column width=&#8221;3\/4&#8243;][vc_custom_heading text=&#8221;T\u01af V\u1ea4N GI\u1ea2I PH\u00c1P V\u1eacN T\u1ea2I [&hellip;]<\/p>\n","protected":false},"author":1,"featured_media":0,"parent":0,"menu_order":0,"comment_status":"closed","ping_status":"closed","template":"","meta":{"footnotes":""},"acf":[],"yoast_head":"<!-- This site is optimized with the Yoast SEO plugin v21.1 - https:\/\/yoast.com\/wordpress\/plugins\/seo\/ -->\n<title>Li\u00ean H\u1ec7 - Advantage Logistics<\/title>\n<meta name=\"description\" content=\"Email: nicky@advantage.vn \/ truc@advantage.vn. Hotline (cell\/ zalo\/ viber): 0909054866 (Mr.Quy\u1ec1n) \/ 0938444043 (Mr.Tr\u1ef1c). H\u00e3y li\u00ean h\u1ec7 Advantage Logistics ch\u00fang t\u00f4i n\u1ebfu b\u1ea1n c\u1ea7n t\u01b0 v\u1ea5n v\u1ec1 c\u00e1c d\u1ecbch v\u1ee5 logistics nh\u01b0 V\u1eadn t\u1ea3i n\u1ed9i \u0111\u1ecba v\u00e0 qu\u1ed1c t\u1ebf, Th\u1ee7 t\u1ee5c h\u1ea3i quan, \u1ee6y th\u00e1c xu\u1ea5t nh\u1eadp kh\u1ea9u hay Kho b\u00e3i.\" \/>\n<meta name=\"robots\" content=\"index, follow, max-snippet:-1, max-image-preview:large, max-video-preview:-1\" \/>\n<link rel=\"canonical\" href=\"https:\/\/advantage.vn\/vi\/lien-he\/\" \/>\n<meta property=\"og:locale\" content=\"vi_VN\" \/>\n<meta property=\"og:type\" content=\"article\" \/>\n<meta property=\"og:title\" content=\"Li\u00ean H\u1ec7 - Advantage Logistics\" \/>\n<meta property=\"og:description\" content=\"Email: nicky@advantage.vn \/ truc@advantage.vn. Hotline (cell\/ zalo\/ viber): 0909054866 (Mr.Quy\u1ec1n) \/ 0938444043 (Mr.Tr\u1ef1c). H\u00e3y li\u00ean h\u1ec7 Advantage Logistics ch\u00fang t\u00f4i n\u1ebfu b\u1ea1n c\u1ea7n t\u01b0 v\u1ea5n v\u1ec1 c\u00e1c d\u1ecbch v\u1ee5 logistics nh\u01b0 V\u1eadn t\u1ea3i n\u1ed9i \u0111\u1ecba v\u00e0 qu\u1ed1c t\u1ebf, Th\u1ee7 t\u1ee5c h\u1ea3i quan, \u1ee6y th\u00e1c xu\u1ea5t nh\u1eadp kh\u1ea9u hay Kho b\u00e3i.\" \/>\n<meta property=\"og:url\" content=\"https:\/\/advantage.vn\/vi\/lien-he\/\" \/>\n<meta property=\"og:site_name\" content=\"Advantage Logistics\" \/>\n<meta property=\"article:publisher\" content=\"https:\/\/www.facebook.com\/advantage.logistic\" \/>\n<meta property=\"article:modified_time\" content=\"2022-08-30T09:26:52+00:00\" \/>\n<meta name=\"twitter:card\" content=\"summary_large_image\" \/>\n<meta name=\"twitter:label1\" content=\"Est. reading time\" \/>\n\t<meta name=\"twitter:data1\" content=\"2 minutes\" \/>\n<script type=\"application\/ld+json\" class=\"yoast-schema-graph\">{\"@context\":\"https:\/\/schema.org\",\"@graph\":[{\"@type\":\"WebPage\",\"@id\":\"https:\/\/advantage.vn\/vi\/lien-he\/\",\"url\":\"https:\/\/advantage.vn\/vi\/lien-he\/\",\"name\":\"Li\u00ean H\u1ec7 - Advantage Logistics\",\"isPartOf\":{\"@id\":\"https:\/\/advantage.vn\/vi\/#website\"},\"datePublished\":\"2015-06-24T00:48:45+00:00\",\"dateModified\":\"2022-08-30T09:26:52+00:00\",\"description\":\"Email: nicky@advantage.vn \/ truc@advantage.vn. Hotline (cell\/ zalo\/ viber): 0909054866 (Mr.Quy\u1ec1n) \/ 0938444043 (Mr.Tr\u1ef1c). H\u00e3y li\u00ean h\u1ec7 Advantage Logistics ch\u00fang t\u00f4i n\u1ebfu b\u1ea1n c\u1ea7n t\u01b0 v\u1ea5n v\u1ec1 c\u00e1c d\u1ecbch v\u1ee5 logistics nh\u01b0 V\u1eadn t\u1ea3i n\u1ed9i \u0111\u1ecba v\u00e0 qu\u1ed1c t\u1ebf, Th\u1ee7 t\u1ee5c h\u1ea3i quan, \u1ee6y th\u00e1c xu\u1ea5t nh\u1eadp kh\u1ea9u hay Kho b\u00e3i.\",\"breadcrumb\":{\"@id\":\"https:\/\/advantage.vn\/vi\/lien-he\/#breadcrumb\"},\"inLanguage\":\"vi-VN\",\"potentialAction\":[{\"@type\":\"ReadAction\",\"target\":[\"https:\/\/advantage.vn\/vi\/lien-he\/\"]}]},{\"@type\":\"BreadcrumbList\",\"@id\":\"https:\/\/advantage.vn\/vi\/lien-he\/#breadcrumb\",\"itemListElement\":[{\"@type\":\"ListItem\",\"position\":1,\"name\":\"Trang ch\u1ee7\",\"item\":\"https:\/\/advantage.vn\/vi\/home-01\/\"},{\"@type\":\"ListItem\",\"position\":2,\"name\":\"Li\u00ean H\u1ec7\"}]},{\"@type\":\"WebSite\",\"@id\":\"https:\/\/advantage.vn\/vi\/#website\",\"url\":\"https:\/\/advantage.vn\/vi\/\",\"name\":\"Advantage Logistics\",\"description\":\"[:vi]V\u1eadn t\u1ea3i, giao nh\u1eadn h\u00e0ng h\u00f3a...[:en]A leading NVOCC and logistics services provider in VN.[:]\",\"publisher\":{\"@id\":\"https:\/\/advantage.vn\/vi\/#organization\"},\"potentialAction\":[{\"@type\":\"SearchAction\",\"target\":{\"@type\":\"EntryPoint\",\"urlTemplate\":\"https:\/\/advantage.vn\/vi\/?s={search_term_string}\"},\"query-input\":\"required name=search_term_string\"}],\"inLanguage\":\"vi-VN\"},{\"@type\":\"Organization\",\"@id\":\"https:\/\/advantage.vn\/vi\/#organization\",\"name\":\"Advantage Logistics\",\"url\":\"https:\/\/advantage.vn\/vi\/\",\"logo\":{\"@type\":\"ImageObject\",\"inLanguage\":\"vi-VN\",\"@id\":\"https:\/\/advantage.vn\/vi\/#\/schema\/logo\/image\/\",\"url\":\"https:\/\/advantage.vn\/wp-content\/uploads\/2023\/09\/Untitled-1.jpg\",\"contentUrl\":\"https:\/\/advantage.vn\/wp-content\/uploads\/2023\/09\/Untitled-1.jpg\",\"width\":768,\"height\":404,\"caption\":\"Advantage Logistics\"},\"image\":{\"@id\":\"https:\/\/advantage.vn\/vi\/#\/schema\/logo\/image\/\"},\"sameAs\":[\"https:\/\/www.facebook.com\/advantage.logistic\",\"https:\/\/www.linkedin.com\/feed\/\",\"https:\/\/www.pinterest.com\/AdvantageLogistics\/\"]}]}<\/script>\n<!-- \/ Yoast SEO plugin. -->","yoast_head_json":{"title":"Li\u00ean H\u1ec7 - Advantage Logistics","description":"Email: nicky@advantage.vn \/ truc@advantage.vn. Hotline (cell\/ zalo\/ viber): 0909054866 (Mr.Quy\u1ec1n) \/ 0938444043 (Mr.Tr\u1ef1c). H\u00e3y li\u00ean h\u1ec7 Advantage Logistics ch\u00fang t\u00f4i n\u1ebfu b\u1ea1n c\u1ea7n t\u01b0 v\u1ea5n v\u1ec1 c\u00e1c d\u1ecbch v\u1ee5 logistics nh\u01b0 V\u1eadn t\u1ea3i n\u1ed9i \u0111\u1ecba v\u00e0 qu\u1ed1c t\u1ebf, Th\u1ee7 t\u1ee5c h\u1ea3i quan, \u1ee6y th\u00e1c xu\u1ea5t nh\u1eadp kh\u1ea9u hay Kho b\u00e3i.","robots":{"index":"index","follow":"follow","max-snippet":"max-snippet:-1","max-image-preview":"max-image-preview:large","max-video-preview":"max-video-preview:-1"},"canonical":"https:\/\/advantage.vn\/vi\/lien-he\/","og_locale":"vi_VN","og_type":"article","og_title":"Li\u00ean H\u1ec7 - Advantage Logistics","og_description":"Email: nicky@advantage.vn \/ truc@advantage.vn. Hotline (cell\/ zalo\/ viber): 0909054866 (Mr.Quy\u1ec1n) \/ 0938444043 (Mr.Tr\u1ef1c). H\u00e3y li\u00ean h\u1ec7 Advantage Logistics ch\u00fang t\u00f4i n\u1ebfu b\u1ea1n c\u1ea7n t\u01b0 v\u1ea5n v\u1ec1 c\u00e1c d\u1ecbch v\u1ee5 logistics nh\u01b0 V\u1eadn t\u1ea3i n\u1ed9i \u0111\u1ecba v\u00e0 qu\u1ed1c t\u1ebf, Th\u1ee7 t\u1ee5c h\u1ea3i quan, \u1ee6y th\u00e1c xu\u1ea5t nh\u1eadp kh\u1ea9u hay Kho b\u00e3i.","og_url":"https:\/\/advantage.vn\/vi\/lien-he\/","og_site_name":"Advantage Logistics","article_publisher":"https:\/\/www.facebook.com\/advantage.logistic","article_modified_time":"2022-08-30T09:26:52+00:00","twitter_card":"summary_large_image","twitter_misc":{"Est. reading time":"2 minutes"},"schema":{"@context":"https:\/\/schema.org","@graph":[{"@type":"WebPage","@id":"https:\/\/advantage.vn\/vi\/lien-he\/","url":"https:\/\/advantage.vn\/vi\/lien-he\/","name":"Li\u00ean H\u1ec7 - Advantage Logistics","isPartOf":{"@id":"https:\/\/advantage.vn\/vi\/#website"},"datePublished":"2015-06-24T00:48:45+00:00","dateModified":"2022-08-30T09:26:52+00:00","description":"Email: nicky@advantage.vn \/ truc@advantage.vn. Hotline (cell\/ zalo\/ viber): 0909054866 (Mr.Quy\u1ec1n) \/ 0938444043 (Mr.Tr\u1ef1c). H\u00e3y li\u00ean h\u1ec7 Advantage Logistics ch\u00fang t\u00f4i n\u1ebfu b\u1ea1n c\u1ea7n t\u01b0 v\u1ea5n v\u1ec1 c\u00e1c d\u1ecbch v\u1ee5 logistics nh\u01b0 V\u1eadn t\u1ea3i n\u1ed9i \u0111\u1ecba v\u00e0 qu\u1ed1c t\u1ebf, Th\u1ee7 t\u1ee5c h\u1ea3i quan, \u1ee6y th\u00e1c xu\u1ea5t nh\u1eadp kh\u1ea9u hay Kho b\u00e3i.","breadcrumb":{"@id":"https:\/\/advantage.vn\/vi\/lien-he\/#breadcrumb"},"inLanguage":"vi-VN","potentialAction":[{"@type":"ReadAction","target":["https:\/\/advantage.vn\/vi\/lien-he\/"]}]},{"@type":"BreadcrumbList","@id":"https:\/\/advantage.vn\/vi\/lien-he\/#breadcrumb","itemListElement":[{"@type":"ListItem","position":1,"name":"Trang ch\u1ee7","item":"https:\/\/advantage.vn\/vi\/home-01\/"},{"@type":"ListItem","position":2,"name":"Li\u00ean H\u1ec7"}]},{"@type":"WebSite","@id":"https:\/\/advantage.vn\/vi\/#website","url":"https:\/\/advantage.vn\/vi\/","name":"Advantage Logistics","description":"[:vi]V\u1eadn t\u1ea3i, giao nh\u1eadn h\u00e0ng h\u00f3a...[:en]A leading NVOCC and logistics services provider in VN.[:]","publisher":{"@id":"https:\/\/advantage.vn\/vi\/#organization"},"potentialAction":[{"@type":"SearchAction","target":{"@type":"EntryPoint","urlTemplate":"https:\/\/advantage.vn\/vi\/?s={search_term_string}"},"query-input":"required name=search_term_string"}],"inLanguage":"vi-VN"},{"@type":"Organization","@id":"https:\/\/advantage.vn\/vi\/#organization","name":"Advantage Logistics","url":"https:\/\/advantage.vn\/vi\/","logo":{"@type":"ImageObject","inLanguage":"vi-VN","@id":"https:\/\/advantage.vn\/vi\/#\/schema\/logo\/image\/","url":"https:\/\/advantage.vn\/wp-content\/uploads\/2023\/09\/Untitled-1.jpg","contentUrl":"https:\/\/advantage.vn\/wp-content\/uploads\/2023\/09\/Untitled-1.jpg","width":768,"height":404,"caption":"Advantage Logistics"},"image":{"@id":"https:\/\/advantage.vn\/vi\/#\/schema\/logo\/image\/"},"sameAs":["https:\/\/www.facebook.com\/advantage.logistic","https:\/\/www.linkedin.com\/feed\/","https:\/\/www.pinterest.com\/AdvantageLogistics\/"]}]}},"_links":{"self":[{"href":"https:\/\/advantage.vn\/vi\/wp-json\/wp\/v2\/pages\/95225"}],"collection":[{"href":"https:\/\/advantage.vn\/vi\/wp-json\/wp\/v2\/pages"}],"about":[{"href":"https:\/\/advantage.vn\/vi\/wp-json\/wp\/v2\/types\/page"}],"author":[{"embeddable":true,"href":"https:\/\/advantage.vn\/vi\/wp-json\/wp\/v2\/users\/1"}],"replies":[{"embeddable":true,"href":"https:\/\/advantage.vn\/vi\/wp-json\/wp\/v2\/comments?post=95225"}],"version-history":[{"count":0,"href":"https:\/\/advantage.vn\/vi\/wp-json\/wp\/v2\/pages\/95225\/revisions"}],"wp:attachment":[{"href":"https:\/\/advantage.vn\/vi\/wp-json\/wp\/v2\/media?parent=95225"}],"curies":[{"name":"wp","href":"https:\/\/api.w.org\/{rel}","templated":true}]}}