{"id":95217,"date":"2015-06-24T07:48:05","date_gmt":"2015-06-24T00:48:05","guid":{"rendered":"https:\/\/advantage.vn\/about-us\/"},"modified":"2023-02-24T17:37:04","modified_gmt":"2023-02-24T10:37:04","slug":"gioi-thieu","status":"publish","type":"page","link":"https:\/\/advantage.vn\/vi\/gioi-thieu\/","title":{"rendered":"Gi\u1edbi Thi\u1ec7u"},"content":{"rendered":"<p>[vc_row][vc_column width=&#8221;1\/2&#8243;][vc_images_carousel images=&#8221;98331,98333,98335&#8243; img_size=&#8221;555&#215;320&#8243; onclick=&#8221;link_no&#8221; speed=&#8221;3000&#8243; autoplay=&#8221;yes&#8221; hide_prev_next_buttons=&#8221;yes&#8221; wrap=&#8221;yes&#8221;][vc_images_carousel images=&#8221;98385,98387,98389&#8243; img_size=&#8221;555&#215;320&#8243;][vc_images_carousel images=&#8221;98343,98345,98347&#8243; img_size=&#8221;555&#215;320&#8243; onclick=&#8221;link_no&#8221; speed=&#8221;3000&#8243; autoplay=&#8221;yes&#8221; hide_prev_next_buttons=&#8221;yes&#8221; wrap=&#8221;yes&#8221;][vc_images_carousel images=&#8221;98391,98395,98393&#8243; img_size=&#8221;555&#215;320&#8243;][\/vc_column][vc_column width=&#8221;1\/2&#8243; el_class=&#8221;gioithieu-text&#8221;][vc_custom_heading text=&#8221;V\u1ec0 ADVANTAGE LOGISTICS&#8221; font_container=&#8221;tag:h2|font_size:24|text_align:left|color:%23111111&#8243; use_theme_fonts=&#8221;yes&#8221; el_class=&#8221;style3&#8243; css=&#8221;.vc_custom_1622433419046{margin-bottom: 40px !important;}&#8221;][vc_column_text el_class=&#8221;gray&#8221;]Advantage Logistics l\u00e0 m\u1ed9t doanh nghi\u1ec7p ho\u1ea1t \u0111\u1ed9ng trong l\u0129nh v\u1ef1c giao nh\u1eadn v\u1eadn t\u1ea3i. Hi\u1ec7n t\u1ea1i, ch\u00fang t\u00f4i \u0111ang cung c\u1ea5p \u0111\u1ebfn Qu\u00fd Kh\u00e1ch H\u00e0ng v\u00e0 \u0110\u1ed1i T\u00e1c c\u00e1c d\u1ecbch v\u1ee5 ch\u00ednh bao g\u1ed3m <span style=\"color: #0000ff;\"><a style=\"font-style: inherit; font-weight: inherit; color: #0000ff;\" href=\"https:\/\/advantage.vn\/vi\/uy-thac-xuat-nhap-khau\/\"><span style=\"font-style: inherit; font-weight: inherit;\">\u1ee6y Th\u00e1c Xu\u1ea5t Nh\u1eadp Kh\u1ea9u<\/span><\/a><\/span>,\u00a0<span style=\"color: #0000ff;\"><a style=\"font-style: inherit; font-weight: inherit; color: #0000ff;\" href=\"https:\/\/advantage.vn\/vi\/van-tai-trong-va-ngoai-nuoc\/\"><span style=\"font-style: inherit; font-weight: inherit;\">V\u1eadn T\u1ea3i N\u1ed9i \u0110\u1ecba V\u00e0 Qu\u1ed1c T\u1ebf<\/span><\/a><\/span> (\u0111\u01b0\u1eddng bi\u1ec3n, \u0111\u01b0\u1eddng h\u00e0ng kh\u00f4ng, \u0111\u01b0\u1eddng b\u1ed9 v\u00e0 th\u1ee7y n\u1ed9i \u0111\u1ecba),\u00a0<span style=\"color: #0000ff;\"><a style=\"font-style: inherit; font-weight: inherit; color: #0000ff;\" href=\"https:\/\/advantage.vn\/vi\/dich-vu-hai-quan\/\"><span style=\"font-style: inherit; font-weight: inherit;\">D\u1ecbch V\u1ee5 H\u1ea3i Quan<\/span><\/a><\/span>\u00a0v\u00e0 d\u1ecbch v\u1ee5 <span style=\"color: #0000ff;\"><a style=\"font-style: inherit; font-weight: inherit; color: #0000ff;\" href=\"https:\/\/advantage.vn\/vi\/dich-vu-kho-bai\/\"><span style=\"font-style: inherit; font-weight: inherit;\">Kho B\u00e3i<\/span><\/a><\/span> (kho l\u1ea1nh, container l\u1ea1nh tr\u1eef h\u00e0ng).<\/p>\n<p>K\u1ec3 t\u1eeb khi \u0111\u01b0\u1ee3c th\u00e0nh l\u1eadp cho \u0111\u1ebfn nay, d\u01b0\u1edbi s\u1ef1 d\u1eabn d\u1eaft c\u1ee7a Ban gi\u00e1m \u0111\u1ed1c v\u1edbi nhi\u1ec1u n\u0103m kinh nghi\u1ec7m trong ng\u00e0nh giao nh\u1eadn v\u1eadn t\u1ea3i \u0111\u1eb7c bi\u1ec7t l\u00e0 v\u1eadn t\u1ea3i bi\u1ec3n c\u00f9ng v\u1edbi \u0111\u1ed9i ng\u0169 nh\u00e2n s\u1ef1 h\u1ebft s\u1ee9c n\u0103ng \u0111\u1ed9ng, t\u1eadn t\u00e2m v\u00e0 tr\u00e0n \u0111\u1ea7y nhi\u1ec7t huy\u1ebft, Advantage Logistics \u0111\u00e3 nhanh ch\u00f3ng ph\u00e1t huy \u0111\u01b0\u1ee3c c\u00e1c th\u1ebf m\u1ea1nh c\u1ee7a m\u00ecnh v\u00e0 li\u00ean t\u1ee5c \u0111\u1ea1t k\u1ebft qu\u1ea3 t\u0103ng tr\u01b0\u1edfng cao h\u00e0ng n\u0103m v\u1ec1 c\u1ea3 quy m\u00f4, th\u1ecb tr\u01b0\u1eddng ho\u1ea1t \u0111\u1ed9ng l\u1eabn ch\u1ea5t l\u01b0\u1ee3ng d\u1ecbch v\u1ee5.<\/p>\n<p>Advantage Logistics ho\u1ea1t \u0111\u1ed9ng v\u1edbi ph\u01b0\u01a1ng ch\u00e2m l\u1ea5y CON NG\u01af\u1edcI l\u00e0m trung t\u00e2m, ch\u00fang t\u00f4i lu\u00f4n coi tr\u1ecdng nh\u00e2n ngh\u0129a, s\u1ed1ng v\u1edbi l\u00f2ng nh\u00e2n \u00e1i v\u00e0 h\u00e0nh x\u1eed nh\u00e2n v\u0103n.<\/p>\n<p>\u0110\u1ed1i v\u1edbi KH\u00c1CH H\u00c0NG, Advantage c\u1ed1 g\u1eafng t\u01b0 v\u1ea5n v\u00e0 cung c\u1ea5p nh\u1eefng d\u1ecbch v\u1ee5 sao cho t\u1ed1i \u01b0u chi ph\u00ed v\u00e0 th\u1eddi gian nh\u1ea5t. Ch\u00fang t\u00f4i lu\u00f4n xem Kh\u00e1ch h\u00e0ng l\u00e0 b\u1ea1n b\u00e8, l\u00e0 ng\u01b0\u1eddi th\u00e2n. Ngo\u00e0i nhi\u1ec7t t\u00ecnh h\u1ed7 tr\u1ee3 v\u00e0 t\u01b0 v\u1ea5n c\u00e1c d\u1ecbch v\u1ee5 logistics ra th\u00ec ch\u00fang t\u00f4i c\u00f2n mang \u0111\u1ebfn cho Kh\u00e1ch h\u00e0ng nhi\u1ec1u c\u01a1 h\u1ed9i giao th\u01b0\u01a1ng, kinh doanh qu\u1ed1c t\u1ebf c\u0169ng nh\u01b0 nhi\u1ec1u th\u00f4ng tin c\u00f3 \u00edch kh\u00e1c v\u1ec1 h\u1ed9i th\u1ea3o, di\u1ec5n \u0111\u00e0n, c\u1eadp nh\u1eadt t\u00ecnh h\u00ecnh th\u1ecb tr\u01b0\u1eddng xu\u1ea5t nh\u1eadp kh\u1ea9u,\u2026 th\u00f4ng qua k\u00eanh Facebook v\u00e0 Zalo.<\/p>\n<p>\u0110\u1ed1i v\u1edbi NH\u00c2N VI\u00caN, Advantage ch\u00fang t\u00f4i mu\u1ed1n c\u00e1c b\u1ea1n l\u00fac n\u00e0o c\u0169ng c\u1ea3m th\u1ea5y vui v\u1ebb, h\u1ea1nh ph\u00fac v\u00e0 h\u00e0i l\u00f2ng, \u0111\u1ec3 c\u00f3 th\u1ec3 ph\u1ee5c v\u1ee5 Kh\u00e1ch h\u00e0ng trong t\u00e2m th\u1ebf tho\u1ea3i m\u00e1i nh\u1ea5t v\u1edbi t\u00ecnh c\u1ea3m qu\u00fd m\u1ebfn, v\u00e0 c\u00f3 \u0111\u1ed9ng l\u1ef1c g\u1eafn b\u00f3 v\u1edbi c\u00f4ng ty l\u00e2u d\u00e0i h\u01a1n.<\/p>\n<p>Advantage Logistics c\u0169ng lu\u00f4n quan t\u00e2m, ch\u0103m s\u00f3c c\u00e1c \u0110\u1ed0I T\u00c1C, C\u1ed4 \u0110\u00d4NG c\u1ee7a m\u00ecnh. V\u00e0o c\u00e1c d\u1ecbp l\u1ec5, T\u1ebft h\u1eb1ng n\u0103m, Advantage \u0111\u1ec1u c\u00f3 nh\u1eefng m\u00f3n qu\u00e0 tri \u00e2n v\u00e0 nh\u1eefng l\u00e1 th\u01b0 tay \u0111\u1ea7y t\u00ecnh c\u1ea3m g\u1eedi \u0111\u1ebfn h\u1ecd. T\u1ef1 nh\u1eafc nh\u1edf r\u1eb1ng cho \u0111i l\u00e0 s\u1ebd nh\u1eadn l\u1ea1i n\u00ean ch\u00fang t\u00f4i lu\u00f4n chia s\u1ebb t\u1ea5t c\u1ea3 nh\u1eefng th\u1ee9 m\u00e0 m\u00ecnh bi\u1ebft v\u00e0 m\u00ecnh c\u00f3 \u0111\u1ebfn v\u1edbi C\u1ed8NG \u0110\u1ed2NG c\u1ea3 online v\u00e0 th\u1ef1c t\u1ebf.<\/p>\n<p>Hi\u1ec7n t\u1ea1i Advantage \u0111ang s\u1edf h\u1eefu 2 c\u1ed9ng \u0111\u1ed3ng l\u1edbn tr\u00ean facebook l\u00e0 <span style=\"color: #0000ff;\"><a style=\"color: #0000ff;\" href=\"https:\/\/www.facebook.com\/groups\/NgheXuatNhapKhauLogistics\">Ngh\u1ec1 Xu\u1ea5t Nh\u1eadp Kh\u1ea9u \u2013 Logistics<\/a><\/span> v\u00e0 <span style=\"color: #0000ff;\"><a style=\"color: #0000ff;\" href=\"https:\/\/www.facebook.com\/groups\/ketnoigiaothuongxuatnhapkhau\/\">K\u1ebft N\u1ed1i Giao Th\u01b0\u01a1ng Xu\u1ea5t Nh\u1eadp Kh\u1ea9u<\/a><\/span>. Advantage Logistics c\u0169ng th\u01b0\u1eddng xuy\u00ean tham gia c\u00e1c ho\u1ea1t \u0111\u1ed9ng x\u00e3 h\u1ed9i, thi\u1ec7n nguy\u1ec7n v\u00e0 \u0111\u1ed3ng h\u00e0nh c\u00f9ng nhi\u1ec1u CLB t\u00ecnh nguy\u1ec7n, CLB Logistics tr\u00ean c\u00e1c tr\u01b0\u1eddng \u0110H \u1edf TP.HCM.<\/p>\n<p>Advantage hi\u1ec7n \u0111ang l\u00e0 th\u00e0nh vi\u00ean c\u1ee7a 5 m\u1ea1ng l\u01b0\u1edbi logistics to\u00e0n c\u1ea7u (<span style=\"color: #0000ff;\"><a style=\"color: #0000ff;\" href=\"https:\/\/www.blinglogisticsnetwork.com\/\">BLING<\/a><\/span>, <span style=\"color: #0000ff;\"><a style=\"color: #0000ff;\" href=\"https:\/\/www.facebook.com\/Worldbln\/\">WORLD BLN<\/a><\/span>, <span style=\"color: #0000ff;\"><a style=\"color: #0000ff;\" href=\"https:\/\/www.aonworld.net\/\">AON WORLD<\/a><span style=\"color: #000000;\">,<span style=\"color: #0000ff;\"> <a style=\"color: #0000ff;\" href=\"https:\/\/fdxlogisticsnetwork.com\/\">FDX<\/a> <\/span><\/span><\/span>v\u00e0 <span style=\"color: #0000ff;\"><a style=\"color: #0000ff;\" href=\"https:\/\/www.cargoconnections.net\/\">CARGO CONNECTIONS<\/a><\/span>) v\u00e0 2 t\u1ed5 ch\u1ee9c Logistics Vi\u1ec7t Nam (Hi\u1ec7p h\u1ed9i Doanh nghi\u1ec7p D\u1ecbch v\u1ee5 Logistics Vi\u1ec7t Nam <span style=\"color: #0000ff;\"><a style=\"color: #0000ff;\" href=\"https:\/\/www.vla.com.vn\/\">VLA<\/a><\/span> v\u00e0 Hi\u1ec7p H\u1ed9i Logistics Th\u00e0nh Ph\u1ed1 H\u1ed3 Ch\u00ed Minh <span style=\"color: #0000ff;\"><a style=\"color: #0000ff;\" href=\"https:\/\/hla-hcm.vn\/\">HLA<\/a><\/span>)<\/p>\n<p>Ch\u00fang t\u00f4i ho\u1ea1t \u0111\u1ed9ng v\u1edbi m\u1ee5c \u0111\u00edch cu\u1ed1i c\u00f9ng l\u00e0 \u0111em \u0111\u1ebfn gi\u00e1 tr\u1ecb v\u00e0 l\u1ee3i \u00edch cho c\u1ea3 KH\u00c1CH H\u00c0NG, NH\u00c2N VI\u00caN, \u0110\u1ed0I T\u00c1C, C\u1ed4 \u0110\u00d4NG v\u00e0 C\u1ed8NG \u0110\u1ed2NG.<\/p>\n<p>V\u1edbi c\u00e1c l\u1ee3i th\u1ebf nh\u01b0 m\u1ea1ng l\u01b0\u1edbi \u0111\u1ea1i l\u00fd r\u1ed9ng kh\u1eafp, quan h\u1ec7 t\u1ed1t v\u1edbi nhi\u1ec1u h\u00e3ng t\u00e0u v\u00e0 \u0111\u1ed1i t\u00e1c v\u1eadn t\u1ea3i, th\u00e0nh th\u1ea1o quy tr\u00ecnh, ch\u00ednh s\u00e1ch, th\u1ee7 t\u1ee5c c\u1ee7a nhi\u1ec1u m\u1eb7t h\u00e0ng, \u0111\u1ed9i ng\u0169 nh\u00e2n s\u1ef1 t\u1eadn t\u00e2m, hi\u1ec3u bi\u1ebft v\u00e0 c\u00f3 tr\u00e1ch nhi\u1ec7m,\u2026 doanh nghi\u1ec7p xu\u1ea5t nh\u1eadp kh\u1ea9u khi l\u00e0m vi\u1ec7c v\u1edbi Advantage Logistics s\u1ebd ti\u1ebft ki\u1ec7m \u0111\u01b0\u1ee3c nhi\u1ec1u nh\u00e2n l\u1ef1c, chi ph\u00ed v\u00e0 h\u1ea1n ch\u1ebf \u0111\u01b0\u1ee3c c\u00e1c r\u1ee7i ro trong qu\u00e1 tr\u00ecnh l\u01b0u th\u00f4ng h\u00e0ng h\u00f3a.[\/vc_column_text][\/vc_column][\/vc_row][vc_row css=&#8221;.vc_custom_1460434214418{margin-top: 30px !important;margin-right: 0px !important;margin-bottom: 30px !important;margin-left: 0px !important;border-top-width: 1px !important;padding-top: 30px !important;padding-bottom: 50px !important;background-color: #eeeeee !important;border-top-color: #dddddd !important;border-top-style: solid !important;}&#8221; el_class=&#8221;quote2&#8243;][vc_column css=&#8221;.vc_custom_1460434003445{padding-top: 0px !important;padding-bottom: 0px !important;}&#8221;][vc_custom_heading text=&#8221;Advantage Logistics lu\u00f4n c\u1ed1 g\u1eafng mang \u0111\u1ebfn c\u00e1c gi\u00e1 tr\u1ecb t\u1ed1t \u0111\u1eb9p cho Kh\u00e1ch h\u00e0ng, Nh\u00e2n s\u1ef1 c\u00f4ng ty, \u0110\u1ed1i t\u00e1c, C\u1ed5 \u0111\u00f4ng v\u00e0 cho c\u1ea3 C\u1ed9ng \u0111\u1ed3ng. Ch\u00fang t\u00f4i mong mu\u1ed1n s\u1ebd s\u1edbm tr\u1edf th\u00e0nh m\u1ed9t \u0111\u1ed1i t\u00e1c cung c\u1ea5p d\u1ecbch v\u1ee5 Logistics \u0111\u00e1ng tin c\u1eady, uy t\u00edn v\u00e0 chuy\u00ean nghi\u1ec7p h\u00e0ng \u0111\u1ea7u Vi\u1ec7t Nam.&#8221; font_container=&#8221;tag:h3|font_size:15|text_align:center|color:%23666666|line_height:1&#8243; use_theme_fonts=&#8221;yes&#8221; css=&#8221;.vc_custom_1631606819200{padding-left: 100px !important;}&#8221; el_class=&#8221;about-us&#8221;][\/vc_column][\/vc_row][vc_row][vc_column][vc_custom_heading text=&#8221;S\u1ee8 M\u1ec6NH&#8221; font_container=&#8221;tag:h2|font_size:24|text_align:left|color:%23111111&#8243; use_theme_fonts=&#8221;yes&#8221; el_class=&#8221;style3&#8243; css=&#8221;.vc_custom_1622436725850{margin-bottom: 40px !important;}&#8221;][vc_row_inner][vc_column_inner width=&#8221;1\/3&#8243;][vc_single_image image=&#8221;98314&#8243; alignment=&#8221;center&#8221;][vc_column_text]Advantage Logistics ch\u00fang t\u00f4i lu\u00f4n c\u1ed1 g\u1eafng n\u1ed7 l\u1ef1c \u0111\u1ec3 t\u1ea1o ra m\u1ed9t m\u00f4i tr\u01b0\u1eddng l\u00e0m vi\u1ec7c chuy\u00ean nghi\u1ec7p, n\u0103ng \u0111\u1ed9ng, uy t\u00edn v\u00e0 th\u00e2n thi\u1ec7n.[\/vc_column_text][\/vc_column_inner][vc_column_inner width=&#8221;1\/3&#8243;][vc_single_image image=&#8221;98319&#8243; alignment=&#8221;center&#8221;][vc_column_text]Ch\u00fang t\u00f4i c\u00f3 tr\u00e1ch nhi\u1ec7m mang \u0111\u1ebfn cho Qu\u00fd kh\u00e1ch h\u00e0ng v\u00e0 \u0110\u1ed1i t\u00e1c nh\u1eefng gi\u1ea3i ph\u00e1p v\u1eadn chuy\u1ec3n, d\u1ecbch v\u1ee5 giao nh\u1eadn v\u00e0 kho b\u00e3i an to\u00e0n, t\u1ed1i \u01b0u nh\u1ea5t. Qua \u0111\u00f3 g\u00f3p ph\u1ea7n t\u1ea1o ra nhi\u1ec1u gi\u00e1 tr\u1ecb cho Qu\u00fd kh\u00e1ch h\u00e0ng v\u00e0 \u0110\u1ed1i t\u00e1c, gi\u00fap Advantage Logistics ng\u00e0y c\u00e0ng \u0111\u01b0\u1ee3c nhi\u1ec1u ng\u01b0\u1eddi bi\u1ebft \u0111\u1ebfn v\u00e0 ph\u00e1t tri\u1ec3n v\u01b0\u1ee3t b\u1eadc h\u01a1n n\u1eefa.[\/vc_column_text][\/vc_column_inner][vc_column_inner width=&#8221;1\/3&#8243;][vc_single_image image=&#8221;98321&#8243; alignment=&#8221;center&#8221;][vc_column_text]\u0110\u1ed1i v\u1edbi ch\u00fang t\u00f4i, c\u00e1c Kh\u00e1ch h\u00e0ng \u0111\u1ec1u l\u00e0 \u0111\u1ed1i t\u01b0\u1ee3ng \u0111\u1eb7c bi\u1ec7t c\u1ea7n \u0111\u01b0\u1ee3c ph\u1ee5c v\u1ee5 h\u1ebft s\u1ee9c chu \u0111\u00e1o nh\u1eb1m \u0111\u00e1p \u1ee9ng nhu c\u1ea7u c\u00e1 nh\u00e2n h\u00f3a c\u1ee7a m\u1ed7i Kh\u00e1ch h\u00e0ng.[\/vc_column_text][\/vc_column_inner][\/vc_row_inner][\/vc_column][\/vc_row][vc_row][vc_column][vc_custom_heading text=&#8221;\u0110\u1ed8I NG\u0168 NH\u00c2N VI\u00caN&#8221; font_container=&#8221;tag:h2|font_size:24|text_align:left|color:%23111111&#8243; use_theme_fonts=&#8221;yes&#8221; el_class=&#8221;style3&#8243; css=&#8221;.vc_custom_1622444940748{margin-bottom: 40px !important;}&#8221;][vc_row_inner][vc_column_inner width=&#8221;1\/3&#8243;][vc_single_image image=&#8221;98323&#8243; alignment=&#8221;center&#8221;][vc_column_text]\u0110\u1ed9i ng\u0169 nh\u00e2n vi\u00ean c\u1ee7a ch\u00fang t\u00f4i gi\u00e0u kinh nghi\u1ec7m v\u00e0 \u0111\u01b0\u1ee3c \u0111\u00e0o t\u1ea1o k\u1ef9 c\u00e0ng v\u1ec1 chuy\u00ean m\u00f4n, cam k\u1ebft s\u1ebd gi\u00fap Qu\u00fd kh\u00e1ch h\u00e0ng h\u00e0i l\u00f2ng v\u00e0 \u0111\u1ea3m b\u1ea3o vi\u1ec7c v\u1eadn chuy\u1ec3n di\u1ec5n ra m\u1ed9t c\u00e1ch su\u00f4n s\u1ebb, k\u1ecbp th\u1eddi v\u00e0 t\u1ed1i \u01b0u \u0111\u01b0\u1ee3c m\u1ee9c chi ph\u00ed.[\/vc_column_text][\/vc_column_inner][vc_column_inner width=&#8221;1\/3&#8243;][vc_single_image image=&#8221;98325&#8243; alignment=&#8221;center&#8221;][vc_column_text]Ch\u00fang t\u00f4i lu\u00f4n s\u1eb5n s\u00e0ng l\u1eafng nghe nh\u1eefng \u00fd ki\u1ebfn v\u00e0 \u0111\u00f3ng g\u00f3p c\u1ee7a Qu\u00fd kh\u00e1ch h\u00e0ng. Qua \u0111\u00f3, Advantage s\u1ebd c\u1ed1 g\u1eafng n\u1ed7 l\u1ef1c l\u00e0m vi\u1ec7c h\u01a1n n\u1eefa nh\u1eb1m n\u00e2ng cao ch\u1ea5t l\u01b0\u1ee3ng d\u1ecbch v\u1ee5, r\u00fat ng\u1eafn th\u1eddi gian x\u1eed l\u00fd, t\u1ed1i \u01b0u gi\u00e1 c\u1ea3 \u0111\u1ec3 ph\u1ee5c v\u1ee5 qu\u00fd kh\u00e1ch h\u00e0ng m\u1ed9t c\u00e1ch t\u1ed1t nh\u1ea5t.[\/vc_column_text][\/vc_column_inner][vc_column_inner width=&#8221;1\/3&#8243;][vc_single_image image=&#8221;98327&#8243; alignment=&#8221;center&#8221;][vc_column_text]Ch\u00fang t\u00f4i cam k\u1ebft s\u1ebd cung c\u1ea5p \u0111\u1ebfn Qu\u00fd kh\u00e1ch h\u00e0ng nh\u1eefng d\u1ecbch v\u1ee5 v\u1eadn t\u1ea3i, logistics mang t\u00ednh chuy\u00ean nghi\u1ec7p, trung th\u1ef1c, tin c\u1eady, nhanh ch\u00f3ng v\u00e0 hi\u1ec7u qu\u1ea3 nh\u1ea5t.[\/vc_column_text][\/vc_column_inner][\/vc_row_inner][\/vc_column][\/vc_row]<\/p>\n","protected":false},"excerpt":{"rendered":"<p>[vc_row][vc_column width=&#8221;1\/2&#8243;][vc_images_carousel images=&#8221;98331,98333,98335&#8243; img_size=&#8221;555&#215;320&#8243; onclick=&#8221;link_no&#8221; speed=&#8221;3000&#8243; autoplay=&#8221;yes&#8221; hide_prev_next_buttons=&#8221;yes&#8221; wrap=&#8221;yes&#8221;][vc_images_carousel images=&#8221;98385,98387,98389&#8243; img_size=&#8221;555&#215;320&#8243;][vc_images_carousel images=&#8221;98343,98345,98347&#8243; img_size=&#8221;555&#215;320&#8243; onclick=&#8221;link_no&#8221; speed=&#8221;3000&#8243; autoplay=&#8221;yes&#8221; hide_prev_next_buttons=&#8221;yes&#8221; wrap=&#8221;yes&#8221;][vc_images_carousel images=&#8221;98391,98395,98393&#8243; img_size=&#8221;555&#215;320&#8243;][\/vc_column][vc_column [&hellip;]<\/p>\n","protected":false},"author":1,"featured_media":0,"parent":0,"menu_order":0,"comment_status":"closed","ping_status":"closed","template":"","meta":{"footnotes":""},"acf":[],"yoast_head":"<!-- This site is optimized with the Yoast SEO plugin v21.1 - https:\/\/yoast.com\/wordpress\/plugins\/seo\/ -->\n<title>Gi\u1edbi thi\u1ec7u - Advantage Logistics<\/title>\n<meta name=\"description\" content=\"Advantage Logistics s\u1ebd h\u1ed7 tr\u1ee3 v\u00e0 cung c\u1ea5p \u0111\u1ebfn c\u00e1c doanh nghi\u1ec7p Xu\u1ea5t Nh\u1eadp Kh\u1ea9u d\u1ecbch v\u1ee5 v\u1eadn t\u1ea3i, logistics chuy\u00ean nghi\u1ec7p v\u00e0 \u0111a d\u1ea1ng \u0111\u1ed3ng th\u1eddi ch\u00fang t\u00f4i c\u0169ng kh\u00f4ng ng\u1eebng n\u00e2ng cao ch\u1ea5t l\u01b0\u1ee3ng d\u1ecbch v\u1ee5, t\u1ed1i \u01b0u chi ph\u00ed m\u1ed9t c\u00e1ch hi\u1ec7u qu\u1ea3.\" \/>\n<meta name=\"robots\" content=\"index, follow, max-snippet:-1, max-image-preview:large, max-video-preview:-1\" \/>\n<link rel=\"canonical\" href=\"https:\/\/advantage.vn\/vi\/gioi-thieu\/\" \/>\n<meta property=\"og:locale\" content=\"vi_VN\" \/>\n<meta property=\"og:type\" content=\"article\" \/>\n<meta property=\"og:title\" content=\"Gi\u1edbi thi\u1ec7u - Advantage Logistics\" \/>\n<meta property=\"og:description\" content=\"Advantage Logistics s\u1ebd h\u1ed7 tr\u1ee3 v\u00e0 cung c\u1ea5p \u0111\u1ebfn c\u00e1c doanh nghi\u1ec7p Xu\u1ea5t Nh\u1eadp Kh\u1ea9u d\u1ecbch v\u1ee5 v\u1eadn t\u1ea3i, logistics chuy\u00ean nghi\u1ec7p v\u00e0 \u0111a d\u1ea1ng \u0111\u1ed3ng th\u1eddi ch\u00fang t\u00f4i c\u0169ng kh\u00f4ng ng\u1eebng n\u00e2ng cao ch\u1ea5t l\u01b0\u1ee3ng d\u1ecbch v\u1ee5, t\u1ed1i \u01b0u chi ph\u00ed m\u1ed9t c\u00e1ch hi\u1ec7u qu\u1ea3.\" \/>\n<meta property=\"og:url\" content=\"https:\/\/advantage.vn\/vi\/gioi-thieu\/\" \/>\n<meta property=\"og:site_name\" content=\"Advantage Logistics\" \/>\n<meta property=\"article:publisher\" content=\"https:\/\/www.facebook.com\/advantage.logistic\" \/>\n<meta property=\"article:modified_time\" content=\"2023-02-24T10:37:04+00:00\" \/>\n<meta name=\"twitter:card\" content=\"summary_large_image\" \/>\n<meta name=\"twitter:label1\" content=\"Est. reading time\" \/>\n\t<meta name=\"twitter:data1\" content=\"9 minutes\" \/>\n<script type=\"application\/ld+json\" class=\"yoast-schema-graph\">{\"@context\":\"https:\/\/schema.org\",\"@graph\":[{\"@type\":\"WebPage\",\"@id\":\"https:\/\/advantage.vn\/vi\/gioi-thieu\/\",\"url\":\"https:\/\/advantage.vn\/vi\/gioi-thieu\/\",\"name\":\"Gi\u1edbi thi\u1ec7u - Advantage Logistics\",\"isPartOf\":{\"@id\":\"https:\/\/advantage.vn\/vi\/#website\"},\"datePublished\":\"2015-06-24T00:48:05+00:00\",\"dateModified\":\"2023-02-24T10:37:04+00:00\",\"description\":\"Advantage Logistics s\u1ebd h\u1ed7 tr\u1ee3 v\u00e0 cung c\u1ea5p \u0111\u1ebfn c\u00e1c doanh nghi\u1ec7p Xu\u1ea5t Nh\u1eadp Kh\u1ea9u d\u1ecbch v\u1ee5 v\u1eadn t\u1ea3i, logistics chuy\u00ean nghi\u1ec7p v\u00e0 \u0111a d\u1ea1ng \u0111\u1ed3ng th\u1eddi ch\u00fang t\u00f4i c\u0169ng kh\u00f4ng ng\u1eebng n\u00e2ng cao ch\u1ea5t l\u01b0\u1ee3ng d\u1ecbch v\u1ee5, t\u1ed1i \u01b0u chi ph\u00ed m\u1ed9t c\u00e1ch hi\u1ec7u qu\u1ea3.\",\"breadcrumb\":{\"@id\":\"https:\/\/advantage.vn\/vi\/gioi-thieu\/#breadcrumb\"},\"inLanguage\":\"vi-VN\",\"potentialAction\":[{\"@type\":\"ReadAction\",\"target\":[\"https:\/\/advantage.vn\/vi\/gioi-thieu\/\"]}]},{\"@type\":\"BreadcrumbList\",\"@id\":\"https:\/\/advantage.vn\/vi\/gioi-thieu\/#breadcrumb\",\"itemListElement\":[{\"@type\":\"ListItem\",\"position\":1,\"name\":\"Trang ch\u1ee7\",\"item\":\"https:\/\/advantage.vn\/vi\/home-01\/\"},{\"@type\":\"ListItem\",\"position\":2,\"name\":\"Gi\u1edbi Thi\u1ec7u\"}]},{\"@type\":\"WebSite\",\"@id\":\"https:\/\/advantage.vn\/vi\/#website\",\"url\":\"https:\/\/advantage.vn\/vi\/\",\"name\":\"Advantage Logistics\",\"description\":\"[:vi]V\u1eadn t\u1ea3i, giao nh\u1eadn h\u00e0ng h\u00f3a...[:en]A leading NVOCC and logistics services provider in VN.[:]\",\"publisher\":{\"@id\":\"https:\/\/advantage.vn\/vi\/#organization\"},\"potentialAction\":[{\"@type\":\"SearchAction\",\"target\":{\"@type\":\"EntryPoint\",\"urlTemplate\":\"https:\/\/advantage.vn\/vi\/?s={search_term_string}\"},\"query-input\":\"required name=search_term_string\"}],\"inLanguage\":\"vi-VN\"},{\"@type\":\"Organization\",\"@id\":\"https:\/\/advantage.vn\/vi\/#organization\",\"name\":\"Advantage Logistics\",\"url\":\"https:\/\/advantage.vn\/vi\/\",\"logo\":{\"@type\":\"ImageObject\",\"inLanguage\":\"vi-VN\",\"@id\":\"https:\/\/advantage.vn\/vi\/#\/schema\/logo\/image\/\",\"url\":\"https:\/\/advantage.vn\/wp-content\/uploads\/2023\/09\/Untitled-1.jpg\",\"contentUrl\":\"https:\/\/advantage.vn\/wp-content\/uploads\/2023\/09\/Untitled-1.jpg\",\"width\":768,\"height\":404,\"caption\":\"Advantage Logistics\"},\"image\":{\"@id\":\"https:\/\/advantage.vn\/vi\/#\/schema\/logo\/image\/\"},\"sameAs\":[\"https:\/\/www.facebook.com\/advantage.logistic\",\"https:\/\/www.linkedin.com\/feed\/\",\"https:\/\/www.pinterest.com\/AdvantageLogistics\/\"]}]}<\/script>\n<!-- \/ Yoast SEO plugin. -->","yoast_head_json":{"title":"Gi\u1edbi thi\u1ec7u - Advantage Logistics","description":"Advantage Logistics s\u1ebd h\u1ed7 tr\u1ee3 v\u00e0 cung c\u1ea5p \u0111\u1ebfn c\u00e1c doanh nghi\u1ec7p Xu\u1ea5t Nh\u1eadp Kh\u1ea9u d\u1ecbch v\u1ee5 v\u1eadn t\u1ea3i, logistics chuy\u00ean nghi\u1ec7p v\u00e0 \u0111a d\u1ea1ng \u0111\u1ed3ng th\u1eddi ch\u00fang t\u00f4i c\u0169ng kh\u00f4ng ng\u1eebng n\u00e2ng cao ch\u1ea5t l\u01b0\u1ee3ng d\u1ecbch v\u1ee5, t\u1ed1i \u01b0u chi ph\u00ed m\u1ed9t c\u00e1ch hi\u1ec7u qu\u1ea3.","robots":{"index":"index","follow":"follow","max-snippet":"max-snippet:-1","max-image-preview":"max-image-preview:large","max-video-preview":"max-video-preview:-1"},"canonical":"https:\/\/advantage.vn\/vi\/gioi-thieu\/","og_locale":"vi_VN","og_type":"article","og_title":"Gi\u1edbi thi\u1ec7u - Advantage Logistics","og_description":"Advantage Logistics s\u1ebd h\u1ed7 tr\u1ee3 v\u00e0 cung c\u1ea5p \u0111\u1ebfn c\u00e1c doanh nghi\u1ec7p Xu\u1ea5t Nh\u1eadp Kh\u1ea9u d\u1ecbch v\u1ee5 v\u1eadn t\u1ea3i, logistics chuy\u00ean nghi\u1ec7p v\u00e0 \u0111a d\u1ea1ng \u0111\u1ed3ng th\u1eddi ch\u00fang t\u00f4i c\u0169ng kh\u00f4ng ng\u1eebng n\u00e2ng cao ch\u1ea5t l\u01b0\u1ee3ng d\u1ecbch v\u1ee5, t\u1ed1i \u01b0u chi ph\u00ed m\u1ed9t c\u00e1ch hi\u1ec7u qu\u1ea3.","og_url":"https:\/\/advantage.vn\/vi\/gioi-thieu\/","og_site_name":"Advantage Logistics","article_publisher":"https:\/\/www.facebook.com\/advantage.logistic","article_modified_time":"2023-02-24T10:37:04+00:00","twitter_card":"summary_large_image","twitter_misc":{"Est. reading time":"9 minutes"},"schema":{"@context":"https:\/\/schema.org","@graph":[{"@type":"WebPage","@id":"https:\/\/advantage.vn\/vi\/gioi-thieu\/","url":"https:\/\/advantage.vn\/vi\/gioi-thieu\/","name":"Gi\u1edbi thi\u1ec7u - Advantage Logistics","isPartOf":{"@id":"https:\/\/advantage.vn\/vi\/#website"},"datePublished":"2015-06-24T00:48:05+00:00","dateModified":"2023-02-24T10:37:04+00:00","description":"Advantage Logistics s\u1ebd h\u1ed7 tr\u1ee3 v\u00e0 cung c\u1ea5p \u0111\u1ebfn c\u00e1c doanh nghi\u1ec7p Xu\u1ea5t Nh\u1eadp Kh\u1ea9u d\u1ecbch v\u1ee5 v\u1eadn t\u1ea3i, logistics chuy\u00ean nghi\u1ec7p v\u00e0 \u0111a d\u1ea1ng \u0111\u1ed3ng th\u1eddi ch\u00fang t\u00f4i c\u0169ng kh\u00f4ng ng\u1eebng n\u00e2ng cao ch\u1ea5t l\u01b0\u1ee3ng d\u1ecbch v\u1ee5, t\u1ed1i \u01b0u chi ph\u00ed m\u1ed9t c\u00e1ch hi\u1ec7u qu\u1ea3.","breadcrumb":{"@id":"https:\/\/advantage.vn\/vi\/gioi-thieu\/#breadcrumb"},"inLanguage":"vi-VN","potentialAction":[{"@type":"ReadAction","target":["https:\/\/advantage.vn\/vi\/gioi-thieu\/"]}]},{"@type":"BreadcrumbList","@id":"https:\/\/advantage.vn\/vi\/gioi-thieu\/#breadcrumb","itemListElement":[{"@type":"ListItem","position":1,"name":"Trang ch\u1ee7","item":"https:\/\/advantage.vn\/vi\/home-01\/"},{"@type":"ListItem","position":2,"name":"Gi\u1edbi Thi\u1ec7u"}]},{"@type":"WebSite","@id":"https:\/\/advantage.vn\/vi\/#website","url":"https:\/\/advantage.vn\/vi\/","name":"Advantage Logistics","description":"[:vi]V\u1eadn t\u1ea3i, giao nh\u1eadn h\u00e0ng h\u00f3a...[:en]A leading NVOCC and logistics services provider in VN.[:]","publisher":{"@id":"https:\/\/advantage.vn\/vi\/#organization"},"potentialAction":[{"@type":"SearchAction","target":{"@type":"EntryPoint","urlTemplate":"https:\/\/advantage.vn\/vi\/?s={search_term_string}"},"query-input":"required name=search_term_string"}],"inLanguage":"vi-VN"},{"@type":"Organization","@id":"https:\/\/advantage.vn\/vi\/#organization","name":"Advantage Logistics","url":"https:\/\/advantage.vn\/vi\/","logo":{"@type":"ImageObject","inLanguage":"vi-VN","@id":"https:\/\/advantage.vn\/vi\/#\/schema\/logo\/image\/","url":"https:\/\/advantage.vn\/wp-content\/uploads\/2023\/09\/Untitled-1.jpg","contentUrl":"https:\/\/advantage.vn\/wp-content\/uploads\/2023\/09\/Untitled-1.jpg","width":768,"height":404,"caption":"Advantage Logistics"},"image":{"@id":"https:\/\/advantage.vn\/vi\/#\/schema\/logo\/image\/"},"sameAs":["https:\/\/www.facebook.com\/advantage.logistic","https:\/\/www.linkedin.com\/feed\/","https:\/\/www.pinterest.com\/AdvantageLogistics\/"]}]}},"_links":{"self":[{"href":"https:\/\/advantage.vn\/vi\/wp-json\/wp\/v2\/pages\/95217"}],"collection":[{"href":"https:\/\/advantage.vn\/vi\/wp-json\/wp\/v2\/pages"}],"about":[{"href":"https:\/\/advantage.vn\/vi\/wp-json\/wp\/v2\/types\/page"}],"author":[{"embeddable":true,"href":"https:\/\/advantage.vn\/vi\/wp-json\/wp\/v2\/users\/1"}],"replies":[{"embeddable":true,"href":"https:\/\/advantage.vn\/vi\/wp-json\/wp\/v2\/comments?post=95217"}],"version-history":[{"count":0,"href":"https:\/\/advantage.vn\/vi\/wp-json\/wp\/v2\/pages\/95217\/revisions"}],"wp:attachment":[{"href":"https:\/\/advantage.vn\/vi\/wp-json\/wp\/v2\/media?parent=95217"}],"curies":[{"name":"wp","href":"https:\/\/api.w.org\/{rel}","templated":true}]}}