{"id":95207,"date":"2015-06-24T07:38:54","date_gmt":"2015-06-24T00:38:54","guid":{"rendered":"https:\/\/advantage.vn\/our-services\/"},"modified":"2023-06-22T11:56:01","modified_gmt":"2023-06-22T04:56:01","slug":"dich-vu","status":"publish","type":"page","link":"https:\/\/advantage.vn\/vi\/dich-vu\/","title":{"rendered":"D\u1ecbch V\u1ee5"},"content":{"rendered":"<p>[vc_row el_class=&#8221;services1&#8243;][vc_column width=&#8221;1\/2&#8243;][vc_row_inner][vc_column_inner width=&#8221;1\/4&#8243;][vc_single_image image=&#8221;87974&#8243; alignment=&#8221;center&#8221;][\/vc_column_inner][vc_column_inner width=&#8221;3\/4&#8243;][vc_custom_heading text=&#8221;D\u1ecbch v\u1ee5 \u1ee7y th\u00e1c xu\u1ea5t nh\u1eadp kh\u1ea9u&#8221; font_container=&#8221;tag:h3|font_size:18|text_align:left&#8221; use_theme_fonts=&#8221;yes&#8221; link=&#8221;url:https%3A%2F%2Fadvantage.vn%2Fvi%2Fuy-thac-xuat-nhap-khau%2F|title:%5B%3Avi%5D%E1%BB%A6y%20Th%C3%A1c%20Xu%E1%BA%A5t%20Nh%E1%BA%ADp%20Kh%E1%BA%A9u%5B%3Aen%5DEntrusted%20Export-%20Import%5B%3A%5D||&#8221;][vc_custom_heading text=&#8221;Ch\u00fang t\u00f4i cung c\u1ea5p d\u1ecbch v\u1ee5 \u1ee7y th\u00e1c xu\u1ea5t nh\u1eadp kh\u1ea9u v\u00e0 c\u00f3 th\u1ec3 th\u1ef1c hi\u1ec7n t\u1ea5t c\u1ea3 c\u00e1c quy tr\u00ecnh trong xu\u1ea5t nh\u1eadp kh\u1ea9u nh\u01b0 v\u1eadn chuy\u1ec3n, k\u00ea khai ch\u1ee9ng t\u1eeb, n\u1ed9p thu\u1ebf, th\u00f4ng quan h\u00e0ng h\u00f3a\u2026&#8221; font_container=&#8221;tag:p|font_size:14|text_align:left&#8221; use_theme_fonts=&#8221;yes&#8221; el_class=&#8221;nd-gioithieu&#8221;][\/vc_column_inner][\/vc_row_inner][\/vc_column][vc_column width=&#8221;1\/2&#8243;][vc_row_inner][vc_column_inner width=&#8221;1\/4&#8243;][vc_single_image image=&#8221;87972&#8243; alignment=&#8221;center&#8221;][\/vc_column_inner][vc_column_inner width=&#8221;3\/4&#8243;][vc_custom_heading text=&#8221;D\u1ecbch v\u1ee5 th\u1ee7 t\u1ee5c h\u1ea3i quan&#8221; font_container=&#8221;tag:h3|font_size:18|text_align:left&#8221; use_theme_fonts=&#8221;yes&#8221; link=&#8221;url:%20%2Fcustoms-clearance|||&#8221;][vc_custom_heading text=&#8221;Ch\u00fang t\u00f4i cung c\u1ea5p c\u00e1c d\u1ecbch v\u1ee5 li\u00ean quan \u0111\u1ebfn th\u1ee7 t\u1ee5c h\u1ea3i quan v\u1edbi th\u1eddi gian x\u1eed l\u00fd nhanh, ch\u00ednh x\u00e1c; minh b\u1ea1ch th\u00f4ng tin: thu\u1ebf, ph\u00ed, l\u1ec7 ph\u00ed; ch\u1ee9ng t\u1eeb \u0111\u1ea7y \u0111\u1ee7, t\u1ed1i \u01b0u chi ph\u00ed cho doanh nghi\u1ec7p&#8221; font_container=&#8221;tag:p|font_size:14|text_align:left&#8221; use_theme_fonts=&#8221;yes&#8221; el_class=&#8221;nd-gioithieu&#8221;][\/vc_column_inner][\/vc_row_inner][\/vc_column][\/vc_row][vc_row el_class=&#8221;services1&#8243;][vc_column width=&#8221;1\/2&#8243;][vc_row_inner][vc_column_inner width=&#8221;1\/4&#8243;][vc_single_image image=&#8221;87973&#8243; alignment=&#8221;center&#8221;][\/vc_column_inner][vc_column_inner width=&#8221;3\/4&#8243;][vc_custom_heading text=&#8221;D\u1ecbch v\u1ee5 kho b\u00e3i&#8221; font_container=&#8221;tag:h3|font_size:18|text_align:left&#8221; use_theme_fonts=&#8221;yes&#8221; link=&#8221;url:%2Fwarehousing|||&#8221;][vc_custom_heading text=&#8221;Ch\u00fang t\u00f4i cung c\u1ea5p c\u00e1c c\u01a1 s\u1edf kho b\u00e3i v\u00e0 d\u1ecbch v\u1ee5 ph\u00e2n b\u1ed5 h\u00e0ng h\u00f3a. Th\u1ef1c hi\u1ec7n l\u01b0u tr\u1eef, \u0111\u00f3ng g\u00f3i, l\u1eadp tem nh\u00e3n, m\u00e3 v\u1ea1ch,&#8230; sau \u0111\u00f3 v\u1eadn chuy\u1ec3n tr\u1ef1c ti\u1ebfp t\u1eeb kho t\u1edbi c\u00e1c \u0111i\u1ec3m \u0111\u1ebfn \u0111\u01b0\u1ee3c y\u00eau c\u1ea7u.&#8221; font_container=&#8221;tag:p|font_size:14|text_align:left&#8221; use_theme_fonts=&#8221;yes&#8221; el_class=&#8221;nd-gioithieu&#8221;][\/vc_column_inner][\/vc_row_inner][\/vc_column][vc_column width=&#8221;1\/2&#8243;][vc_row_inner][vc_column_inner width=&#8221;1\/4&#8243;][vc_single_image image=&#8221;87970&#8243; alignment=&#8221;center&#8221;][\/vc_column_inner][vc_column_inner width=&#8221;3\/4&#8243;][vc_custom_heading text=&#8221;D\u1ecbch v\u1ee5 v\u1eadn t\u1ea3i n\u1ed9i \u0111\u1ecba v\u00e0 qu\u1ed1c t\u1ebf&#8221; font_container=&#8221;tag:h3|font_size:18|text_align:left&#8221; use_theme_fonts=&#8221;yes&#8221; link=&#8221;url:https%3A%2F%2Fadvantage.vn%2Fvi%2Fvan-tai-trong-va-ngoai-nuoc%2F|title:%5B%3Avi%5DV%E1%BA%ADn%20T%E1%BA%A3i%20Trong%20V%C3%A0%20Ngo%C3%A0i%20N%C6%B0%E1%BB%9Bc%5B%3Aen%5DDomestic%20And%20International%20Transport%5B%3A%5D||&#8221;][vc_custom_heading text=&#8221;Ch\u00fang t\u00f4i c\u00f3 th\u1ec3 v\u1eadn chuy\u1ec3n c\u00e1c lo\u1ea1i h\u00e0ng h\u00f3a b\u1eb1ng \u0111\u01b0\u1eddng bi\u1ec3n, \u0111\u01b0\u1eddng h\u00e0ng kh\u00f4ng ho\u1eb7c v\u1eadn t\u1ea3i n\u1ed9i \u0111\u1ecba, th\u00f4ng qua c\u00e1c ph\u01b0\u01a1ng th\u1ee9c FCL ho\u1eb7c LCL, Door to Door ho\u1eb7c h\u01a1n th\u1ebf n\u1eefa &#8230;&#8221; font_container=&#8221;tag:p|font_size:14|text_align:left&#8221; use_theme_fonts=&#8221;yes&#8221; el_class=&#8221;nd-gioithieu&#8221;][\/vc_column_inner][\/vc_row_inner][\/vc_column][\/vc_row]<\/p>\n","protected":false},"excerpt":{"rendered":"<p>[vc_row el_class=&#8221;services1&#8243;][vc_column width=&#8221;1\/2&#8243;][vc_row_inner][vc_column_inner width=&#8221;1\/4&#8243;][vc_single_image image=&#8221;87974&#8243; alignment=&#8221;center&#8221;][\/vc_column_inner][vc_column_inner width=&#8221;3\/4&#8243;][vc_custom_heading text=&#8221;D\u1ecbch v\u1ee5 \u1ee7y th\u00e1c xu\u1ea5t nh\u1eadp kh\u1ea9u&#8221; font_container=&#8221;tag:h3|font_size:18|text_align:left&#8221; use_theme_fonts=&#8221;yes&#8221; link=&#8221;url:https%3A%2F%2Fadvantage.vn%2Fvi%2Fuy-thac-xuat-nhap-khau%2F|title:%5B%3Avi%5D%E1%BB%A6y%20Th%C3%A1c%20Xu%E1%BA%A5t%20Nh%E1%BA%ADp%20Kh%E1%BA%A9u%5B%3Aen%5DEntrusted%20Export-%20Import%5B%3A%5D||&#8221;][vc_custom_heading text=&#8221;Ch\u00fang t\u00f4i cung [&hellip;]<\/p>\n","protected":false},"author":1,"featured_media":0,"parent":0,"menu_order":0,"comment_status":"closed","ping_status":"closed","template":"","meta":{"footnotes":""},"acf":[],"yoast_head":"<!-- This site is optimized with the Yoast SEO plugin v21.1 - https:\/\/yoast.com\/wordpress\/plugins\/seo\/ -->\n<title>D\u1ecbch V\u1ee5 - Advantage Logistics<\/title>\n<meta name=\"description\" content=\"Advantage Logistics cung c\u1ea5p c\u00e1c d\u1ecbch v\u1ee5 logistics chuy\u00ean nghi\u1ec7p nh\u01b0: V\u1eadn t\u1ea3i n\u1ed9i \u0111\u1ecba v\u00e0 qu\u1ed1c t\u1ebf (\u0111\u01b0\u1eddng bi\u1ec3n, h\u00e0ng kh\u00f4ng), H\u1ea3i quan, Kho b\u00e3i, \u1ee6y th\u00e1c XNK.\" \/>\n<meta name=\"robots\" content=\"index, follow, max-snippet:-1, max-image-preview:large, max-video-preview:-1\" \/>\n<link rel=\"canonical\" href=\"https:\/\/advantage.vn\/vi\/dich-vu\/\" \/>\n<meta property=\"og:locale\" content=\"vi_VN\" \/>\n<meta property=\"og:type\" content=\"article\" \/>\n<meta property=\"og:title\" content=\"D\u1ecbch V\u1ee5 - Advantage Logistics\" \/>\n<meta property=\"og:description\" content=\"Advantage Logistics cung c\u1ea5p c\u00e1c d\u1ecbch v\u1ee5 logistics chuy\u00ean nghi\u1ec7p nh\u01b0: V\u1eadn t\u1ea3i n\u1ed9i \u0111\u1ecba v\u00e0 qu\u1ed1c t\u1ebf (\u0111\u01b0\u1eddng bi\u1ec3n, h\u00e0ng kh\u00f4ng), H\u1ea3i quan, Kho b\u00e3i, \u1ee6y th\u00e1c XNK.\" \/>\n<meta property=\"og:url\" content=\"https:\/\/advantage.vn\/vi\/dich-vu\/\" \/>\n<meta property=\"og:site_name\" content=\"Advantage Logistics\" \/>\n<meta property=\"article:publisher\" content=\"https:\/\/www.facebook.com\/advantage.logistic\" \/>\n<meta property=\"article:modified_time\" content=\"2023-06-22T04:56:01+00:00\" \/>\n<meta name=\"twitter:card\" content=\"summary_large_image\" \/>\n<meta name=\"twitter:label1\" content=\"Est. reading time\" \/>\n\t<meta name=\"twitter:data1\" content=\"3 minutes\" \/>\n<script type=\"application\/ld+json\" class=\"yoast-schema-graph\">{\"@context\":\"https:\/\/schema.org\",\"@graph\":[{\"@type\":\"WebPage\",\"@id\":\"https:\/\/advantage.vn\/vi\/dich-vu\/\",\"url\":\"https:\/\/advantage.vn\/vi\/dich-vu\/\",\"name\":\"D\u1ecbch V\u1ee5 - Advantage Logistics\",\"isPartOf\":{\"@id\":\"https:\/\/advantage.vn\/vi\/#website\"},\"datePublished\":\"2015-06-24T00:38:54+00:00\",\"dateModified\":\"2023-06-22T04:56:01+00:00\",\"description\":\"Advantage Logistics cung c\u1ea5p c\u00e1c d\u1ecbch v\u1ee5 logistics chuy\u00ean nghi\u1ec7p nh\u01b0: V\u1eadn t\u1ea3i n\u1ed9i \u0111\u1ecba v\u00e0 qu\u1ed1c t\u1ebf (\u0111\u01b0\u1eddng bi\u1ec3n, h\u00e0ng kh\u00f4ng), H\u1ea3i quan, Kho b\u00e3i, \u1ee6y th\u00e1c XNK.\",\"breadcrumb\":{\"@id\":\"https:\/\/advantage.vn\/vi\/dich-vu\/#breadcrumb\"},\"inLanguage\":\"vi-VN\",\"potentialAction\":[{\"@type\":\"ReadAction\",\"target\":[\"https:\/\/advantage.vn\/vi\/dich-vu\/\"]}]},{\"@type\":\"BreadcrumbList\",\"@id\":\"https:\/\/advantage.vn\/vi\/dich-vu\/#breadcrumb\",\"itemListElement\":[{\"@type\":\"ListItem\",\"position\":1,\"name\":\"Trang ch\u1ee7\",\"item\":\"https:\/\/advantage.vn\/vi\/home-01\/\"},{\"@type\":\"ListItem\",\"position\":2,\"name\":\"D\u1ecbch V\u1ee5\"}]},{\"@type\":\"WebSite\",\"@id\":\"https:\/\/advantage.vn\/vi\/#website\",\"url\":\"https:\/\/advantage.vn\/vi\/\",\"name\":\"Advantage Logistics\",\"description\":\"[:vi]V\u1eadn t\u1ea3i, giao nh\u1eadn h\u00e0ng h\u00f3a...[:en]A leading NVOCC and logistics services provider in VN.[:]\",\"publisher\":{\"@id\":\"https:\/\/advantage.vn\/vi\/#organization\"},\"potentialAction\":[{\"@type\":\"SearchAction\",\"target\":{\"@type\":\"EntryPoint\",\"urlTemplate\":\"https:\/\/advantage.vn\/vi\/?s={search_term_string}\"},\"query-input\":\"required name=search_term_string\"}],\"inLanguage\":\"vi-VN\"},{\"@type\":\"Organization\",\"@id\":\"https:\/\/advantage.vn\/vi\/#organization\",\"name\":\"Advantage Logistics\",\"url\":\"https:\/\/advantage.vn\/vi\/\",\"logo\":{\"@type\":\"ImageObject\",\"inLanguage\":\"vi-VN\",\"@id\":\"https:\/\/advantage.vn\/vi\/#\/schema\/logo\/image\/\",\"url\":\"https:\/\/advantage.vn\/wp-content\/uploads\/2023\/09\/Untitled-1.jpg\",\"contentUrl\":\"https:\/\/advantage.vn\/wp-content\/uploads\/2023\/09\/Untitled-1.jpg\",\"width\":768,\"height\":404,\"caption\":\"Advantage Logistics\"},\"image\":{\"@id\":\"https:\/\/advantage.vn\/vi\/#\/schema\/logo\/image\/\"},\"sameAs\":[\"https:\/\/www.facebook.com\/advantage.logistic\",\"https:\/\/www.linkedin.com\/feed\/\",\"https:\/\/www.pinterest.com\/AdvantageLogistics\/\"]}]}<\/script>\n<!-- \/ Yoast SEO plugin. -->","yoast_head_json":{"title":"D\u1ecbch V\u1ee5 - Advantage Logistics","description":"Advantage Logistics cung c\u1ea5p c\u00e1c d\u1ecbch v\u1ee5 logistics chuy\u00ean nghi\u1ec7p nh\u01b0: V\u1eadn t\u1ea3i n\u1ed9i \u0111\u1ecba v\u00e0 qu\u1ed1c t\u1ebf (\u0111\u01b0\u1eddng bi\u1ec3n, h\u00e0ng kh\u00f4ng), H\u1ea3i quan, Kho b\u00e3i, \u1ee6y th\u00e1c XNK.","robots":{"index":"index","follow":"follow","max-snippet":"max-snippet:-1","max-image-preview":"max-image-preview:large","max-video-preview":"max-video-preview:-1"},"canonical":"https:\/\/advantage.vn\/vi\/dich-vu\/","og_locale":"vi_VN","og_type":"article","og_title":"D\u1ecbch V\u1ee5 - Advantage Logistics","og_description":"Advantage Logistics cung c\u1ea5p c\u00e1c d\u1ecbch v\u1ee5 logistics chuy\u00ean nghi\u1ec7p nh\u01b0: V\u1eadn t\u1ea3i n\u1ed9i \u0111\u1ecba v\u00e0 qu\u1ed1c t\u1ebf (\u0111\u01b0\u1eddng bi\u1ec3n, h\u00e0ng kh\u00f4ng), H\u1ea3i quan, Kho b\u00e3i, \u1ee6y th\u00e1c XNK.","og_url":"https:\/\/advantage.vn\/vi\/dich-vu\/","og_site_name":"Advantage Logistics","article_publisher":"https:\/\/www.facebook.com\/advantage.logistic","article_modified_time":"2023-06-22T04:56:01+00:00","twitter_card":"summary_large_image","twitter_misc":{"Est. reading time":"3 minutes"},"schema":{"@context":"https:\/\/schema.org","@graph":[{"@type":"WebPage","@id":"https:\/\/advantage.vn\/vi\/dich-vu\/","url":"https:\/\/advantage.vn\/vi\/dich-vu\/","name":"D\u1ecbch V\u1ee5 - Advantage Logistics","isPartOf":{"@id":"https:\/\/advantage.vn\/vi\/#website"},"datePublished":"2015-06-24T00:38:54+00:00","dateModified":"2023-06-22T04:56:01+00:00","description":"Advantage Logistics cung c\u1ea5p c\u00e1c d\u1ecbch v\u1ee5 logistics chuy\u00ean nghi\u1ec7p nh\u01b0: V\u1eadn t\u1ea3i n\u1ed9i \u0111\u1ecba v\u00e0 qu\u1ed1c t\u1ebf (\u0111\u01b0\u1eddng bi\u1ec3n, h\u00e0ng kh\u00f4ng), H\u1ea3i quan, Kho b\u00e3i, \u1ee6y th\u00e1c XNK.","breadcrumb":{"@id":"https:\/\/advantage.vn\/vi\/dich-vu\/#breadcrumb"},"inLanguage":"vi-VN","potentialAction":[{"@type":"ReadAction","target":["https:\/\/advantage.vn\/vi\/dich-vu\/"]}]},{"@type":"BreadcrumbList","@id":"https:\/\/advantage.vn\/vi\/dich-vu\/#breadcrumb","itemListElement":[{"@type":"ListItem","position":1,"name":"Trang ch\u1ee7","item":"https:\/\/advantage.vn\/vi\/home-01\/"},{"@type":"ListItem","position":2,"name":"D\u1ecbch V\u1ee5"}]},{"@type":"WebSite","@id":"https:\/\/advantage.vn\/vi\/#website","url":"https:\/\/advantage.vn\/vi\/","name":"Advantage Logistics","description":"[:vi]V\u1eadn t\u1ea3i, giao nh\u1eadn h\u00e0ng h\u00f3a...[:en]A leading NVOCC and logistics services provider in VN.[:]","publisher":{"@id":"https:\/\/advantage.vn\/vi\/#organization"},"potentialAction":[{"@type":"SearchAction","target":{"@type":"EntryPoint","urlTemplate":"https:\/\/advantage.vn\/vi\/?s={search_term_string}"},"query-input":"required name=search_term_string"}],"inLanguage":"vi-VN"},{"@type":"Organization","@id":"https:\/\/advantage.vn\/vi\/#organization","name":"Advantage Logistics","url":"https:\/\/advantage.vn\/vi\/","logo":{"@type":"ImageObject","inLanguage":"vi-VN","@id":"https:\/\/advantage.vn\/vi\/#\/schema\/logo\/image\/","url":"https:\/\/advantage.vn\/wp-content\/uploads\/2023\/09\/Untitled-1.jpg","contentUrl":"https:\/\/advantage.vn\/wp-content\/uploads\/2023\/09\/Untitled-1.jpg","width":768,"height":404,"caption":"Advantage Logistics"},"image":{"@id":"https:\/\/advantage.vn\/vi\/#\/schema\/logo\/image\/"},"sameAs":["https:\/\/www.facebook.com\/advantage.logistic","https:\/\/www.linkedin.com\/feed\/","https:\/\/www.pinterest.com\/AdvantageLogistics\/"]}]}},"_links":{"self":[{"href":"https:\/\/advantage.vn\/vi\/wp-json\/wp\/v2\/pages\/95207"}],"collection":[{"href":"https:\/\/advantage.vn\/vi\/wp-json\/wp\/v2\/pages"}],"about":[{"href":"https:\/\/advantage.vn\/vi\/wp-json\/wp\/v2\/types\/page"}],"author":[{"embeddable":true,"href":"https:\/\/advantage.vn\/vi\/wp-json\/wp\/v2\/users\/1"}],"replies":[{"embeddable":true,"href":"https:\/\/advantage.vn\/vi\/wp-json\/wp\/v2\/comments?post=95207"}],"version-history":[{"count":0,"href":"https:\/\/advantage.vn\/vi\/wp-json\/wp\/v2\/pages\/95207\/revisions"}],"wp:attachment":[{"href":"https:\/\/advantage.vn\/vi\/wp-json\/wp\/v2\/media?parent=95207"}],"curies":[{"name":"wp","href":"https:\/\/api.w.org\/{rel}","templated":true}]}}