{"id":92214,"date":"2015-06-24T07:07:19","date_gmt":"2015-06-24T00:07:19","guid":{"rendered":"https:\/\/advantage.vn\/home-01\/"},"modified":"2025-08-28T11:22:13","modified_gmt":"2025-08-28T04:22:13","slug":"home-01","status":"publish","type":"page","link":"https:\/\/advantage.vn\/vi\/","title":{"rendered":"Trang Ch\u1ee7"},"content":{"rendered":"<p>[vc_row full_width=&#8221;stretch_row_content_no_spaces&#8221; css=&#8221;.vc_custom_1435204547241{margin: 0px !important;}&#8221;][vc_column][rev_slider_vc alias=&#8221;slider-01&#8243;][\/vc_column][\/vc_row][vc_row css=&#8221;.vc_custom_1557116728209{margin-bottom: 0px !important;padding-top: 70px !important;padding-bottom: 50px !important;}&#8221; el_class=&#8221;services1 font&#8221;][vc_column css=&#8221;.vc_custom_1460365725131{padding-top: 0px !important;padding-bottom: 0px !important;}&#8221;][vc_custom_heading text=&#8221;D\u1ecaCH V\u1ee4 C\u1ee6A CH\u00daNG T\u00d4I&#8221; font_container=&#8221;tag:h2|text_align:center|color:%23111111&#8243; use_theme_fonts=&#8221;yes&#8221; el_class=&#8221;style1&#8243; css=&#8221;.vc_custom_1567672649738{margin-bottom: 60px !important;}&#8221;][\/vc_column][vc_column width=&#8221;1\/2&#8243; el_class=&#8221;nd-gioithieu&#8221;][vc_row_inner][vc_column_inner width=&#8221;1\/4&#8243;][vc_single_image image=&#8221;87970&#8243; alignment=&#8221;center&#8221;][\/vc_column_inner][vc_column_inner width=&#8221;3\/4&#8243;][vc_custom_heading text=&#8221;\u1ee6y th\u00e1c xu\u1ea5t nh\u1eadp kh\u1ea9u&#8221; font_container=&#8221;tag:h3|font_size:18|text_align:left|color:%23111111&#8243; use_theme_fonts=&#8221;yes&#8221; css=&#8221;.vc_custom_1609750012427{margin-bottom: 10px !important;padding-top: 15px !important;}&#8221; link=&#8221;url:https%3A%2F%2Fadvantage.vn%2Fvi%2Fuy-thac-xuat-nhap-khau%2F|title:%5B%3Avi%5D%E1%BB%A6y%20Th%C3%A1c%20Xu%E1%BA%A5t%20Nh%E1%BA%ADp%20Kh%E1%BA%A9u%5B%3Aen%5DEntrusted%20Export-%20Import%5B%3A%5D||&#8221;][vc_custom_heading text=&#8221;Ch\u00fang t\u00f4i cung c\u1ea5p d\u1ecbch v\u1ee5 \u1ee7y th\u00e1c xu\u1ea5t nh\u1eadp kh\u1ea9u v\u00e0 c\u00f3 th\u1ec3 th\u1ef1c hi\u1ec7n t\u1ea5t c\u1ea3 c\u00e1c quy tr\u00ecnh trong XNK nh\u01b0 v\u1eadn chuy\u1ec3n, k\u00ea khai ch\u1ee9ng t\u1eeb, n\u1ed9p thu\u1ebf, th\u00f4ng quan h\u00e0ng h\u00f3a\u2026&#8221; font_container=&#8221;tag:p|font_size:13|text_align:left|color:%23878787&#8243; use_theme_fonts=&#8221;yes&#8221; css=&#8221;.vc_custom_1586768810455{margin-bottom: 20px !important;}&#8221; el_class=&#8221;nd-gioithieu&#8221;][\/vc_column_inner][\/vc_row_inner][\/vc_column][vc_column width=&#8221;1\/2&#8243; el_class=&#8221;nd-gioithieu&#8221;][vc_row_inner][vc_column_inner width=&#8221;1\/4&#8243;][vc_single_image image=&#8221;87972&#8243; alignment=&#8221;center&#8221;][\/vc_column_inner][vc_column_inner width=&#8221;3\/4&#8243;][vc_custom_heading text=&#8221;Th\u1ee7 t\u1ee5c h\u1ea3i quan&#8221; font_container=&#8221;tag:h3|font_size:18|text_align:left|color:%23111111&#8243; use_theme_fonts=&#8221;yes&#8221; css=&#8221;.vc_custom_1687416900754{margin-bottom: 10px !important;padding-top: 15px !important;}&#8221; link=&#8221;url:https%3A%2F%2Fadvantage.vn%2Fvi%2Fdich-vu-hai-quan%2F|||&#8221;][vc_custom_heading text=&#8221;Ch\u00fang t\u00f4i cung c\u1ea5p c\u00e1c d\u1ecbch v\u1ee5 li\u00ean quan \u0111\u1ebfn th\u1ee7 t\u1ee5c h\u1ea3i quan v\u1edbi th\u1eddi gian x\u1eed l\u00fd nhanh, ch\u00ednh x\u00e1c; minh b\u1ea1ch th\u00f4ng tin: thu\u1ebf, ph\u00ed, l\u1ec7 ph\u00ed; ch\u1ee9ng t\u1eeb \u0111\u1ea7y \u0111\u1ee7 v\u00e0 t\u1ed1i \u01b0u chi ph\u00ed nh\u1ea5t.&#8221; font_container=&#8221;tag:p|font_size:13|text_align:left|color:%23878787&#8243; use_theme_fonts=&#8221;yes&#8221; css=&#8221;.vc_custom_1567651624282{margin-bottom: 20px !important;}&#8221; el_class=&#8221;nd-gioithieu&#8221;][\/vc_column_inner][\/vc_row_inner][\/vc_column][vc_column width=&#8221;1\/2&#8243; el_class=&#8221;nd-gioithieu&#8221;][vc_row_inner][vc_column_inner width=&#8221;1\/4&#8243;][vc_single_image image=&#8221;87973&#8243; alignment=&#8221;center&#8221;][\/vc_column_inner][vc_column_inner width=&#8221;3\/4&#8243;][vc_custom_heading text=&#8221;Kho b\u00e3i&#8221; font_container=&#8221;tag:h3|font_size:18|text_align:left|color:%23111111&#8243; use_theme_fonts=&#8221;yes&#8221; css=&#8221;.vc_custom_1687417265810{margin-bottom: 10px !important;padding-top: 15px !important;}&#8221; link=&#8221;url:https%3A%2F%2Fadvantage.vn%2Fvi%2Fdich-vu-kho-bai%2F|title:%5B%3Avi%5DD%E1%BB%8Bch%20V%E1%BB%A5%20Kho%20B%C3%A3i%5B%3Aen%5DWarehousing%5B%3A%5D||&#8221;][vc_custom_heading text=&#8221;Ch\u00fang t\u00f4i cung c\u1ea5p c\u00e1c c\u01a1 s\u1edf kho b\u00e3i v\u00e0 d\u1ecbch v\u1ee5 ph\u00e2n b\u1ed5 h\u00e0ng h\u00f3a. Th\u1ef1c hi\u1ec7n l\u01b0u tr\u1eef, \u0111\u00f3ng g\u00f3i, l\u1eadp tem nh\u00e3n,&#8230;sau \u0111\u00f3 v\u1eadn chuy\u1ec3n t\u1eeb kho t\u1edbi c\u00e1c \u0111i\u1ec3m \u0111\u1ebfn \u0111\u01b0\u1ee3c y\u00eau c\u1ea7u.&#8221; font_container=&#8221;tag:p|font_size:13|text_align:left|color:%23878787&#8243; use_theme_fonts=&#8221;yes&#8221; css=&#8221;.vc_custom_1567651647927{margin-bottom: 20px !important;}&#8221; el_class=&#8221;nd-gioithieu&#8221;][\/vc_column_inner][\/vc_row_inner][\/vc_column][vc_column width=&#8221;1\/2&#8243; el_class=&#8221;nd-gioithieu&#8221;][vc_row_inner][vc_column_inner width=&#8221;1\/4&#8243;][vc_single_image image=&#8221;87974&#8243; alignment=&#8221;center&#8221;][\/vc_column_inner][vc_column_inner width=&#8221;3\/4&#8243;][vc_custom_heading text=&#8221;V\u1eadn t\u1ea3i n\u1ed9i \u0111\u1ecba v\u00e0 qu\u1ed1c t\u1ebf&#8221; font_container=&#8221;tag:h3|font_size:18|text_align:left|color:%23111111&#8243; use_theme_fonts=&#8221;yes&#8221; css=&#8221;.vc_custom_1630464191707{margin-bottom: 10px !important;padding-top: 15px !important;}&#8221; link=&#8221;url:https%3A%2F%2Fadvantage.vn%2Fvi%2Fvan-tai-trong-va-ngoai-nuoc%2F|title:%5B%3Avi%5DV%E1%BA%ADn%20T%E1%BA%A3i%20Trong%20V%C3%A0%20Ngo%C3%A0i%20N%C6%B0%E1%BB%9Bc%5B%3Aen%5DDomestic%20And%20International%20Transport%5B%3A%5D||&#8221;][vc_custom_heading text=&#8221;Ch\u00fang t\u00f4i c\u00f3 th\u1ec3 v\u1eadn chuy\u1ec3n c\u00e1c lo\u1ea1i h\u00e0ng h\u00f3a b\u1eb1ng \u0111\u01b0\u1eddng bi\u1ec3n, \u0111\u01b0\u1eddng h\u00e0ng kh\u00f4ng ho\u1eb7c v\u1eadn t\u1ea3i n\u1ed9i \u0111\u1ecba, th\u00f4ng qua c\u00e1c ph\u01b0\u01a1ng th\u1ee9c FCL ho\u1eb7c LCL, Door to Door ho\u1eb7c h\u01a1n th\u1ebf n\u1eefa&#8230;&#8221; font_container=&#8221;tag:p|font_size:13|text_align:left|color:%23878787&#8243; use_theme_fonts=&#8221;yes&#8221; css=&#8221;.vc_custom_1567651673652{margin-bottom: 20px !important;}&#8221; el_class=&#8221;nd-gioithieu&#8221;][\/vc_column_inner][\/vc_row_inner][\/vc_column][\/vc_row][vc_row css=&#8221;.vc_custom_1435218007390{margin-bottom: 0px !important;padding-top: 85px !important;padding-bottom: 70px !important;}&#8221;][vc_column width=&#8221;1\/2&#8243; css=&#8221;.vc_custom_1460365784858{padding-top: 0px !important;padding-bottom: 0px !important;}&#8221;][vc_custom_heading text=&#8221;T\u1ea0I SAO CH\u1eccN CH\u00daNG T\u00d4I ?&#8221; font_container=&#8221;tag:h2|text_align:left|color:%23111111&#8243; use_theme_fonts=&#8221;yes&#8221; el_class=&#8221;style2&#8243; css=&#8221;.vc_custom_1622432888234{margin-bottom: 60px !important;}&#8221;][vc_tta_accordion color=&#8221;white&#8221; active_section=&#8221;1&#8243;][vc_tta_section title=&#8221;Ch\u00fang t\u00f4i s\u00e1ng t\u1ea1o v\u00e0 chuy\u00ean nghi\u1ec7p&#8221; tab_id=&#8221;1495004382954-84ff502f-fede1495103617708&#8243;][vc_column_text el_class=&#8221;nd-gioithieu&#8221;]<\/p>\n<p style=\"text-align: left;\">Ch\u00fang t\u00f4i lu\u00f4n c\u1ed1 g\u1eafng l\u00e0m vi\u1ec7c s\u00e1ng t\u1ea1o v\u00e0 chuy\u00ean nghi\u1ec7p nh\u1ea5t c\u00f3 th\u1ec3 \u0111\u1ec3 cung c\u1ea5p nh\u1eefng d\u1ecbch v\u1ee5 ho\u00e0n h\u1ea3o v\u00e0 \u0111\u00e1p \u1ee9ng m\u1ecdi y\u00eau c\u1ea7u c\u1ee7a Qu\u00fd Kh\u00e1ch H\u00e0ng<\/p>\n<p>[\/vc_column_text][\/vc_tta_section][vc_tta_section title=&#8221;Trung th\u1ef1c v\u00e0 \u0111\u00e1ng tin c\u1eady&#8221; tab_id=&#8221;1495004382998-5ac342cf-2a271495103617708&#8243;][vc_column_text]Ch\u00fang t\u00f4i cam k\u1ebft s\u1ebd cung c\u1ea5p d\u1ecbch v\u1ee5 v\u1eadn t\u1ea3i cho qu\u00fd kh\u00e1ch m\u1ed9t c\u00e1ch trung th\u1ef1c v\u00e0 \u0111\u00e1ng tin c\u1eady\u00a0 theo \u0111\u00fang ph\u01b0\u01a1ng ch\u00e2m l\u00e0m vi\u1ec7c c\u1ee7a ch\u00fang t\u00f4i.[\/vc_column_text][\/vc_tta_section][vc_tta_section title=&#8221;Cam k\u1ebft ch\u1ea5t l\u01b0\u1ee3ng, \u0111\u1ea3m b\u1ea3o s\u1ef1 an t\u00e2m&#8221; tab_id=&#8221;1495004646812-c959d0f5-c1131495103617708&#8243;][vc_column_text]Ch\u00fang t\u00f4i lu\u00f4n cam k\u1ebft ch\u1ea5t l\u01b0\u1ee3ng d\u1ecbch v\u1ee5 t\u1ed1t nh\u1ea5t \u0111\u1ec3 \u0111\u1ea3m b\u1ea3o s\u1ef1 h\u00e0i l\u00f2ng c\u1ee7a Qu\u00fd Kh\u00e1ch H\u00e0ng khi s\u1eed d\u1ee5ng c\u00e1c d\u1ecbch v\u1ee5 do ch\u00fang t\u00f4i cung c\u1ea5p.[\/vc_column_text][\/vc_tta_section][vc_tta_section title=&#8221;Ch\u00fang t\u00f4i lu\u00f4n c\u1ed1 g\u1eafng \u0111\u1ec3 ho\u00e0n thi\u1ec7n nh\u1ea5t&#8221; tab_id=&#8221;1495004657149-f26bf403-481b1495103617708&#8243;][vc_column_text]Ch\u00fang t\u00f4i lu\u00f4n lu\u00f4n l\u1eafng nghe nh\u1eefng ph\u1ea3n h\u1ed3i, g\u00f3p \u00fd c\u1ee7a kh\u00e1ch h\u00e0ng v\u00e0 t\u1ef1 m\u00ecnh n\u1ed7 l\u1ef1c c\u1ea3i thi\u1ec7n v\u1ec1 ch\u1ea5t l\u01b0\u1ee3ng, th\u1eddi gian c\u0169ng nh\u01b0 gi\u00e1 c\u1ea3 c\u1ee7a c\u00e1c d\u1ecbch v\u1ee5 nh\u1eb1m ph\u1ee5c v\u1ee5 t\u1ed1t h\u01a1n cho Qu\u00fd Kh\u00e1ch H\u00e0ng[\/vc_column_text][\/vc_tta_section][\/vc_tta_accordion][\/vc_column][vc_column width=&#8221;1\/2&#8243; css=&#8221;.vc_custom_1460365791013{padding-top: 0px !important;padding-bottom: 0px !important;}&#8221;][vc_custom_heading text=&#8221;TIN M\u1edaI NH\u1ea4T&#8221; font_container=&#8221;tag:h2|text_align:left|color:%23111111&#8243; use_theme_fonts=&#8221;yes&#8221; el_class=&#8221;style2&#8243; css=&#8221;.vc_custom_1557117747343{margin-bottom: 60px !important;}&#8221;][thememove_recentposts show_title=&#8221;1&#8243; show_meta=&#8221;1&#8243; number=&#8221;3&#8243;][\/vc_column][\/vc_row][vc_row full_width=&#8221;stretch_row&#8221; parallax=&#8221;content-moving&#8221; parallax_image=&#8221;74163&#8243; css=&#8221;.vc_custom_1556166506800{margin-bottom: 0px !important;padding-top: 0px !important;padding-bottom: 0px !important;}&#8221; el_class=&#8221;request none&#8221;][vc_column width=&#8221;1\/2&#8243; el_class=&#8221;none-an&#8221;][\/vc_column][\/vc_row][vc_row][vc_column][vc_custom_heading text=&#8221;TH\u00c0NH VI\u00caN C\u00c1C HI\u1ec6P H\u1ed8I&#8221; font_container=&#8221;tag:h2|text_align:left|color:%23000000&#8243; use_theme_fonts=&#8221;yes&#8221; el_class=&#8221;style1&#8243;][vc_gallery type=&#8221;nivo&#8221; interval=&#8221;3&#8243; images=&#8221;105605,105609,105611,105615,105617&#8243; img_size=&#8221;full&#8221; onclick=&#8221;img_link_large&#8221;][\/vc_column][\/vc_row][vc_row][vc_column][vc_custom_heading text=&#8221;ADVANTAGE T\u1ea0I C\u00c1C H\u1ed8I NGH\u1eca LOGISTICS QU\u1ed0C T\u1ebe&#8221; font_container=&#8221;tag:h2|text_align:left|color:%23000000&#8243; use_theme_fonts=&#8221;yes&#8221; el_class=&#8221;style1&#8243;][vc_images_carousel images=&#8221;105692,105696,105700,105702,105698,105704,105706,105708,105710,105712,105714,105716,105718,105720,105722,105724&#8243; img_size=&#8221;full&#8221; onclick=&#8221;link_no&#8221; speed=&#8221;2000&#8243; slides_per_view=&#8221;4&#8243; autoplay=&#8221;yes&#8221; hide_pagination_control=&#8221;yes&#8221; hide_prev_next_buttons=&#8221;yes&#8221; partial_view=&#8221;yes&#8221; wrap=&#8221;yes&#8221;][\/vc_column][\/vc_row][vc_row full_width=&#8221;stretch_row&#8221; parallax=&#8221;content-moving&#8221; parallax_image=&#8221;74129&#8243; css=&#8221;.vc_custom_1435252393182{margin-bottom: 0px !important;padding-top: 75px !important;padding-bottom: 75px !important;}&#8221; el_class=&#8221;testi&#8221;][vc_column css=&#8221;.vc_custom_1460365735709{padding-top: 0px !important;padding-bottom: 0px !important;}&#8221;][vc_custom_heading text=&#8221;C\u1ea2M NH\u1eacN V\u1ec0 ADVANTAGE LOGISTICS&#8221; font_container=&#8221;tag:h2|text_align:left|color:%23000000&#8243; use_theme_fonts=&#8221;yes&#8221; el_class=&#8221;style1&#8243; css=&#8221;.vc_custom_1622433001400{margin-bottom: 60px !important;}&#8221;][thememove_testi enable_carousel=&#8221;true&#8221; display_bullets=&#8221;true&#8221; enable_autoplay=&#8221;true&#8221; limit=&#8221;3&#8243; display_author=&#8221;true&#8221; display_avatar=&#8221;&#8221; size=&#8221;90&#8243;][\/vc_column][\/vc_row][vc_row css=&#8221;.vc_custom_1435204607749{margin-bottom: 0px !important;padding-top: 70px !important;padding-bottom: 70px !important;}&#8221;][vc_column css=&#8221;.vc_custom_1460365741573{padding-top: 0px !important;padding-bottom: 0px !important;}&#8221;][vc_custom_heading text=&#8221;\u0110\u1ed0I T\u00c1C TH\u00c2N THI\u1ebeT&#8221; font_container=&#8221;tag:h2|text_align:left|color:%23111111&#8243; use_theme_fonts=&#8221;yes&#8221; el_class=&#8221;style1&#8243; css=&#8221;.vc_custom_1557136991640{margin-bottom: 60px !important;}&#8221;][vc_images_carousel images=&#8221;105550,105498,105500,105502,105504,105506,105508,105510,105512,105514,105516,105518,105520,105522,105524,105526,105536,105538,105540,105542,105544,105546,105548&#8243; img_size=&#8221;large&#8221; onclick=&#8221;link_no&#8221; speed=&#8221;1000&#8243; slides_per_view=&#8221;5&#8243; autoplay=&#8221;yes&#8221; hide_pagination_control=&#8221;yes&#8221; hide_prev_next_buttons=&#8221;yes&#8221; partial_view=&#8221;yes&#8221; wrap=&#8221;yes&#8221;][\/vc_column][\/vc_row][vc_row][vc_column][vc_custom_heading text=&#8221;TRI\u1ec2N L\u00c3M QU\u1ed0C T\u1ebe NG\u00c0NH LOGISTICS VI\u1ec6T NAM (VILOG)&#8221; font_container=&#8221;tag:h2|text_align:left|color:%23000000&#8243; use_theme_fonts=&#8221;yes&#8221; el_class=&#8221;style1&#8243;][vc_gallery type=&#8221;nivo&#8221; interval=&#8221;3&#8243; images=&#8221;105836,105840,105842,105851,105865,105855,105853,105857,105859,105861,105863,105867,105869,105875,105871,105873,105879,105877,105885,105887,105889,105891&#8243; img_size=&#8221;full&#8221; onclick=&#8221;img_link_large&#8221;][\/vc_column][\/vc_row]<\/p>\n","protected":false},"excerpt":{"rendered":"<p>[vc_row full_width=&#8221;stretch_row_content_no_spaces&#8221; css=&#8221;.vc_custom_1435204547241{margin: 0px !important;}&#8221;][vc_column][rev_slider_vc alias=&#8221;slider-01&#8243;][\/vc_column][\/vc_row][vc_row css=&#8221;.vc_custom_1557116728209{margin-bottom: 0px !important;padding-top: 70px !important;padding-bottom: 50px !important;}&#8221; el_class=&#8221;services1 font&#8221;][vc_column css=&#8221;.vc_custom_1460365725131{padding-top: 0px !important;padding-bottom: 0px !important;}&#8221;][vc_custom_heading [&hellip;]<\/p>\n","protected":false},"author":1,"featured_media":100479,"parent":0,"menu_order":0,"comment_status":"open","ping_status":"open","template":"","meta":{"footnotes":""},"acf":[],"yoast_head":"<!-- This site is optimized with the Yoast SEO plugin v21.1 - https:\/\/yoast.com\/wordpress\/plugins\/seo\/ -->\n<title>[Advantage Logistics] D\u1ecbch V\u1ee5 V\u1eadn T\u1ea3i Chuy\u00ean Nghi\u1ec7p S\u1ed1 1 TP.HCM<\/title>\n<meta name=\"description\" content=\"\u2705Advantage Logistics \u2705Chuy\u00ean d\u1ecbch v\u1ee5 v\u1eadn t\u1ea3i bi\u1ec3n \u2705V\u1eadn t\u1ea3i h\u00e0ng kh\u00f4ng \u2705\u1ee6y th\u00e1c xu\u1ea5t nh\u1eadp kh\u1ea9u \u2705Th\u1ee7 t\u1ee5c h\u1ea3i quan \u2705Tr\u1ecdn g\u00f3i \u2705T\u1ed1t \u2705 Uy T\u00edn S\u1ed1 1 TP.HCM\" \/>\n<meta name=\"robots\" content=\"index, follow, max-snippet:-1, max-image-preview:large, max-video-preview:-1\" \/>\n<link rel=\"canonical\" href=\"https:\/\/advantage.vn\/vi\/\" \/>\n<meta property=\"og:locale\" content=\"vi_VN\" \/>\n<meta property=\"og:type\" content=\"article\" \/>\n<meta property=\"og:title\" content=\"[Advantage Logistics] D\u1ecbch V\u1ee5 V\u1eadn T\u1ea3i Chuy\u00ean Nghi\u1ec7p S\u1ed1 1 TP.HCM\" \/>\n<meta property=\"og:description\" content=\"\u2705Advantage Logistics \u2705Chuy\u00ean d\u1ecbch v\u1ee5 v\u1eadn t\u1ea3i bi\u1ec3n \u2705V\u1eadn t\u1ea3i h\u00e0ng kh\u00f4ng \u2705\u1ee6y th\u00e1c xu\u1ea5t nh\u1eadp kh\u1ea9u \u2705Th\u1ee7 t\u1ee5c h\u1ea3i quan \u2705Tr\u1ecdn g\u00f3i \u2705T\u1ed1t \u2705 Uy T\u00edn S\u1ed1 1 TP.HCM\" \/>\n<meta property=\"og:url\" content=\"https:\/\/advantage.vn\/vi\/\" \/>\n<meta property=\"og:site_name\" content=\"Advantage Logistics\" \/>\n<meta property=\"article:publisher\" content=\"https:\/\/www.facebook.com\/advantage.logistic\" \/>\n<meta property=\"article:modified_time\" content=\"2025-08-28T04:22:13+00:00\" \/>\n<meta property=\"og:image\" content=\"https:\/\/advantage.vn\/wp-content\/uploads\/2023\/09\/Advantage-Logistics-Logo.jpg\" \/>\n\t<meta property=\"og:image:width\" content=\"768\" \/>\n\t<meta property=\"og:image:height\" content=\"404\" \/>\n\t<meta property=\"og:image:type\" content=\"image\/jpeg\" \/>\n<meta name=\"twitter:card\" content=\"summary_large_image\" \/>\n<meta name=\"twitter:label1\" content=\"Est. reading time\" \/>\n\t<meta name=\"twitter:data1\" content=\"3 minutes\" \/>\n<script type=\"application\/ld+json\" class=\"yoast-schema-graph\">{\"@context\":\"https:\/\/schema.org\",\"@graph\":[{\"@type\":\"WebPage\",\"@id\":\"https:\/\/advantage.vn\/vi\/\",\"url\":\"https:\/\/advantage.vn\/vi\/\",\"name\":\"[Advantage Logistics] D\u1ecbch V\u1ee5 V\u1eadn T\u1ea3i Chuy\u00ean Nghi\u1ec7p S\u1ed1 1 TP.HCM\",\"isPartOf\":{\"@id\":\"https:\/\/advantage.vn\/vi\/#website\"},\"datePublished\":\"2015-06-24T00:07:19+00:00\",\"dateModified\":\"2025-08-28T04:22:13+00:00\",\"description\":\"\u2705Advantage Logistics \u2705Chuy\u00ean d\u1ecbch v\u1ee5 v\u1eadn t\u1ea3i bi\u1ec3n \u2705V\u1eadn t\u1ea3i h\u00e0ng kh\u00f4ng \u2705\u1ee6y th\u00e1c xu\u1ea5t nh\u1eadp kh\u1ea9u \u2705Th\u1ee7 t\u1ee5c h\u1ea3i quan \u2705Tr\u1ecdn g\u00f3i \u2705T\u1ed1t \u2705 Uy T\u00edn S\u1ed1 1 TP.HCM\",\"breadcrumb\":{\"@id\":\"https:\/\/advantage.vn\/vi\/#breadcrumb\"},\"inLanguage\":\"vi-VN\",\"potentialAction\":[{\"@type\":\"ReadAction\",\"target\":[\"https:\/\/advantage.vn\/vi\/\"]}]},{\"@type\":\"BreadcrumbList\",\"@id\":\"https:\/\/advantage.vn\/vi\/#breadcrumb\",\"itemListElement\":[{\"@type\":\"ListItem\",\"position\":1,\"name\":\"Trang ch\u1ee7\",\"item\":\"https:\/\/advantage.vn\/vi\/home-01\/\"},{\"@type\":\"ListItem\",\"position\":2,\"name\":\"Trang Ch\u1ee7\"}]},{\"@type\":\"WebSite\",\"@id\":\"https:\/\/advantage.vn\/vi\/#website\",\"url\":\"https:\/\/advantage.vn\/vi\/\",\"name\":\"Advantage Logistics\",\"description\":\"[:vi]V\u1eadn t\u1ea3i, giao nh\u1eadn h\u00e0ng h\u00f3a...[:en]A leading NVOCC and logistics services provider in VN.[:]\",\"publisher\":{\"@id\":\"https:\/\/advantage.vn\/vi\/#organization\"},\"potentialAction\":[{\"@type\":\"SearchAction\",\"target\":{\"@type\":\"EntryPoint\",\"urlTemplate\":\"https:\/\/advantage.vn\/vi\/?s={search_term_string}\"},\"query-input\":\"required name=search_term_string\"}],\"inLanguage\":\"vi-VN\"},{\"@type\":\"Organization\",\"@id\":\"https:\/\/advantage.vn\/vi\/#organization\",\"name\":\"Advantage Logistics\",\"url\":\"https:\/\/advantage.vn\/vi\/\",\"logo\":{\"@type\":\"ImageObject\",\"inLanguage\":\"vi-VN\",\"@id\":\"https:\/\/advantage.vn\/vi\/#\/schema\/logo\/image\/\",\"url\":\"https:\/\/advantage.vn\/wp-content\/uploads\/2023\/09\/Untitled-1.jpg\",\"contentUrl\":\"https:\/\/advantage.vn\/wp-content\/uploads\/2023\/09\/Untitled-1.jpg\",\"width\":768,\"height\":404,\"caption\":\"Advantage Logistics\"},\"image\":{\"@id\":\"https:\/\/advantage.vn\/vi\/#\/schema\/logo\/image\/\"},\"sameAs\":[\"https:\/\/www.facebook.com\/advantage.logistic\",\"https:\/\/www.linkedin.com\/feed\/\",\"https:\/\/www.pinterest.com\/AdvantageLogistics\/\"]}]}<\/script>\n<!-- \/ Yoast SEO plugin. -->","yoast_head_json":{"title":"[Advantage Logistics] D\u1ecbch V\u1ee5 V\u1eadn T\u1ea3i Chuy\u00ean Nghi\u1ec7p S\u1ed1 1 TP.HCM","description":"\u2705Advantage Logistics \u2705Chuy\u00ean d\u1ecbch v\u1ee5 v\u1eadn t\u1ea3i bi\u1ec3n \u2705V\u1eadn t\u1ea3i h\u00e0ng kh\u00f4ng \u2705\u1ee6y th\u00e1c xu\u1ea5t nh\u1eadp kh\u1ea9u \u2705Th\u1ee7 t\u1ee5c h\u1ea3i quan \u2705Tr\u1ecdn g\u00f3i \u2705T\u1ed1t \u2705 Uy T\u00edn S\u1ed1 1 TP.HCM","robots":{"index":"index","follow":"follow","max-snippet":"max-snippet:-1","max-image-preview":"max-image-preview:large","max-video-preview":"max-video-preview:-1"},"canonical":"https:\/\/advantage.vn\/vi\/","og_locale":"vi_VN","og_type":"article","og_title":"[Advantage Logistics] D\u1ecbch V\u1ee5 V\u1eadn T\u1ea3i Chuy\u00ean Nghi\u1ec7p S\u1ed1 1 TP.HCM","og_description":"\u2705Advantage Logistics \u2705Chuy\u00ean d\u1ecbch v\u1ee5 v\u1eadn t\u1ea3i bi\u1ec3n \u2705V\u1eadn t\u1ea3i h\u00e0ng kh\u00f4ng \u2705\u1ee6y th\u00e1c xu\u1ea5t nh\u1eadp kh\u1ea9u \u2705Th\u1ee7 t\u1ee5c h\u1ea3i quan \u2705Tr\u1ecdn g\u00f3i \u2705T\u1ed1t \u2705 Uy T\u00edn S\u1ed1 1 TP.HCM","og_url":"https:\/\/advantage.vn\/vi\/","og_site_name":"Advantage Logistics","article_publisher":"https:\/\/www.facebook.com\/advantage.logistic","article_modified_time":"2025-08-28T04:22:13+00:00","og_image":[{"width":768,"height":404,"url":"https:\/\/advantage.vn\/wp-content\/uploads\/2023\/09\/Advantage-Logistics-Logo.jpg","type":"image\/jpeg"}],"twitter_card":"summary_large_image","twitter_misc":{"Est. reading time":"3 minutes"},"schema":{"@context":"https:\/\/schema.org","@graph":[{"@type":"WebPage","@id":"https:\/\/advantage.vn\/vi\/","url":"https:\/\/advantage.vn\/vi\/","name":"[Advantage Logistics] D\u1ecbch V\u1ee5 V\u1eadn T\u1ea3i Chuy\u00ean Nghi\u1ec7p S\u1ed1 1 TP.HCM","isPartOf":{"@id":"https:\/\/advantage.vn\/vi\/#website"},"datePublished":"2015-06-24T00:07:19+00:00","dateModified":"2025-08-28T04:22:13+00:00","description":"\u2705Advantage Logistics \u2705Chuy\u00ean d\u1ecbch v\u1ee5 v\u1eadn t\u1ea3i bi\u1ec3n \u2705V\u1eadn t\u1ea3i h\u00e0ng kh\u00f4ng \u2705\u1ee6y th\u00e1c xu\u1ea5t nh\u1eadp kh\u1ea9u \u2705Th\u1ee7 t\u1ee5c h\u1ea3i quan \u2705Tr\u1ecdn g\u00f3i \u2705T\u1ed1t \u2705 Uy T\u00edn S\u1ed1 1 TP.HCM","breadcrumb":{"@id":"https:\/\/advantage.vn\/vi\/#breadcrumb"},"inLanguage":"vi-VN","potentialAction":[{"@type":"ReadAction","target":["https:\/\/advantage.vn\/vi\/"]}]},{"@type":"BreadcrumbList","@id":"https:\/\/advantage.vn\/vi\/#breadcrumb","itemListElement":[{"@type":"ListItem","position":1,"name":"Trang ch\u1ee7","item":"https:\/\/advantage.vn\/vi\/home-01\/"},{"@type":"ListItem","position":2,"name":"Trang Ch\u1ee7"}]},{"@type":"WebSite","@id":"https:\/\/advantage.vn\/vi\/#website","url":"https:\/\/advantage.vn\/vi\/","name":"Advantage Logistics","description":"[:vi]V\u1eadn t\u1ea3i, giao nh\u1eadn h\u00e0ng h\u00f3a...[:en]A leading NVOCC and logistics services provider in VN.[:]","publisher":{"@id":"https:\/\/advantage.vn\/vi\/#organization"},"potentialAction":[{"@type":"SearchAction","target":{"@type":"EntryPoint","urlTemplate":"https:\/\/advantage.vn\/vi\/?s={search_term_string}"},"query-input":"required name=search_term_string"}],"inLanguage":"vi-VN"},{"@type":"Organization","@id":"https:\/\/advantage.vn\/vi\/#organization","name":"Advantage Logistics","url":"https:\/\/advantage.vn\/vi\/","logo":{"@type":"ImageObject","inLanguage":"vi-VN","@id":"https:\/\/advantage.vn\/vi\/#\/schema\/logo\/image\/","url":"https:\/\/advantage.vn\/wp-content\/uploads\/2023\/09\/Untitled-1.jpg","contentUrl":"https:\/\/advantage.vn\/wp-content\/uploads\/2023\/09\/Untitled-1.jpg","width":768,"height":404,"caption":"Advantage Logistics"},"image":{"@id":"https:\/\/advantage.vn\/vi\/#\/schema\/logo\/image\/"},"sameAs":["https:\/\/www.facebook.com\/advantage.logistic","https:\/\/www.linkedin.com\/feed\/","https:\/\/www.pinterest.com\/AdvantageLogistics\/"]}]}},"_links":{"self":[{"href":"https:\/\/advantage.vn\/vi\/wp-json\/wp\/v2\/pages\/92214"}],"collection":[{"href":"https:\/\/advantage.vn\/vi\/wp-json\/wp\/v2\/pages"}],"about":[{"href":"https:\/\/advantage.vn\/vi\/wp-json\/wp\/v2\/types\/page"}],"author":[{"embeddable":true,"href":"https:\/\/advantage.vn\/vi\/wp-json\/wp\/v2\/users\/1"}],"replies":[{"embeddable":true,"href":"https:\/\/advantage.vn\/vi\/wp-json\/wp\/v2\/comments?post=92214"}],"version-history":[{"count":34,"href":"https:\/\/advantage.vn\/vi\/wp-json\/wp\/v2\/pages\/92214\/revisions"}],"predecessor-version":[{"id":105900,"href":"https:\/\/advantage.vn\/vi\/wp-json\/wp\/v2\/pages\/92214\/revisions\/105900"}],"wp:featuredmedia":[{"embeddable":true,"href":"https:\/\/advantage.vn\/vi\/wp-json\/wp\/v2\/media\/100479"}],"wp:attachment":[{"href":"https:\/\/advantage.vn\/vi\/wp-json\/wp\/v2\/media?parent=92214"}],"curies":[{"name":"wp","href":"https:\/\/api.w.org\/{rel}","templated":true}]}}