{"id":74944,"date":"2019-04-17T02:35:05","date_gmt":"2019-04-17T02:35:05","guid":{"rendered":"http:\/\/hocthietkwebchuan08.xyz\/?page_id=74944"},"modified":"2022-08-17T11:40:21","modified_gmt":"2022-08-17T04:40:21","slug":"air-freight","status":"publish","type":"page","link":"https:\/\/advantage.vn\/en\/air-freight\/","title":{"rendered":"Air Freight"},"content":{"rendered":"<p>Today&#8217;s global clients demand the fastest, most cost-effective global distribution services with the highest standards of quality, safety and shortest possible lead times. Our air freight division draws on its proven performance and experience as an air freight forwarder. We utilize a global network to develop and ensure a full understanding of your needs, offering innovative logistics solutions that help you leverage international business opportunities.<\/p>\n<p><img decoding=\"async\" loading=\"lazy\" class=\"aligncenter wp-image-75491 size-full\" src=\"https:\/\/advantage.vn\/wp-content\/uploads\/2019\/08\/Van-tai-hang-khong.png\" alt=\"\" width=\"800\" height=\"500\" \/><\/p>\n<p>Dealing with multiple Airlines can distract you from your core business. To consistently meet your freight deadlines you need a global air freight provider serving major business centers worldwide. With many years of experience and competitively-priced solutions, we offer a single source to manage your air freight.<\/p>\n<ul>\n<li>A variety of services<\/li>\n<li>Shipping and supplier systems<\/li>\n<li>Worldwide Agent Network<\/li>\n<li>Experienced, professional and effective staff<\/li>\n<\/ul>\n","protected":false},"excerpt":{"rendered":"<p>Today&#8217;s global clients demand the fastest, most cost-effective global distribution services with the highest standards of quality, safety and shortest [&hellip;]<\/p>\n","protected":false},"author":1,"featured_media":75363,"parent":0,"menu_order":0,"comment_status":"closed","ping_status":"closed","template":"","meta":{"footnotes":""},"acf":[],"yoast_head":"<!-- This site is optimized with the Yoast SEO plugin v21.1 - https:\/\/yoast.com\/wordpress\/plugins\/seo\/ -->\n<title>V\u1eadn T\u1ea3i H\u00e0ng Kh\u00f4ng | D\u1ecbch V\u1ee5 V\u1eadn Chuy\u1ec3n H\u00e0ng Qu\u1ed1c T\u1ebf An To\u00e0n Uy T\u00edn<\/title>\n<meta name=\"description\" content=\"V\u1edbi nhi\u1ec1u n\u0103m kinh nghi\u1ec7m v\u00e0 c\u00e1c gi\u1ea3i ph\u00e1p c\u00f3 gi\u00e1 c\u1ea3 c\u1ea1nh tranh, Advantage Logistics l\u00e0 \u0111\u01a1n v\u1ecb v\u1eadn t\u1ea3i h\u00e0ng kh\u00f4ng \u0111\u00e1ng tin c\u1eady c\u1ee7a b\u1ea1n.\" \/>\n<meta name=\"robots\" content=\"index, follow, max-snippet:-1, max-image-preview:large, max-video-preview:-1\" \/>\n<link rel=\"canonical\" href=\"https:\/\/advantage.vn\/en\/air-freight\/\" \/>\n<meta property=\"og:locale\" content=\"en_US\" \/>\n<meta property=\"og:type\" content=\"article\" \/>\n<meta property=\"og:title\" content=\"V\u1eadn T\u1ea3i H\u00e0ng Kh\u00f4ng | D\u1ecbch V\u1ee5 V\u1eadn Chuy\u1ec3n H\u00e0ng Qu\u1ed1c T\u1ebf An To\u00e0n Uy T\u00edn\" \/>\n<meta property=\"og:description\" content=\"V\u1edbi nhi\u1ec1u n\u0103m kinh nghi\u1ec7m v\u00e0 c\u00e1c gi\u1ea3i ph\u00e1p c\u00f3 gi\u00e1 c\u1ea3 c\u1ea1nh tranh, Advantage Logistics l\u00e0 \u0111\u01a1n v\u1ecb v\u1eadn t\u1ea3i h\u00e0ng kh\u00f4ng \u0111\u00e1ng tin c\u1eady c\u1ee7a b\u1ea1n.\" \/>\n<meta property=\"og:url\" content=\"https:\/\/advantage.vn\/en\/air-freight\/\" \/>\n<meta property=\"og:site_name\" content=\"Advantage Logistics\" \/>\n<meta property=\"article:publisher\" content=\"https:\/\/www.facebook.com\/advantage.logistic\" \/>\n<meta property=\"article:modified_time\" content=\"2022-08-17T04:40:21+00:00\" \/>\n<meta property=\"og:image\" content=\"https:\/\/advantage.vn\/wp-content\/uploads\/2019\/06\/5.png\" \/>\n\t<meta property=\"og:image:width\" content=\"800\" \/>\n\t<meta property=\"og:image:height\" content=\"500\" \/>\n\t<meta property=\"og:image:type\" content=\"image\/png\" \/>\n<meta name=\"twitter:card\" content=\"summary_large_image\" \/>\n<meta name=\"twitter:label1\" content=\"Est. reading time\" \/>\n\t<meta name=\"twitter:data1\" content=\"1 minute\" \/>\n<script type=\"application\/ld+json\" class=\"yoast-schema-graph\">{\"@context\":\"https:\/\/schema.org\",\"@graph\":[{\"@type\":\"WebPage\",\"@id\":\"https:\/\/advantage.vn\/en\/air-freight\/\",\"url\":\"https:\/\/advantage.vn\/en\/air-freight\/\",\"name\":\"V\u1eadn T\u1ea3i H\u00e0ng Kh\u00f4ng | D\u1ecbch V\u1ee5 V\u1eadn Chuy\u1ec3n H\u00e0ng Qu\u1ed1c T\u1ebf An To\u00e0n Uy T\u00edn\",\"isPartOf\":{\"@id\":\"https:\/\/advantage.vn\/en\/#website\"},\"datePublished\":\"2019-04-17T02:35:05+00:00\",\"dateModified\":\"2022-08-17T04:40:21+00:00\",\"description\":\"V\u1edbi nhi\u1ec1u n\u0103m kinh nghi\u1ec7m v\u00e0 c\u00e1c gi\u1ea3i ph\u00e1p c\u00f3 gi\u00e1 c\u1ea3 c\u1ea1nh tranh, Advantage Logistics l\u00e0 \u0111\u01a1n v\u1ecb v\u1eadn t\u1ea3i h\u00e0ng kh\u00f4ng \u0111\u00e1ng tin c\u1eady c\u1ee7a b\u1ea1n.\",\"breadcrumb\":{\"@id\":\"https:\/\/advantage.vn\/en\/air-freight\/#breadcrumb\"},\"inLanguage\":\"en-US\",\"potentialAction\":[{\"@type\":\"ReadAction\",\"target\":[\"https:\/\/advantage.vn\/en\/air-freight\/\"]}]},{\"@type\":\"BreadcrumbList\",\"@id\":\"https:\/\/advantage.vn\/en\/air-freight\/#breadcrumb\",\"itemListElement\":[{\"@type\":\"ListItem\",\"position\":1,\"name\":\"Trang ch\u1ee7\",\"item\":\"https:\/\/advantage.vn\/en\/\"},{\"@type\":\"ListItem\",\"position\":2,\"name\":\"Air Freight\"}]},{\"@type\":\"WebSite\",\"@id\":\"https:\/\/advantage.vn\/en\/#website\",\"url\":\"https:\/\/advantage.vn\/en\/\",\"name\":\"Advantage Logistics\",\"description\":\"[:vi]V\u1eadn t\u1ea3i, giao nh\u1eadn h\u00e0ng h\u00f3a...[:en]A leading NVOCC and logistics services provider in VN.[:]\",\"publisher\":{\"@id\":\"https:\/\/advantage.vn\/en\/#organization\"},\"potentialAction\":[{\"@type\":\"SearchAction\",\"target\":{\"@type\":\"EntryPoint\",\"urlTemplate\":\"https:\/\/advantage.vn\/en\/?s={search_term_string}\"},\"query-input\":\"required name=search_term_string\"}],\"inLanguage\":\"en-US\"},{\"@type\":\"Organization\",\"@id\":\"https:\/\/advantage.vn\/en\/#organization\",\"name\":\"Advantage Logistics\",\"url\":\"https:\/\/advantage.vn\/en\/\",\"logo\":{\"@type\":\"ImageObject\",\"inLanguage\":\"en-US\",\"@id\":\"https:\/\/advantage.vn\/en\/#\/schema\/logo\/image\/\",\"url\":\"https:\/\/advantage.vn\/wp-content\/uploads\/2023\/09\/Untitled-1.jpg\",\"contentUrl\":\"https:\/\/advantage.vn\/wp-content\/uploads\/2023\/09\/Untitled-1.jpg\",\"width\":768,\"height\":404,\"caption\":\"Advantage Logistics\"},\"image\":{\"@id\":\"https:\/\/advantage.vn\/en\/#\/schema\/logo\/image\/\"},\"sameAs\":[\"https:\/\/www.facebook.com\/advantage.logistic\",\"https:\/\/www.linkedin.com\/feed\/\",\"https:\/\/www.pinterest.com\/AdvantageLogistics\/\"]}]}<\/script>\n<!-- \/ Yoast SEO plugin. -->","yoast_head_json":{"title":"V\u1eadn T\u1ea3i H\u00e0ng Kh\u00f4ng | D\u1ecbch V\u1ee5 V\u1eadn Chuy\u1ec3n H\u00e0ng Qu\u1ed1c T\u1ebf An To\u00e0n Uy T\u00edn","description":"V\u1edbi nhi\u1ec1u n\u0103m kinh nghi\u1ec7m v\u00e0 c\u00e1c gi\u1ea3i ph\u00e1p c\u00f3 gi\u00e1 c\u1ea3 c\u1ea1nh tranh, Advantage Logistics l\u00e0 \u0111\u01a1n v\u1ecb v\u1eadn t\u1ea3i h\u00e0ng kh\u00f4ng \u0111\u00e1ng tin c\u1eady c\u1ee7a b\u1ea1n.","robots":{"index":"index","follow":"follow","max-snippet":"max-snippet:-1","max-image-preview":"max-image-preview:large","max-video-preview":"max-video-preview:-1"},"canonical":"https:\/\/advantage.vn\/en\/air-freight\/","og_locale":"en_US","og_type":"article","og_title":"V\u1eadn T\u1ea3i H\u00e0ng Kh\u00f4ng | D\u1ecbch V\u1ee5 V\u1eadn Chuy\u1ec3n H\u00e0ng Qu\u1ed1c T\u1ebf An To\u00e0n Uy T\u00edn","og_description":"V\u1edbi nhi\u1ec1u n\u0103m kinh nghi\u1ec7m v\u00e0 c\u00e1c gi\u1ea3i ph\u00e1p c\u00f3 gi\u00e1 c\u1ea3 c\u1ea1nh tranh, Advantage Logistics l\u00e0 \u0111\u01a1n v\u1ecb v\u1eadn t\u1ea3i h\u00e0ng kh\u00f4ng \u0111\u00e1ng tin c\u1eady c\u1ee7a b\u1ea1n.","og_url":"https:\/\/advantage.vn\/en\/air-freight\/","og_site_name":"Advantage Logistics","article_publisher":"https:\/\/www.facebook.com\/advantage.logistic","article_modified_time":"2022-08-17T04:40:21+00:00","og_image":[{"width":800,"height":500,"url":"https:\/\/advantage.vn\/wp-content\/uploads\/2019\/06\/5.png","type":"image\/png"}],"twitter_card":"summary_large_image","twitter_misc":{"Est. reading time":"1 minute"},"schema":{"@context":"https:\/\/schema.org","@graph":[{"@type":"WebPage","@id":"https:\/\/advantage.vn\/en\/air-freight\/","url":"https:\/\/advantage.vn\/en\/air-freight\/","name":"V\u1eadn T\u1ea3i H\u00e0ng Kh\u00f4ng | D\u1ecbch V\u1ee5 V\u1eadn Chuy\u1ec3n H\u00e0ng Qu\u1ed1c T\u1ebf An To\u00e0n Uy T\u00edn","isPartOf":{"@id":"https:\/\/advantage.vn\/en\/#website"},"datePublished":"2019-04-17T02:35:05+00:00","dateModified":"2022-08-17T04:40:21+00:00","description":"V\u1edbi nhi\u1ec1u n\u0103m kinh nghi\u1ec7m v\u00e0 c\u00e1c gi\u1ea3i ph\u00e1p c\u00f3 gi\u00e1 c\u1ea3 c\u1ea1nh tranh, Advantage Logistics l\u00e0 \u0111\u01a1n v\u1ecb v\u1eadn t\u1ea3i h\u00e0ng kh\u00f4ng \u0111\u00e1ng tin c\u1eady c\u1ee7a b\u1ea1n.","breadcrumb":{"@id":"https:\/\/advantage.vn\/en\/air-freight\/#breadcrumb"},"inLanguage":"en-US","potentialAction":[{"@type":"ReadAction","target":["https:\/\/advantage.vn\/en\/air-freight\/"]}]},{"@type":"BreadcrumbList","@id":"https:\/\/advantage.vn\/en\/air-freight\/#breadcrumb","itemListElement":[{"@type":"ListItem","position":1,"name":"Trang ch\u1ee7","item":"https:\/\/advantage.vn\/en\/"},{"@type":"ListItem","position":2,"name":"Air Freight"}]},{"@type":"WebSite","@id":"https:\/\/advantage.vn\/en\/#website","url":"https:\/\/advantage.vn\/en\/","name":"Advantage Logistics","description":"[:vi]V\u1eadn t\u1ea3i, giao nh\u1eadn h\u00e0ng h\u00f3a...[:en]A leading NVOCC and logistics services provider in VN.[:]","publisher":{"@id":"https:\/\/advantage.vn\/en\/#organization"},"potentialAction":[{"@type":"SearchAction","target":{"@type":"EntryPoint","urlTemplate":"https:\/\/advantage.vn\/en\/?s={search_term_string}"},"query-input":"required name=search_term_string"}],"inLanguage":"en-US"},{"@type":"Organization","@id":"https:\/\/advantage.vn\/en\/#organization","name":"Advantage Logistics","url":"https:\/\/advantage.vn\/en\/","logo":{"@type":"ImageObject","inLanguage":"en-US","@id":"https:\/\/advantage.vn\/en\/#\/schema\/logo\/image\/","url":"https:\/\/advantage.vn\/wp-content\/uploads\/2023\/09\/Untitled-1.jpg","contentUrl":"https:\/\/advantage.vn\/wp-content\/uploads\/2023\/09\/Untitled-1.jpg","width":768,"height":404,"caption":"Advantage Logistics"},"image":{"@id":"https:\/\/advantage.vn\/en\/#\/schema\/logo\/image\/"},"sameAs":["https:\/\/www.facebook.com\/advantage.logistic","https:\/\/www.linkedin.com\/feed\/","https:\/\/www.pinterest.com\/AdvantageLogistics\/"]}]}},"_links":{"self":[{"href":"https:\/\/advantage.vn\/en\/wp-json\/wp\/v2\/pages\/74944"}],"collection":[{"href":"https:\/\/advantage.vn\/en\/wp-json\/wp\/v2\/pages"}],"about":[{"href":"https:\/\/advantage.vn\/en\/wp-json\/wp\/v2\/types\/page"}],"author":[{"embeddable":true,"href":"https:\/\/advantage.vn\/en\/wp-json\/wp\/v2\/users\/1"}],"replies":[{"embeddable":true,"href":"https:\/\/advantage.vn\/en\/wp-json\/wp\/v2\/comments?post=74944"}],"version-history":[{"count":0,"href":"https:\/\/advantage.vn\/en\/wp-json\/wp\/v2\/pages\/74944\/revisions"}],"wp:featuredmedia":[{"embeddable":true,"href":"https:\/\/advantage.vn\/en\/wp-json\/wp\/v2\/media\/75363"}],"wp:attachment":[{"href":"https:\/\/advantage.vn\/en\/wp-json\/wp\/v2\/media?parent=74944"}],"curies":[{"name":"wp","href":"https:\/\/api.w.org\/{rel}","templated":true}]}}