{"id":19,"date":"2015-06-24T07:48:05","date_gmt":"2015-06-24T07:48:05","guid":{"rendered":"http:\/\/vnh.local\/transport\/?page_id=19"},"modified":"2025-09-15T09:10:18","modified_gmt":"2025-09-15T02:10:18","slug":"about-us","status":"publish","type":"page","link":"https:\/\/advantage.vn\/en\/about-us\/","title":{"rendered":"About Us"},"content":{"rendered":"<p>[vc_row][vc_column width=&#8221;1\/2&#8243;][vc_images_carousel images=&#8221;98558,98560,98562&#8243; img_size=&#8221;555&#215;320&#8243; onclick=&#8221;link_no&#8221; speed=&#8221;3000&#8243; autoplay=&#8221;yes&#8221; hide_prev_next_buttons=&#8221;yes&#8221; wrap=&#8221;yes&#8221;][vc_images_carousel images=&#8221;98564,98566,98568&#8243; img_size=&#8221;555&#215;320&#8243; onclick=&#8221;link_no&#8221; speed=&#8221;3000&#8243; autoplay=&#8221;yes&#8221; hide_prev_next_buttons=&#8221;yes&#8221; wrap=&#8221;yes&#8221;][vc_images_carousel images=&#8221;98570,98572,98574&#8243; img_size=&#8221;555&#215;320&#8243;][vc_images_carousel images=&#8221;98576,98578,98580&#8243; img_size=&#8221;555&#215;320&#8243;][\/vc_column][vc_column width=&#8221;1\/2&#8243; el_class=&#8221;gioithieu-text&#8221;][vc_custom_heading text=&#8221;ABOUT ADVANTAGE LOGISTICS&#8221; font_container=&#8221;tag:h2|font_size:24|text_align:left|color:%23111111&#8243; use_theme_fonts=&#8221;yes&#8221; el_class=&#8221;style3&#8243; css=&#8221;.vc_custom_1567676824510{margin-bottom: 40px !important;}&#8221;][vc_column_text el_class=&#8221;gray&#8221;]Advantage Logistics is proud to be a reliable and reputable enterprise in the field of freight forwarding. Currently, we are providing Customers and Partners with the main services including <span style=\"color: #0000ff;\"><a style=\"color: #0000ff;\" href=\"https:\/\/advantage.vn\/entrusted-export-import\/\">Entrusted Export &#8211; Import<\/a><\/span>, <span style=\"color: #0000ff;\"><a style=\"color: #0000ff;\" href=\"https:\/\/advantage.vn\/domestic-and-foreign-transport\/\">Domestic and International Transport<\/a><\/span> (sea, air, road, and inland), <span style=\"color: #0000ff;\"><a style=\"color: #0000ff;\" href=\"https:\/\/advantage.vn\/customs-clearance\/\">Customs Clearance<\/a><\/span>, and <span style=\"color: #0000ff;\"><a style=\"color: #0000ff;\" href=\"https:\/\/advantage.vn\/warehousing\/\">Warehousing<\/a><\/span> (cold storage, and container refrigerated storage).<\/p>\n<p>Since its establishment, under the leadership of the Board of Directors with many years of experience in the freight forwarding industry, especially sea transportation, along with a very dynamic, dedicated and enthusiastic employees, Advantage Logistics has quickly developed its strengths and continuously achieved high annual growth results in terms of both size, market operation and service quality.<\/p>\n<p>Advantage Logistics operates with the motto that is human-centered. We always respect humanity, live kindly and behave humanely.<\/p>\n<p>For CUSTOMERS, Advantage will make an effort to consult and provide services in the most cost-effective and time-optimized way. We always consider customers as friends and relatives. Additionally, we also provide customers a lot of international business opportunities as well as a great deal useful information such as seminars, forums, export-import markets, etc<\/p>\n<p>For EMPLOYEES, Advantage Logistics wish them to always feel happy and satisfied so that they can meet the needs of CUSTOMERS in the most comfortable sense of mind with sincere feelings, and also let them have motivation to engage with the company longer and longer.<\/p>\n<p>Advantage Logistics also takes care of its PARTNERS and SHAREHOLDERS. On holidays and Tet yearly, we has frequently gratitude gifts and emotional handwritten letters sent to them. Reminding ourselves that giving is getting back, so we always share everything that we know and have to the COMMUNITY in the both online and offline life.<\/p>\n<p>Currently, Advantage Logistics owns two large communities on facebook, namely <span style=\"color: #0000ff;\"><a style=\"color: #0000ff;\" href=\"https:\/\/www.facebook.com\/groups\/NgheXuatNhapKhauLogistics\">Ngh\u1ec1 Xu\u1ea5t Nh\u1eadp Kh\u1ea9u &#8211; Logistics<\/a><\/span> and <span style=\"color: #0000ff;\"><a style=\"color: #0000ff;\" href=\"https:\/\/www.facebook.com\/groups\/ketnoigiaothuongxuatnhapkhau\">K\u1ebft N\u1ed1i Giao Th\u01b0\u01a1ng Xu\u1ea5t Nh\u1eadp Kh\u1ea9u<\/a><\/span>. Advantage Logistics also regularly participates in social and volunteer activities, and accompanies by serious Logistics clubs at universities in Ho Chi Minh City.<\/p>\n<p>At the present time, Advantage Logistics is a member of five global logistics networks organizations such as <span style=\"color: #0000ff;\"><a style=\"color: #0000ff;\" href=\"https:\/\/www.blinglogisticsnetwork.com\/\">BLING<\/a><\/span>, <span style=\"color: #0000ff;\"><a style=\"color: #0000ff;\" href=\"https:\/\/www.facebook.com\/Worldbln\/\">WORLD BLN<\/a><\/span>, <span style=\"color: #0000ff;\"><a style=\"color: #0000ff;\" href=\"https:\/\/www.aonworld.net\/\">AON WORLD<\/a><span style=\"color: #000000;\">, <a style=\"color: #0000ff;\" href=\"https:\/\/fdxlogisticsnetwork.com\/\">FDX,<\/a><\/span><\/span>\u00a0<span style=\"color: #0000ff;\"><a style=\"color: #0000ff;\" href=\"https:\/\/www.cargoconnections.net\/\">CARGO CONNECTIONS<\/a><\/span>\u00a0and belongs to two domestic associations such as Vietnam Logistics Service Enterprise Association (<span style=\"color: #0000ff;\"><a style=\"color: #0000ff;\" href=\"https:\/\/www.vla.com.vn\/\">VLA<\/a><\/span>) and Ho Chi Minh Logistics Association (<span style=\"color: #0000ff;\"><a style=\"color: #0000ff;\" href=\"https:\/\/hla-hcm.vn\/\">HLA<\/a><\/span>).<\/p>\n<p>We operate with the optimal goal of bringing value and benefits to both CUSTOMERS, EMPLOYEES, PARTNERS, SHAREHOLDERS and COMMUNITY.<\/p>\n<p>Therefore, with available advantages like a worldwide agent network, good relations with shipping lines and transport partners, proficiency in processes, policies and procedures of numerous commodities, knowledgeable and responsible employees, when working with Advantage Logistics, Import-export enterprises will save a lot of manpower, costs and limit risks in the process of goods circulation.[\/vc_column_text][\/vc_column][\/vc_row][vc_row css=&#8221;.vc_custom_1460434214418{margin-top: 30px !important;margin-right: 0px !important;margin-bottom: 30px !important;margin-left: 0px !important;border-top-width: 1px !important;padding-top: 30px !important;padding-bottom: 50px !important;background-color: #eeeeee !important;border-top-color: #dddddd !important;border-top-style: solid !important;}&#8221; el_class=&#8221;quote2&#8243;][vc_column css=&#8221;.vc_custom_1460434003445{padding-top: 0px !important;padding-bottom: 0px !important;}&#8221;][vc_custom_heading text=&#8221;Advantage Logistics always tries to bring good values to customers, company personnel, partners, shareholders and the whole community. We hope to soon become a reliable, reputable and professional logistics service provider in Vietnam.&#8221; font_container=&#8221;tag:h3|font_size:15|text_align:center|color:%23666666|line_height:1&#8243; use_theme_fonts=&#8221;yes&#8221; css=&#8221;.vc_custom_1630080854710{padding-left: 100px !important;}&#8221; el_class=&#8221;about-us&#8221;][\/vc_column][\/vc_row][vc_row][vc_column][vc_custom_heading text=&#8221;MISSION&#8221; font_container=&#8221;tag:h2|font_size:24|text_align:left|color:%23111111&#8243; use_theme_fonts=&#8221;yes&#8221; el_class=&#8221;style3&#8243; css=&#8221;.vc_custom_1567677371286{margin-bottom: 40px !important;}&#8221;][vc_row_inner][vc_column_inner width=&#8221;1\/3&#8243;][vc_single_image image=&#8221;98315&#8243; alignment=&#8221;center&#8221;][vc_column_text]Advantage Logistics we always try our best to create a professional, dynamic, prestigious and friendly working environment.[\/vc_column_text][\/vc_column_inner][vc_column_inner width=&#8221;1\/3&#8243;][vc_single_image image=&#8221;98320&#8243; alignment=&#8221;center&#8221;][vc_column_text]We are responsible for providing our customers and partners with the safest and most optimal transportation, forwarding and warehousing solutions. Thereby contributing to creating more values \u200b\u200bfor customers and partners, helping Advantage Logistics to be known more and more people and develop even more.[\/vc_column_text][\/vc_column_inner][vc_column_inner width=&#8221;1\/3&#8243;][vc_single_image image=&#8221;98322&#8243; alignment=&#8221;center&#8221;][vc_column_text]For us, customers are special objects that need to be served with great care in order to meet the individualized needs of each customer.[\/vc_column_text][\/vc_column_inner][\/vc_row_inner][\/vc_column][\/vc_row][vc_row][vc_column][vc_custom_heading text=&#8221;STAFF&#8221; font_container=&#8221;tag:h2|font_size:24|text_align:left|color:%23111111&#8243; use_theme_fonts=&#8221;yes&#8221; el_class=&#8221;style3&#8243; css=&#8221;.vc_custom_1567678073227{margin-bottom: 40px !important;}&#8221;][vc_row_inner][vc_column_inner width=&#8221;1\/3&#8243;][vc_single_image image=&#8221;98324&#8243; alignment=&#8221;center&#8221;][vc_column_text]Our staff is experienced and well-trained in expertise, committed to helping customers be satisfied and ensuring the transportation takes place smoothly, timely and optimally.[\/vc_column_text][\/vc_column_inner][vc_column_inner width=&#8221;1\/3&#8243;][vc_single_image image=&#8221;98326&#8243; alignment=&#8221;center&#8221;][vc_column_text]We are always ready to listen to your comments and suggestions. Thereby, Advantage will try to work harder to improve service quality, shorten processing time, optimize prices to serve customers in the best way.[\/vc_column_text][\/vc_column_inner][vc_column_inner width=&#8221;1\/3&#8243;][vc_single_image image=&#8221;98328&#8243; alignment=&#8221;center&#8221;][vc_column_text]We are committed to providing our customers with the most professional, honest, reliable, fast and efficient transportation and logistics services.[\/vc_column_text][\/vc_column_inner][\/vc_row_inner][\/vc_column][\/vc_row]<\/p>\n","protected":false},"excerpt":{"rendered":"<p>[vc_row][vc_column width=&#8221;1\/2&#8243;][vc_images_carousel images=&#8221;98558,98560,98562&#8243; img_size=&#8221;555&#215;320&#8243; onclick=&#8221;link_no&#8221; speed=&#8221;3000&#8243; autoplay=&#8221;yes&#8221; hide_prev_next_buttons=&#8221;yes&#8221; wrap=&#8221;yes&#8221;][vc_images_carousel images=&#8221;98564,98566,98568&#8243; img_size=&#8221;555&#215;320&#8243; onclick=&#8221;link_no&#8221; speed=&#8221;3000&#8243; autoplay=&#8221;yes&#8221; hide_prev_next_buttons=&#8221;yes&#8221; wrap=&#8221;yes&#8221;][vc_images_carousel images=&#8221;98570,98572,98574&#8243; img_size=&#8221;555&#215;320&#8243;][vc_images_carousel images=&#8221;98576,98578,98580&#8243; img_size=&#8221;555&#215;320&#8243;][\/vc_column][vc_column [&hellip;]<\/p>\n","protected":false},"author":1,"featured_media":0,"parent":0,"menu_order":0,"comment_status":"closed","ping_status":"closed","template":"","meta":{"footnotes":""},"acf":[],"yoast_head":"<!-- This site is optimized with the Yoast SEO plugin v21.1 - https:\/\/yoast.com\/wordpress\/plugins\/seo\/ -->\n<title>Gi\u1edbi thi\u1ec7u - Advantage Logistics<\/title>\n<meta name=\"description\" content=\"Advantage Logistics s\u1ebd lu\u00f4n \u0111\u1ed3ng h\u00e0nh c\u00f9ng Qu\u00fd kh\u00e1ch h\u00e0ng v\u00e0 \u0110\u1ed1i t\u00e1c \u0111\u1ec3 ph\u00e1t tri\u1ec3n c\u00e1c d\u1ecbch v\u1ee5 v\u1eadn t\u1ea3i, logistics chuy\u00ean nghi\u1ec7p v\u00e0 \u0111a d\u1ea1ng \u0111\u1ed3ng th\u1eddi c\u0169ng kh\u00f4ng ng\u1eebng n\u00e2ng cao ch\u1ea5t l\u01b0\u1ee3ng d\u1ecbch v\u1ee5, ki\u1ec3m so\u00e1t chi ph\u00ed m\u1ed9t c\u00e1ch h\u1ee3p l\u00fd v\u00e0 hi\u1ec7u qu\u1ea3.\" \/>\n<meta name=\"robots\" content=\"index, follow, max-snippet:-1, max-image-preview:large, max-video-preview:-1\" \/>\n<link rel=\"canonical\" href=\"https:\/\/advantage.vn\/en\/about-us\/\" \/>\n<meta property=\"og:locale\" content=\"en_US\" \/>\n<meta property=\"og:type\" content=\"article\" \/>\n<meta property=\"og:title\" content=\"Gi\u1edbi thi\u1ec7u - Advantage Logistics\" \/>\n<meta property=\"og:description\" content=\"Advantage Logistics s\u1ebd lu\u00f4n \u0111\u1ed3ng h\u00e0nh c\u00f9ng Qu\u00fd kh\u00e1ch h\u00e0ng v\u00e0 \u0110\u1ed1i t\u00e1c \u0111\u1ec3 ph\u00e1t tri\u1ec3n c\u00e1c d\u1ecbch v\u1ee5 v\u1eadn t\u1ea3i, logistics chuy\u00ean nghi\u1ec7p v\u00e0 \u0111a d\u1ea1ng \u0111\u1ed3ng th\u1eddi c\u0169ng kh\u00f4ng ng\u1eebng n\u00e2ng cao ch\u1ea5t l\u01b0\u1ee3ng d\u1ecbch v\u1ee5, ki\u1ec3m so\u00e1t chi ph\u00ed m\u1ed9t c\u00e1ch h\u1ee3p l\u00fd v\u00e0 hi\u1ec7u qu\u1ea3.\" \/>\n<meta property=\"og:url\" content=\"https:\/\/advantage.vn\/en\/about-us\/\" \/>\n<meta property=\"og:site_name\" content=\"Advantage Logistics\" \/>\n<meta property=\"article:publisher\" content=\"https:\/\/www.facebook.com\/advantage.logistic\" \/>\n<meta property=\"article:modified_time\" content=\"2025-09-15T02:10:18+00:00\" \/>\n<meta name=\"twitter:card\" content=\"summary_large_image\" \/>\n<meta name=\"twitter:label1\" content=\"Est. reading time\" \/>\n\t<meta name=\"twitter:data1\" content=\"5 minutes\" \/>\n<script type=\"application\/ld+json\" class=\"yoast-schema-graph\">{\"@context\":\"https:\/\/schema.org\",\"@graph\":[{\"@type\":\"WebPage\",\"@id\":\"https:\/\/advantage.vn\/en\/about-us\/\",\"url\":\"https:\/\/advantage.vn\/en\/about-us\/\",\"name\":\"Gi\u1edbi thi\u1ec7u - Advantage Logistics\",\"isPartOf\":{\"@id\":\"https:\/\/advantage.vn\/en\/#website\"},\"datePublished\":\"2015-06-24T07:48:05+00:00\",\"dateModified\":\"2025-09-15T02:10:18+00:00\",\"description\":\"Advantage Logistics s\u1ebd lu\u00f4n \u0111\u1ed3ng h\u00e0nh c\u00f9ng Qu\u00fd kh\u00e1ch h\u00e0ng v\u00e0 \u0110\u1ed1i t\u00e1c \u0111\u1ec3 ph\u00e1t tri\u1ec3n c\u00e1c d\u1ecbch v\u1ee5 v\u1eadn t\u1ea3i, logistics chuy\u00ean nghi\u1ec7p v\u00e0 \u0111a d\u1ea1ng \u0111\u1ed3ng th\u1eddi c\u0169ng kh\u00f4ng ng\u1eebng n\u00e2ng cao ch\u1ea5t l\u01b0\u1ee3ng d\u1ecbch v\u1ee5, ki\u1ec3m so\u00e1t chi ph\u00ed m\u1ed9t c\u00e1ch h\u1ee3p l\u00fd v\u00e0 hi\u1ec7u qu\u1ea3.\",\"breadcrumb\":{\"@id\":\"https:\/\/advantage.vn\/en\/about-us\/#breadcrumb\"},\"inLanguage\":\"en-US\",\"potentialAction\":[{\"@type\":\"ReadAction\",\"target\":[\"https:\/\/advantage.vn\/en\/about-us\/\"]}]},{\"@type\":\"BreadcrumbList\",\"@id\":\"https:\/\/advantage.vn\/en\/about-us\/#breadcrumb\",\"itemListElement\":[{\"@type\":\"ListItem\",\"position\":1,\"name\":\"Trang ch\u1ee7\",\"item\":\"https:\/\/advantage.vn\/en\/\"},{\"@type\":\"ListItem\",\"position\":2,\"name\":\"About Us\"}]},{\"@type\":\"WebSite\",\"@id\":\"https:\/\/advantage.vn\/en\/#website\",\"url\":\"https:\/\/advantage.vn\/en\/\",\"name\":\"Advantage Logistics\",\"description\":\"[:vi]V\u1eadn t\u1ea3i, giao nh\u1eadn h\u00e0ng h\u00f3a...[:en]A leading NVOCC and logistics services provider in VN.[:]\",\"publisher\":{\"@id\":\"https:\/\/advantage.vn\/en\/#organization\"},\"potentialAction\":[{\"@type\":\"SearchAction\",\"target\":{\"@type\":\"EntryPoint\",\"urlTemplate\":\"https:\/\/advantage.vn\/en\/?s={search_term_string}\"},\"query-input\":\"required name=search_term_string\"}],\"inLanguage\":\"en-US\"},{\"@type\":\"Organization\",\"@id\":\"https:\/\/advantage.vn\/en\/#organization\",\"name\":\"Advantage Logistics\",\"url\":\"https:\/\/advantage.vn\/en\/\",\"logo\":{\"@type\":\"ImageObject\",\"inLanguage\":\"en-US\",\"@id\":\"https:\/\/advantage.vn\/en\/#\/schema\/logo\/image\/\",\"url\":\"https:\/\/advantage.vn\/wp-content\/uploads\/2023\/09\/Untitled-1.jpg\",\"contentUrl\":\"https:\/\/advantage.vn\/wp-content\/uploads\/2023\/09\/Untitled-1.jpg\",\"width\":768,\"height\":404,\"caption\":\"Advantage Logistics\"},\"image\":{\"@id\":\"https:\/\/advantage.vn\/en\/#\/schema\/logo\/image\/\"},\"sameAs\":[\"https:\/\/www.facebook.com\/advantage.logistic\",\"https:\/\/www.linkedin.com\/feed\/\",\"https:\/\/www.pinterest.com\/AdvantageLogistics\/\"]}]}<\/script>\n<!-- \/ Yoast SEO plugin. -->","yoast_head_json":{"title":"Gi\u1edbi thi\u1ec7u - Advantage Logistics","description":"Advantage Logistics s\u1ebd lu\u00f4n \u0111\u1ed3ng h\u00e0nh c\u00f9ng Qu\u00fd kh\u00e1ch h\u00e0ng v\u00e0 \u0110\u1ed1i t\u00e1c \u0111\u1ec3 ph\u00e1t tri\u1ec3n c\u00e1c d\u1ecbch v\u1ee5 v\u1eadn t\u1ea3i, logistics chuy\u00ean nghi\u1ec7p v\u00e0 \u0111a d\u1ea1ng \u0111\u1ed3ng th\u1eddi c\u0169ng kh\u00f4ng ng\u1eebng n\u00e2ng cao ch\u1ea5t l\u01b0\u1ee3ng d\u1ecbch v\u1ee5, ki\u1ec3m so\u00e1t chi ph\u00ed m\u1ed9t c\u00e1ch h\u1ee3p l\u00fd v\u00e0 hi\u1ec7u qu\u1ea3.","robots":{"index":"index","follow":"follow","max-snippet":"max-snippet:-1","max-image-preview":"max-image-preview:large","max-video-preview":"max-video-preview:-1"},"canonical":"https:\/\/advantage.vn\/en\/about-us\/","og_locale":"en_US","og_type":"article","og_title":"Gi\u1edbi thi\u1ec7u - Advantage Logistics","og_description":"Advantage Logistics s\u1ebd lu\u00f4n \u0111\u1ed3ng h\u00e0nh c\u00f9ng Qu\u00fd kh\u00e1ch h\u00e0ng v\u00e0 \u0110\u1ed1i t\u00e1c \u0111\u1ec3 ph\u00e1t tri\u1ec3n c\u00e1c d\u1ecbch v\u1ee5 v\u1eadn t\u1ea3i, logistics chuy\u00ean nghi\u1ec7p v\u00e0 \u0111a d\u1ea1ng \u0111\u1ed3ng th\u1eddi c\u0169ng kh\u00f4ng ng\u1eebng n\u00e2ng cao ch\u1ea5t l\u01b0\u1ee3ng d\u1ecbch v\u1ee5, ki\u1ec3m so\u00e1t chi ph\u00ed m\u1ed9t c\u00e1ch h\u1ee3p l\u00fd v\u00e0 hi\u1ec7u qu\u1ea3.","og_url":"https:\/\/advantage.vn\/en\/about-us\/","og_site_name":"Advantage Logistics","article_publisher":"https:\/\/www.facebook.com\/advantage.logistic","article_modified_time":"2025-09-15T02:10:18+00:00","twitter_card":"summary_large_image","twitter_misc":{"Est. reading time":"5 minutes"},"schema":{"@context":"https:\/\/schema.org","@graph":[{"@type":"WebPage","@id":"https:\/\/advantage.vn\/en\/about-us\/","url":"https:\/\/advantage.vn\/en\/about-us\/","name":"Gi\u1edbi thi\u1ec7u - Advantage Logistics","isPartOf":{"@id":"https:\/\/advantage.vn\/en\/#website"},"datePublished":"2015-06-24T07:48:05+00:00","dateModified":"2025-09-15T02:10:18+00:00","description":"Advantage Logistics s\u1ebd lu\u00f4n \u0111\u1ed3ng h\u00e0nh c\u00f9ng Qu\u00fd kh\u00e1ch h\u00e0ng v\u00e0 \u0110\u1ed1i t\u00e1c \u0111\u1ec3 ph\u00e1t tri\u1ec3n c\u00e1c d\u1ecbch v\u1ee5 v\u1eadn t\u1ea3i, logistics chuy\u00ean nghi\u1ec7p v\u00e0 \u0111a d\u1ea1ng \u0111\u1ed3ng th\u1eddi c\u0169ng kh\u00f4ng ng\u1eebng n\u00e2ng cao ch\u1ea5t l\u01b0\u1ee3ng d\u1ecbch v\u1ee5, ki\u1ec3m so\u00e1t chi ph\u00ed m\u1ed9t c\u00e1ch h\u1ee3p l\u00fd v\u00e0 hi\u1ec7u qu\u1ea3.","breadcrumb":{"@id":"https:\/\/advantage.vn\/en\/about-us\/#breadcrumb"},"inLanguage":"en-US","potentialAction":[{"@type":"ReadAction","target":["https:\/\/advantage.vn\/en\/about-us\/"]}]},{"@type":"BreadcrumbList","@id":"https:\/\/advantage.vn\/en\/about-us\/#breadcrumb","itemListElement":[{"@type":"ListItem","position":1,"name":"Trang ch\u1ee7","item":"https:\/\/advantage.vn\/en\/"},{"@type":"ListItem","position":2,"name":"About Us"}]},{"@type":"WebSite","@id":"https:\/\/advantage.vn\/en\/#website","url":"https:\/\/advantage.vn\/en\/","name":"Advantage Logistics","description":"[:vi]V\u1eadn t\u1ea3i, giao nh\u1eadn h\u00e0ng h\u00f3a...[:en]A leading NVOCC and logistics services provider in VN.[:]","publisher":{"@id":"https:\/\/advantage.vn\/en\/#organization"},"potentialAction":[{"@type":"SearchAction","target":{"@type":"EntryPoint","urlTemplate":"https:\/\/advantage.vn\/en\/?s={search_term_string}"},"query-input":"required name=search_term_string"}],"inLanguage":"en-US"},{"@type":"Organization","@id":"https:\/\/advantage.vn\/en\/#organization","name":"Advantage Logistics","url":"https:\/\/advantage.vn\/en\/","logo":{"@type":"ImageObject","inLanguage":"en-US","@id":"https:\/\/advantage.vn\/en\/#\/schema\/logo\/image\/","url":"https:\/\/advantage.vn\/wp-content\/uploads\/2023\/09\/Untitled-1.jpg","contentUrl":"https:\/\/advantage.vn\/wp-content\/uploads\/2023\/09\/Untitled-1.jpg","width":768,"height":404,"caption":"Advantage Logistics"},"image":{"@id":"https:\/\/advantage.vn\/en\/#\/schema\/logo\/image\/"},"sameAs":["https:\/\/www.facebook.com\/advantage.logistic","https:\/\/www.linkedin.com\/feed\/","https:\/\/www.pinterest.com\/AdvantageLogistics\/"]}]}},"_links":{"self":[{"href":"https:\/\/advantage.vn\/en\/wp-json\/wp\/v2\/pages\/19"}],"collection":[{"href":"https:\/\/advantage.vn\/en\/wp-json\/wp\/v2\/pages"}],"about":[{"href":"https:\/\/advantage.vn\/en\/wp-json\/wp\/v2\/types\/page"}],"author":[{"embeddable":true,"href":"https:\/\/advantage.vn\/en\/wp-json\/wp\/v2\/users\/1"}],"replies":[{"embeddable":true,"href":"https:\/\/advantage.vn\/en\/wp-json\/wp\/v2\/comments?post=19"}],"version-history":[{"count":1,"href":"https:\/\/advantage.vn\/en\/wp-json\/wp\/v2\/pages\/19\/revisions"}],"predecessor-version":[{"id":105958,"href":"https:\/\/advantage.vn\/en\/wp-json\/wp\/v2\/pages\/19\/revisions\/105958"}],"wp:attachment":[{"href":"https:\/\/advantage.vn\/en\/wp-json\/wp\/v2\/media?parent=19"}],"curies":[{"name":"wp","href":"https:\/\/api.w.org\/{rel}","templated":true}]}}